{"id":4626,"date":"2022-11-14T14:27:28","date_gmt":"2022-11-14T13:27:28","guid":{"rendered":"https:\/\/antcube.shop\/produkt\/bundle-offer-starter-set-kork-camponotus-nicobarensis-cricket-jam\/"},"modified":"2026-04-07T17:20:16","modified_gmt":"2026-04-07T15:20:16","slug":"bundle-offer-starter-set-kork-camponotus-nicobarensis-cricket-jam","status":"publish","type":"product","link":"https:\/\/antcube.shop\/es\/producto\/bundle-offer-starter-set-kork-camponotus-nicobarensis-cricket-jam\/","title":{"rendered":"Oferta Paquete - Camponotus nicobarensis"},"content":{"rendered":"<p><span data-text-color=\"secondary\"><strong>Oferta combinada con una colonia de hormigas Camponotus nicobarensis (reina + 5-10 obreras + cr\u00edas), un kit de inicio de corcho, 2 almohadillas para formicario, un paquete de recambio de mezcla de melaza de 10 ml y un tarro de nuestra mermelada especial de grillos de 25 g (prote\u00edna h\u00fameda).<\/strong><\/span><\/p>\n<p><span data-text-color=\"alert\"><strong>S\u00f3lo hasta fin de existencias.<\/strong><\/span><\/p>\n<p><strong>Todo lo que necesita para una colonia de hormigas Camponotus nicobarensis<\/strong><br \/>\nEste paquete contiene todo lo que necesita para llevar con \u00e9xito una colonia de Camponotus nicobarensis durante sus primeros meses. Es ampliable de forma flexible y adecuado expl\u00edcitamente para principiantes en la cr\u00eda de hormigas.<\/p>\n<p><strong>Especie de hormiga Camponotus nicobarensis<\/strong><br \/>\nCamponotus nicobarensis es una especie relativamente grande del g\u00e9nero Camponotus y, a diferencia de otras especies de Camponotus, se desarrolla con bastante rapidez. Por lo tanto, es muy adecuada para los principiantes en la cr\u00eda de hormigas. Adem\u00e1s, no necesita hibernar, por lo que puede observarse f\u00e1cilmente en casa en invierno. En estado salvaje, vive en los semidesiertos y estepas del sudeste asi\u00e1tico, entre otros lugares, pero tambi\u00e9n en regiones m\u00e1s h\u00famedas. Debido a su gran \u00e1rea de distribuci\u00f3n, es tolerante a la temperatura y la humedad.<\/p>\n<p><strong>Alimentos para Camponotus nicobarensis<\/strong><br \/>\nCamponotus nicobarensis se alimenta de agua miel y peque\u00f1os insectos vivos o muertos, pero tambi\u00e9n acepta f\u00e1cilmente frutas. Nuestro alimento sustitutivo de las prote\u00ednas tambi\u00e9n puede darse como alternativa a los insectos. Sin embargo, las prote\u00ednas \"frescas\" como nuestra Mermelada de Grillo son mejores para el desarrollo de la colonia. Tambi\u00e9n debe proporcionarse agua fresca.<\/p>\n<p><strong>Formicarium para Camponotus nicobarensis<\/strong><br \/>\nCamponotus nicobarensis se cr\u00eda mejor en nuestros Starter Sets L con nido de corcho. Estos animales viven en libertad, normalmente en madera podrida, pero no les importa utilizar cualquier tipo de cavidad natural para construir su nido. Nuestros insertos de corcho para nidos son los m\u00e1s adecuados para su mantenimiento en un formicario debido a su similitud con la madera podrida.<\/p>\n<p><strong>Contenido:<\/strong><br \/>\n1x Camponotus nicobarensis (reina + 5-10 obreras + cr\u00eda)<\/p>\n<div>1x Mermelada de Grillo 25g<\/div>\n<div>1x Honeydew Mix (HT) - recambio 10ml<\/div>\n<div>1x Formicarium base - 20x20cm<\/div>\n<div>1x Formicarium base - 20x6cm<\/div>\n<div><\/div>\n<div>1x ANTCUBE - Arena 20x20x10 - plano<\/div>\n<div>1x marco de hormigueros 20\u00d720<\/div>\n<div>1x cubierta de hormigueros 20\u00d720<\/div>\n<div>4x puntos de fijaci\u00f3n para la cubierta de la arena<\/div>\n<div>1x ANTCUBO - Hormiguero - L - 20\u00d720 - vertical<\/div>\n<div><\/div>\n<div>1x ANTCUBO - nido de corcho 20\u00d720 - vertical<\/div>\n<div>1x 0,5m manguera transparente 20\/16 mm<\/div>\n<div>1x ANTCUBE - L\u00e1mina roja 20\u00d720 - filtro<\/div>\n<div>1x clips adhesivos - transparente 2 uds.<\/div>\n<div>1x sustrato - arena-arcilla beige - 1000g<\/div>\n<div><\/div>\n<div>2x Grid insert acrylic &#8211; 50 mm with sealing ring<\/div>\n<div>1x Grid insert acrylic &#8211; 27 mm with sealing ring<\/div>\n<div>1x Tapa de rejilla - 16mm - acero inoxidable<\/div>\n<div><\/div>\n<div>1x conector de manguera de dep\u00f3sito 27-14,16,20 mm - transparente<\/div>\n<div>1x Foil thermometer &#8211; farm<\/div>\n<div>1x Foil thermometer Display<\/div>\n<div>1x drinking clear 5ml &#8211; sponge<\/div>\n<div>1x Feeding dish white rectangle &#8211; 3 compartments<\/div>\n<div>1x Drinking trough 2ml &#8211; 360 Degrees<\/div>\n<div>1x Aceite antihormigas 10ml<\/div>\n<div>1x Pinzas de acero para muelles - anchas - suaves<\/div>\n<div>1x Pinzas de pl\u00e1stico transparente<\/div>\n<div>1x pipeta de pl\u00e1stico de 3ml<\/div>\n<div>1x lupa de mano - 2x - 30mm<\/div>\n<div>1x limpiador de espuma 150x18x2,5mm<\/div>\n<p><strong>Descripci\u00f3n Set de inicio:<\/strong><br \/>\nEste set de iniciaci\u00f3n de corcho, con pasillos y c\u00e1maras prefabricados, es adecuado para varias especies de hormigas, especialmente para las especies que anidan en madera (muerta).<\/p>\n<p>El \"ANTCUBE - Nido de corcho\" puede introducirse en la granja totalmente transparente. Como alternativa, tambi\u00e9n puede utilizar el sustrato \"Arena-arcilla beige\" para rellenar la granja o para cerrar algunas de las c\u00e1maras del nido de corcho. Si es necesario, se pueden conectar m\u00f3dulos adicionales a trav\u00e9s de los orificios de 50 mm de la cubierta, por ejemplo, los nebulizadores, ventiladores o luces disponibles por separado. Alternativamente, en el volumen de suministro se incluyen insertos de rejilla adecuados y tapones de formicario para cerrar las aberturas. Si se desea, el formicarium tambi\u00e9n puede funcionar abierto, simplemente colocando el marco desmontable en la parte superior y aplicando aceite protector antihormigas en el borde.<\/p>\n<p><strong>Es importante:<\/strong> Humedezca el sustrato antes de utilizarlo para que la mezcla se adhiera y se fije firmemente en el hormiguero. Adem\u00e1s, si el sustrato est\u00e1 demasiado seco y polvoriento, las v\u00edas respiratorias de las hormigas pueden bloquearse y, en el peor de los casos, los animales pueden asfixiarse.<\/p>\n<p><strong>Recomendaci\u00f3n:<\/strong> Recomendamos una capa de sustrato de 2 mm de altura para que los animales no puedan escarbar en la arena y, en su lugar, utilicen la granja prevista para ello.<\/p>\n<p><strong>Notas sobre la producci\u00f3n de vidrio<\/strong><br \/>\nEl cristal se corta a medida seg\u00fan la norma DIN 1249 con una tolerancia de +\/- 1 mm. Para las especies de hormigas extremadamente peque\u00f1as es imprescindible una protecci\u00f3n adicional contra la rotura.<\/p>\n<p><strong>Notas sobre la granja<\/strong><br \/>\nEl nido s\u00f3lo debe utilizarse en un formicario seco. Si el nido se mantiene permanentemente h\u00famedo, el material puede enmohecerse.<\/p>\n<p><strong>Al colocar o retirar las mangueras, tenga en cuenta lo siguiente:<\/strong><br \/>\nSi resulta muy dif\u00edcil encajar el tubo en la toma de conexi\u00f3n, se debe frotar ligeramente la toma con una gota de nuestro aceite o polvo antiexplosiones. A continuaci\u00f3n, la manguera debe introducirse en la toma con movimientos de torsi\u00f3n o enroscado sin forzar la toma con movimientos hacia arriba y hacia abajo. Lo mismo se aplica al retirar las mangueras de la toma de conexi\u00f3n de la granja. No tire sin m\u00e1s.<\/p>\n<p><strong>Instrucciones: <\/strong>(Versi\u00f3n 2023, la versi\u00f3n actualizada para 2024 estar\u00e1 disponible a m\u00e1s tardar el 04\/2024)<br \/>\n<span data-sheets-root=\"1\" data-sheets-value=\"{&quot;1&quot;:2,&quot;2&quot;:&quot;DE Gebrauchsanweisung Starter Set Kork (PDF 3,80 MB)&quot;}\" data-sheets-userformat=\"{&quot;2&quot;:513,&quot;3&quot;:{&quot;1&quot;:0},&quot;12&quot;:0}\" data-sheets-hyperlink=\"https:\/\/www.antstore.net\/shop\/images\/info\/de\/Gebrauchsanweisung Starter Set Kork.pdf\" data-sheets-hyperlinkruns=\"{&quot;1&quot;:3,&quot;2&quot;:&quot;https:\/\/www.antstore.net\/shop\/images\/info\/de\/Gebrauchsanweisung Starter Set Kork.pdf&quot;}\uee10{&quot;1&quot;:38}\"><a class=\"in-cell-link\" href=\"https:\/\/www.antstore.net\/shop\/images\/info\/de\/Gebrauchsanweisung Starter Set Kork.pdf\" target=\"_blank\" rel=\"noopener\">- DE <\/a><a class=\"in-cell-link\" href=\"https:\/\/www.antstore.net\/shop\/images\/info\/de\/Gebrauchsanweisung Starter Set Kork.pdf\" target=\"_blank\" rel=\"noopener\">Gebrauchsanweisung Starter Set Kork<\/a><a class=\"in-cell-link\" href=\"https:\/\/www.antstore.net\/shop\/images\/info\/de\/Gebrauchsanweisung Starter Set Kork.pdf\" target=\"_blank\" rel=\"noopener\"> (PDF 3,80 MB)<\/a><\/span><br \/>\n<a href=\"https:\/\/www.antstore.net\/shop\/images\/info\/en\/Instructions%20for%20use%20-%20Starter%20Set%20Cork.pdf\">- ES Instrucciones de uso - Starter Set Cork (PDF 3,79 MB)<\/a><br \/>\n<a href=\"https:\/\/www.antstore.net\/shop\/images\/info\/es\/Manual%20de%20instrucciones%20-%20Set%20de%20inicio%20de%20corcho.pdf\">- ES Manual de instrucciones - Set de inicio de corcho (PDF 3,79 MB)<\/a><br \/>\n<a href=\"https:\/\/www.antstore.net\/shop\/images\/info\/fr\/Manuel%20d'instruction%20-%20Kit%20de%20d%C3%A9marrage%20en%20li%C3%A8ge.pdf\">- FR Manuel d'instruction - Kit de d\u00e9marrage en li\u00e8ge (PDF 3,79 MB)<\/a><\/p>\n<p><strong>Notas sobre el atasco de grillos:<\/strong><br \/>\nNuestros grillos escaldados son una forma f\u00e1cil de proporcionar a sus hormigas alimento proteico reci\u00e9n conservado sin tener que alimentarlas con insectos vivos. Los grillos contenidos (Acheta domesticus) se han escaldado suavemente para garantizar que se conserven los valores nutricionales, el sabor y el aroma. Adem\u00e1s, el caparaz\u00f3n quitinoso de los insectos se ablanda de este modo para que pueda digerirse m\u00e1s f\u00e1cilmente. Los enlaces de las prote\u00ednas de col\u00e1geno se rompen para que las hormigas puedan utilizarlas mejor. El Acheta domesticus en conserva tiene el mismo valor nutritivo que los grillos vivos, pero es m\u00e1s f\u00e1cil de digerir.<\/p>\n<p>El Cricket Jam no es adecuado para cazar especies de hormigas que requieren alimento vivo (por ejemplo, las ponerinas (hormigas grandes) como Harpegnathos u Odontomachus).<\/p>\n<p><strong>M\u00e1s ventajas:<\/strong><br \/>\nGarant\u00eda de ausencia de \u00e1caros<br \/>\nSe puede porcionar y diluir con agua<br \/>\nEsterilizado y envasado al vac\u00edo<br \/>\nSin aditivos<br \/>\nGrillos procedentes de cr\u00eda sostenible puramente ecol\u00f3gica, alimentados con residuos org\u00e1nicos<\/p>\n<p><strong>Nota:<\/strong><br \/>\nPuede conservarse en el frigor\u00edfico unos cuatro d\u00edas despu\u00e9s de abierto. Se conserva m\u00e1s tiempo si se congela.<br \/>\n<strong>Atenci\u00f3n:<\/strong> Primero racionar y luego congelar.<\/p>\n<p><strong>Nota sobre el melazo:<\/strong><br \/>\nContenido: 10 ml<br \/>\nSe trata de un producto natural, que hemos refinado tras exhaustivas pruebas en nuestro laboratorio y convertido en un alimento muy bien aceptado por las hormigas. La raz\u00f3n es que la miel de mielada sin procesar en su forma original concentrada no es bien aceptada por las hormigas y su metabolismo.<br \/>\nNuestro melazo se recolecta en los impolutos bosques de monta\u00f1a de Bulgaria. El melazo s\u00f3lo se produce durante un tiempo muy limitado, unos dos meses en verano. Por lo tanto, es muy escaso. Debido a las caracter\u00edsticas espec\u00edficas del suelo de los bosques y al clima, en las hojas de los \u00e1rboles se almacenan nutrientes esenciales que son absorbidos por los pulgones. Esto es lo que hace que esta mezcla de mielada sea tan apetecible para las hormigas.<\/p>\n<p><strong>Aplicaci\u00f3n:<\/strong><br \/>\nLa cantidad de comida debe consumirse en unos 3 d\u00edas.<\/p>\n<p><strong>Descripci\u00f3n:<\/strong><br \/>\nEl melazo, a diferencia de la miel de flores, se obtiene de las secreciones de insectos que chupan las plantas, como los pulgones. El melazo es una fuente de alimento popular para muchos insectos, como hormigas, abejas y abejorros. Las abejas y los abejorros lo lamen de las hojas o agujas de diversos \u00e1rboles. Las hormigas, como Lasius niger, se quedan literalmente con los pulgones. Incluso los defienden de los depredadores y los transportan a los brotes frescos.<\/p>\n<p>El melazo es especialmente popular entre las hormigas por sus componentes algo diferentes. Los principales az\u00facares del melazo son la sacarosa y la fructosa, pero tambi\u00e9n se encuentran peque\u00f1as cantidades de maltosa, trehalosa, melezitosa, rafinosa y otros oligosac\u00e1ridos. Adem\u00e1s de az\u00facar y agua, el melazo tambi\u00e9n contiene amino\u00e1cidos esenciales, minerales, oligoelementos, adenosinas, fosfatos y otros ingredientes como vitaminas.<\/p>\n<p><strong>Utilizar:<\/strong><br \/>\nPara las especies de hormigas mel\u00edferas (Meliphagidae)<br \/>\nSe trata de una alimentaci\u00f3n complementaria<br \/>\nPuede ofrecerse a los animales tal como se suministra. Como la concentraci\u00f3n de az\u00facar se reduce por la humedad y comienza un proceso de fermentaci\u00f3n, el alimento debe sustituirse cada 3 d\u00edas. Limpie bien el comedero\/tubo antes de reutilizarlo.<br \/>\nUna vez abierto, el envase debe conservarse bien cerrado hasta la fecha de caducidad.<\/p>\n<p><strong>Informaci\u00f3n nutricional por 100 g:<\/strong><br \/>\naprox. 2,7 % grasas<br \/>\nde los cuales saturados aprox. 0,45 %<br \/>\naprox. 95 % hidratos de carbono<br \/>\nde los cuales az\u00facar aprox. 71<br \/>\naprox. 2,85% de prote\u00edna<br \/>\nMinerales (potasio, calcio, cobre, hierro, sodio, magnesio, f\u00f3sforo, zinc y otros oligoelementos) Amino\u00e1cidos (prolina, leucina, fenilalanina, alanina, histidina, isoleucina, \u00e1cido glut\u00e1mico, arginina, \u00e1cido asp\u00e1rtico, etc.) \u00c1cidos org\u00e1nicos Enzimas (fermentos)Aromas Inhibinas (sustancias antibacterianas) Flores Polen<\/p>\n<p><strong>Almacenamiento:<\/strong><br \/>\nPara garantizar la calidad del pienso, debe almacenarse en un lugar oscuro y seco.<\/p>\n<p><strong>Nota:<\/strong><br \/>\nAlimento complementario para hormigas mel\u00edferas.<br \/>\nConsulte en el prospecto la composici\u00f3n, los ingredientes anal\u00edticos, la fecha de caducidad y el n\u00famero de lote.<\/p>\n<p>L\u00ednea directa de informaci\u00f3n +49 30 439703870<\/p>\n<p>Responsable de la inspecci\u00f3n veterinaria y alimentaria:<br \/>\nOficina veterinaria de Steglitz<br \/>\nK\u00f6nigin-Luise-Str. 92<br \/>\n14195 Berl\u00edn<\/p>","protected":false},"excerpt":{"rendered":"<p>El juego consta de 33 piezas<br \/>\nTama\u00f1o: <span style=\"color: #0000ff;\"><strong>L<\/strong><\/span><\/p>","protected":false},"featured_media":7121,"comment_status":"open","ping_status":"closed","template":"","meta":{"_acf_changed":false,"content-type":"","_monsterinsights_skip_tracking":false,"_monsterinsights_sitenote_active":false,"_monsterinsights_sitenote_note":"","_monsterinsights_sitenote_category":0},"product_brand":[],"product_cat":[355,73,76,89],"product_tag":[],"class_list":{"0":"post-4626","1":"product","2":"type-product","3":"status-publish","4":"has-post-thumbnail","6":"product_cat-bundle-offers","7":"product_cat-starter-sets","8":"product_cat-starter-sets-cork","9":"product_cat-cork","11":"first","12":"instock","13":"taxable","14":"shipping-taxable","15":"purchasable","16":"product-type-simple"},"acf":[],"aioseo_notices":[],"jetpack_sharing_enabled":true,"_links":{"self":[{"href":"https:\/\/antcube.shop\/es\/wp-json\/wp\/v2\/product\/4626","targetHints":{"allow":["GET"]}}],"collection":[{"href":"https:\/\/antcube.shop\/es\/wp-json\/wp\/v2\/product"}],"about":[{"href":"https:\/\/antcube.shop\/es\/wp-json\/wp\/v2\/types\/product"}],"replies":[{"embeddable":true,"href":"https:\/\/antcube.shop\/es\/wp-json\/wp\/v2\/comments?post=4626"}],"wp:featuredmedia":[{"embeddable":true,"href":"https:\/\/antcube.shop\/es\/wp-json\/wp\/v2\/media\/7121"}],"wp:attachment":[{"href":"https:\/\/antcube.shop\/es\/wp-json\/wp\/v2\/media?parent=4626"}],"wp:term":[{"taxonomy":"product_brand","embeddable":true,"href":"https:\/\/antcube.shop\/es\/wp-json\/wp\/v2\/product_brand?post=4626"},{"taxonomy":"product_cat","embeddable":true,"href":"https:\/\/antcube.shop\/es\/wp-json\/wp\/v2\/product_cat?post=4626"},{"taxonomy":"product_tag","embeddable":true,"href":"https:\/\/antcube.shop\/es\/wp-json\/wp\/v2\/product_tag?post=4626"}],"curies":[{"name":"wp","href":"https:\/\/api.w.org\/{rel}","templated":true}]}}