{"id":4613,"date":"2022-11-01T18:09:28","date_gmt":"2022-11-01T17:09:28","guid":{"rendered":"https:\/\/antcube.shop\/produkt\/antcube-starter-set-vivarium-30x30x30-cube\/"},"modified":"2026-04-01T11:20:15","modified_gmt":"2026-04-01T09:20:15","slug":"plantcube-vivarium-20x20x20-biom","status":"publish","type":"product","link":"https:\/\/antcube.shop\/es\/producto\/plantcube-vivarium-20x20x20-biom\/","title":{"rendered":"PLANTCUBE - Vivero 20x20x20 Biom"},"content":{"rendered":"<p><b>Contenido:<\/b><b><br \/>\n<\/b><span style=\"font-weight: 400;\">1x PLANTCUBE Vivarium 20x20x20 Biom<\/span><span style=\"font-weight: 400;\"><br \/>\n<\/span><span style=\"font-weight: 400;\">2x tapones para orificio de 10 mm<\/span><\/p>\n<p><span style=\"font-weight: 400;\">Cubo de cristal 20x20x20cm con 2x lado 27mm agujero y 2x lado 10mm agujero<\/span><span style=\"font-weight: 400;\"><br \/>\n<\/span><span style=\"font-weight: 400;\">El orificio de 27 mm (punto central) est\u00e1 a 8,5 cm de altura.\u00a0<\/span><\/p>\n<p><b>Dimensiones:<\/b><span style=\"font-weight: 400;\"> 200 x 200 x 200 mm; 4 mm de grosor de cristal<\/span><\/p>\n<p><b>Material:<\/b><span style=\"font-weight: 400;\"> vidrio flotado<\/span><\/p>\n<p><b>Aberturas laterales:<\/b><b><br \/>\n<\/b><span style=\"font-weight: 400;\">2x agujero 27mm<\/span><span style=\"font-weight: 400;\"><br \/>\n<\/span><span style=\"font-weight: 400;\">2x agujero 10mm<\/span><\/p>\n<p><span style=\"font-weight: 400;\">Con nuestros PLANTCUBE Vivariums podr\u00e1 dise\u00f1ar su propia obra de arte viviente para el sal\u00f3n de su casa. Tambi\u00e9n puedes tener peque\u00f1os animales en un PLANTCUBE, as\u00ed que tu creatividad no tiene l\u00edmites.<\/span><\/p>\n<p><span style=\"font-weight: 400;\">Si desea obtener m\u00e1s informaci\u00f3n sobre PLANTCUBE o leer nuestra gu\u00eda paso a paso para montar su vivario, visite el siguiente enlace: <a href=\"http:\/\/antcube.shop\/PLANTCUBE\">antcube.shop\/PLANTCUBE<\/a><\/span><\/p>\n<p><b>Personaliza tu PLANTCUBE seg\u00fan tus necesidades o las de tus plantas y animales:<\/b><\/p>\n<p><span style=\"font-weight: 400;\">Los dos orificios laterales de 10 mm, situados a 2 cm de altura (centro) de la parte inferior, sirven para drenar el exceso de agua. Por ejemplo, puede utilizar nuestra manguera transparente 10\/06mm para drenar el agua. Los dos orificios de 27 mm pueden cerrarse mediante tapones o servir como ventilaci\u00f3n adicional cuando est\u00e1n equipados con insertos de rejilla. Incluso puede conectar dos instalaciones aqu\u00ed mediante un tubo acr\u00edlico. De este modo, si tiene animales dentro del vivario, podr\u00e1n desplazarse libremente de una instalaci\u00f3n a otra.<\/span><\/p>\n<p><b>\u00bfC\u00f3mo convertir su PLANTCUBE en un ecosistema bioactivo?:<\/b><\/p>\n<p><b>Crear una capa de drenaje:<\/b><\/p>\n<p><span style=\"font-weight: 400;\">Para sostener tus plantas debes construir primero una capa de drenaje dentro de tu vivario. Te recomendamos que utilices 2-3 cm de gr\u00e1nulos de arcilla (4-8 mm), ya que son ligeros. Aseg\u00farate de lavarlos con agua corriente antes de colocarlos para eliminar el polvo.\u00a0<\/span><\/p>\n<p><span style=\"font-weight: 400;\">Puede colocar un vell\u00f3n de drenaje encima de los gr\u00e1nulos de arcilla para separar el drenaje del sustrato.<\/span><\/p>\n<p><b>Qu\u00e9 plantas y tierra utilizar:<\/b><\/p>\n<p><span style=\"font-weight: 400;\">Todo depende del tipo de \"Ecosistema\" que quieras crear. Si quieres construir un Vivarium des\u00e9rtico o m\u00e1s bien seco, necesitar\u00e1s plantas que prosperen en ese clima y utilizar la tierra adecuada en la que les guste crecer. Para los vivarios tropicales es lo mismo. Intente utilizar plantas de regiones y\/o climas similares para que todas crezcan bien en el mismo tipo de suelo y clima. Una buena tienda de plantas deber\u00eda tener siempre informaci\u00f3n sobre el clima y el suelo adecuados para las plantas que vende.<\/span><\/p>\n<p><b>Es importante:<\/b><span style=\"font-weight: 400;\"> Si quieres tener plantas y animales juntos, nunca utilices plantas en las que no sepas si han estado en contacto con fertilizantes o pesticidas. Utilice s\u00f3lo plantas de tiendas de terrarios o similares que garanticen estar completamente libres de pesticidas y fertilizantes. De lo contrario, pueden provocar la muerte de tus animales.<\/span><\/p>\n<p><b>Introduzca un \"equipo de limpieza\" para que su vivario sea bioactivo<\/b><\/p>\n<p><b>\u00bfQu\u00e9 es la bioactividad? <\/b><span style=\"font-weight: 400;\">\u00bfQu\u00e9 es la bioactividad? Es lo m\u00e1s parecido a una instalaci\u00f3n autosuficiente. Se trata de a\u00f1adir la mezcla de tierra adecuada y materia org\u00e1nica para que se forme la microflora, adem\u00e1s de la microfauna necesaria para crear un ciclo de nutrientes en el vivario.<\/span><\/p>\n<p><span style=\"font-weight: 400;\">Nuestro consejo: A\u00f1ada siempre peque\u00f1as criaturas como col\u00e9mbolos e is\u00f3podos. No s\u00f3lo son una buena fuente de alimento \"inagotable\" en s\u00ed mismos, si quieres tener otros animales en tu vivario. Se alimentan especialmente de los mohos que pueden formarse debido a la alta humedad y enriquecen el suelo con nutrientes, que a su vez permiten que las plantas crezcan sanas.<\/span><\/p>\n<p><span style=\"font-weight: 400;\">A\u00f1ada un poco de carb\u00f3n vegetal a su suelo, que ayudar\u00e1 a los microbios a colonizarlo. El musgo y la corteza de corcho o la madera blanca podrida, adem\u00e1s de la hojarasca, no s\u00f3lo dan un aspecto natural a tu instalaci\u00f3n, sino que tambi\u00e9n alimentan a tu \"equipo de limpieza\", les proporcionan escondites y lugares de cr\u00eda y son f\u00e1ciles de descomponer en nutrientes para tus plantas.<\/span><\/p>\n<p><b>En la naturaleza todo es equilibrio<\/b><\/p>\n<p><span style=\"font-weight: 400;\">Sin embargo, no es aconsejable utilizar determinadas especies de is\u00f3podos sin a\u00f1adir nada que los cace, ya que a una poblaci\u00f3n de is\u00f3podos sin depredadores como las hormigas, por ejemplo, le gusta descontrolarse y las plantas de su vivario se convierten entonces r\u00e1pidamente en una fuente de alimento no deseada. En la naturaleza todo es equilibrio.<\/span><\/p>\n<p><b>Para m\u00e1s informaci\u00f3n:<\/b><\/p>\n<p><span style=\"font-weight: 400;\">El vidrio se corta seg\u00fan la norma DIN 1249 con una tolerancia de +\/- 1 mm. En el caso de especies de hormigas extremadamente peque\u00f1as, es imprescindible una protecci\u00f3n adicional contra la rotura.<\/span><\/p>","protected":false},"excerpt":{"rendered":"<p>Conexi\u00f3n: 2 orificios de 27 mm<br \/>\n2x di\u00e1metro de 10 mm<\/p>","protected":false},"featured_media":12297,"comment_status":"open","ping_status":"closed","template":"","meta":{"_acf_changed":false,"content-type":"","_monsterinsights_skip_tracking":false,"_monsterinsights_sitenote_active":false,"_monsterinsights_sitenote_note":"","_monsterinsights_sitenote_category":0},"product_brand":[483],"product_cat":[341],"product_tag":[],"class_list":{"0":"post-4613","1":"product","2":"type-product","3":"status-publish","4":"has-post-thumbnail","6":"product_brand-plantcube","7":"product_cat-vivariums","9":"first","10":"instock","11":"taxable","12":"shipping-taxable","13":"purchasable","14":"product-type-simple"},"acf":[],"aioseo_notices":[],"jetpack_sharing_enabled":true,"_links":{"self":[{"href":"https:\/\/antcube.shop\/es\/wp-json\/wp\/v2\/product\/4613","targetHints":{"allow":["GET"]}}],"collection":[{"href":"https:\/\/antcube.shop\/es\/wp-json\/wp\/v2\/product"}],"about":[{"href":"https:\/\/antcube.shop\/es\/wp-json\/wp\/v2\/types\/product"}],"replies":[{"embeddable":true,"href":"https:\/\/antcube.shop\/es\/wp-json\/wp\/v2\/comments?post=4613"}],"wp:featuredmedia":[{"embeddable":true,"href":"https:\/\/antcube.shop\/es\/wp-json\/wp\/v2\/media\/12297"}],"wp:attachment":[{"href":"https:\/\/antcube.shop\/es\/wp-json\/wp\/v2\/media?parent=4613"}],"wp:term":[{"taxonomy":"product_brand","embeddable":true,"href":"https:\/\/antcube.shop\/es\/wp-json\/wp\/v2\/product_brand?post=4613"},{"taxonomy":"product_cat","embeddable":true,"href":"https:\/\/antcube.shop\/es\/wp-json\/wp\/v2\/product_cat?post=4613"},{"taxonomy":"product_tag","embeddable":true,"href":"https:\/\/antcube.shop\/es\/wp-json\/wp\/v2\/product_tag?post=4613"}],"curies":[{"name":"wp","href":"https:\/\/api.w.org\/{rel}","templated":true}]}}