{"id":4610,"date":"2022-11-01T18:08:42","date_gmt":"2022-11-01T17:08:42","guid":{"rendered":"https:\/\/antcube.shop\/produkt\/formicarienunterlage-30x30cm\/"},"modified":"2026-03-30T10:29:22","modified_gmt":"2026-03-30T08:29:22","slug":"formicarienunterlage-30x30cm","status":"publish","type":"product","link":"https:\/\/antcube.shop\/es\/producto\/formicarienunterlage-30x30cm\/","title":{"rendered":"Almohadilla de formicario - 30x30cm"},"content":{"rendered":"<p><strong>Dimensiones:<\/strong> 300 x 300 x 4mm<\/p>\n<p><strong>Material:<\/strong> Espuma de PE<\/p>\n<p><strong>Color:<\/strong> gris<\/p>\n<p><strong>Contenido:<\/strong> 1 unidad.<\/p>\n<p><strong>Descripci\u00f3n:<\/strong><br \/>\nLa almohadilla del formicario est\u00e1 hecha de un material de espuma suave.<br \/>\nProtege de los ara\u00f1azos tanto el formicario como el mueble sobre el que se apoya.<br \/>\nAdem\u00e1s, la almohadilla sirve de aislamiento t\u00e9rmico para compensar los m\u00ednimos desniveles y tambi\u00e9n protege contra las vibraciones.<\/p>","protected":false},"excerpt":{"rendered":"<p>Dimensiones: 390 x 60 x 4mm Material: Espuma PE Color: gris Contenido: 1 unid. Descripci\u00f3n: La almohadilla para formicario est\u00e1 hecha de un material de espuma suave. Protege de ara\u00f1azos tanto el formicario como el mueble sobre el que se coloca. Adem\u00e1s, la almohadilla sirve como aislante t\u00e9rmico para compensar","protected":false},"featured_media":4803,"comment_status":"open","ping_status":"closed","template":"","meta":{"_acf_changed":false,"content-type":"","_monsterinsights_skip_tracking":false,"_monsterinsights_sitenote_active":false,"_monsterinsights_sitenote_note":"","_monsterinsights_sitenote_category":0},"product_brand":[],"product_cat":[239],"product_tag":[],"class_list":{"0":"post-4610","1":"product","2":"type-product","3":"status-publish","4":"has-post-thumbnail","6":"product_cat-useful-additions","8":"first","9":"instock","10":"taxable","11":"shipping-taxable","12":"purchasable","13":"product-type-simple"},"acf":[],"aioseo_notices":[],"jetpack_sharing_enabled":true,"_links":{"self":[{"href":"https:\/\/antcube.shop\/es\/wp-json\/wp\/v2\/product\/4610","targetHints":{"allow":["GET"]}}],"collection":[{"href":"https:\/\/antcube.shop\/es\/wp-json\/wp\/v2\/product"}],"about":[{"href":"https:\/\/antcube.shop\/es\/wp-json\/wp\/v2\/types\/product"}],"replies":[{"embeddable":true,"href":"https:\/\/antcube.shop\/es\/wp-json\/wp\/v2\/comments?post=4610"}],"wp:featuredmedia":[{"embeddable":true,"href":"https:\/\/antcube.shop\/es\/wp-json\/wp\/v2\/media\/4803"}],"wp:attachment":[{"href":"https:\/\/antcube.shop\/es\/wp-json\/wp\/v2\/media?parent=4610"}],"wp:term":[{"taxonomy":"product_brand","embeddable":true,"href":"https:\/\/antcube.shop\/es\/wp-json\/wp\/v2\/product_brand?post=4610"},{"taxonomy":"product_cat","embeddable":true,"href":"https:\/\/antcube.shop\/es\/wp-json\/wp\/v2\/product_cat?post=4610"},{"taxonomy":"product_tag","embeddable":true,"href":"https:\/\/antcube.shop\/es\/wp-json\/wp\/v2\/product_tag?post=4610"}],"curies":[{"name":"wp","href":"https:\/\/api.w.org\/{rel}","templated":true}]}}