{"id":4609,"date":"2022-11-01T18:08:27","date_gmt":"2022-11-01T17:08:27","guid":{"rendered":"https:\/\/antcube.shop\/produkt\/ameisenarena-abdeckung-30x30\/"},"modified":"2026-04-08T08:47:57","modified_gmt":"2026-04-08T06:47:57","slug":"ameisenarena-abdeckung-30x30","status":"publish","type":"product","link":"https:\/\/antcube.shop\/es\/producto\/ameisenarena-abdeckung-30x30\/","title":{"rendered":"Cubierta de arena para hormigas 30\u00d730"},"content":{"rendered":"<p><strong>Dimensiones (LxAxA):<\/strong> 30x30x0,4 cm<\/p>\n<p><strong>Material:<\/strong> vidrio flotado<\/p>\n<p><strong>Color:<\/strong> cristalino \/ transparente<\/p>\n<p><strong>Contenido:<\/strong><br \/>\n1x cubierta de arena para hormigas<br \/>\n1x puntos de fijaci\u00f3n \u00e0 4 pcs.<\/p>\n<p><strong>Descripci\u00f3n:<\/strong><br \/>\nCubierta de cristal para el hormiguero como protecci\u00f3n de escape.<\/p>\n<p><strong>Aplicaci\u00f3n:<\/strong><br \/>\nLa cubierta para hormigueros hecha de vidrio se coloca sobre un hormiguero y tambi\u00e9n sirve inmediatamente para la regulaci\u00f3n del clima.<br \/>\nEn las aberturas de 50 mm se pueden insertar diversos m\u00f3dulos para la climatizaci\u00f3n, por ejemplo, rejillas de ventilaci\u00f3n, iluminaci\u00f3n o humidificaci\u00f3n.<br \/>\nPara evitar que las hormigas se escapen por las aberturas, se debe aplicar una protecci\u00f3n contra el escape (aceite, polvo o barniz) en la parte inferior alrededor de los agujeros.<\/p>\n<p><strong>Aviso:<\/strong><br \/>\nComo el art\u00edculo es de cristal y, por tanto, susceptible de romperse, debe manipularse con mucho cuidado.<\/p>","protected":false},"excerpt":{"rendered":"<p>Dimensiones (LxAxA): 30x30x0,4 cm Material: vidrio flotado Color: cristalino \/ transparente Contenido: 1x cubierta de hormigueros 1x puntos de fijaci\u00f3n \u00e0 4 pcs. Descripci\u00f3n: Cubierta de vidrio para la arena de hormigas como protecci\u00f3n contra el escape. Aplicaci\u00f3n: La cubierta de vidrio para hormigueros se coloca en un hormiguero y tambi\u00e9n sirve inmediatamente para [...]","protected":false},"featured_media":4800,"comment_status":"open","ping_status":"closed","template":"","meta":{"_acf_changed":false,"content-type":"","_monsterinsights_skip_tracking":false,"_monsterinsights_sitenote_active":false,"_monsterinsights_sitenote_note":"","_monsterinsights_sitenote_category":0},"product_brand":[],"product_cat":[91,92],"product_tag":[],"class_list":{"0":"post-4609","1":"product","2":"type-product","3":"status-publish","4":"has-post-thumbnail","6":"product_cat-formicarium-modules","7":"product_cat-arena-cover","9":"first","10":"instock","11":"taxable","12":"shipping-taxable","13":"purchasable","14":"product-type-simple"},"acf":[],"aioseo_notices":[],"jetpack_sharing_enabled":true,"_links":{"self":[{"href":"https:\/\/antcube.shop\/es\/wp-json\/wp\/v2\/product\/4609","targetHints":{"allow":["GET"]}}],"collection":[{"href":"https:\/\/antcube.shop\/es\/wp-json\/wp\/v2\/product"}],"about":[{"href":"https:\/\/antcube.shop\/es\/wp-json\/wp\/v2\/types\/product"}],"replies":[{"embeddable":true,"href":"https:\/\/antcube.shop\/es\/wp-json\/wp\/v2\/comments?post=4609"}],"wp:featuredmedia":[{"embeddable":true,"href":"https:\/\/antcube.shop\/es\/wp-json\/wp\/v2\/media\/4800"}],"wp:attachment":[{"href":"https:\/\/antcube.shop\/es\/wp-json\/wp\/v2\/media?parent=4609"}],"wp:term":[{"taxonomy":"product_brand","embeddable":true,"href":"https:\/\/antcube.shop\/es\/wp-json\/wp\/v2\/product_brand?post=4609"},{"taxonomy":"product_cat","embeddable":true,"href":"https:\/\/antcube.shop\/es\/wp-json\/wp\/v2\/product_cat?post=4609"},{"taxonomy":"product_tag","embeddable":true,"href":"https:\/\/antcube.shop\/es\/wp-json\/wp\/v2\/product_tag?post=4609"}],"curies":[{"name":"wp","href":"https:\/\/api.w.org\/{rel}","templated":true}]}}