{"id":4605,"date":"2022-11-01T18:07:07","date_gmt":"2022-11-01T17:07:07","guid":{"rendered":"https:\/\/antcube.shop\/produkt\/formicariengranulat-1000ml-schwarz\/"},"modified":"2026-04-02T18:12:06","modified_gmt":"2026-04-02T16:12:06","slug":"formicariengranulat-1000ml-schwarz","status":"publish","type":"product","link":"https:\/\/antcube.shop\/es\/producto\/formicariengranulat-1000ml-schwarz\/","title":{"rendered":"Formicarium granulado 1000ml - negro"},"content":{"rendered":"<p><strong>Contenido:<\/strong> 1000ml (equivalente a ~600g)<\/p>\n<p><strong>Tama\u00f1o del grano:<\/strong> 1 - 8 mm<\/p>\n<p><strong>Color:<\/strong> negro<\/p>\n<p><strong>Material de base:<\/strong> mezcla especial de piedras volc\u00e1nicas de alta calidad<\/p>\n<p><strong>Descripci\u00f3n:<\/strong> El material retiene la humedad y proporciona una buena aireaci\u00f3n del suelo en el formicario, protegiendo contra el encharcamiento y la putrefacci\u00f3n. La capa granular debe utilizarse a unos 1-2 cm como la capa m\u00e1s baja del suelo en una explotaci\u00f3n.<\/p>\n<p><strong>Propiedades:<\/strong><br \/>\n- inorg\u00e1nico, producto mineral<br \/>\n- biol\u00f3gicamente y qu\u00edmicamente neutro<br \/>\n- estructuralmente estable<br \/>\n- almacena la humedad<\/p>","protected":false},"excerpt":{"rendered":"<p>Para sustrato de bosque o selva<\/p>","protected":false},"featured_media":5733,"comment_status":"open","ping_status":"closed","template":"","meta":{"_acf_changed":false,"content-type":"","_monsterinsights_skip_tracking":false,"_monsterinsights_sitenote_active":false,"_monsterinsights_sitenote_note":"","_monsterinsights_sitenote_category":0},"product_brand":[],"product_cat":[101,100,241],"product_tag":[],"class_list":{"0":"post-4605","1":"product","2":"type-product","3":"status-publish","4":"has-post-thumbnail","6":"product_cat-forest","7":"product_cat-rainforest","8":"product_cat-granules","10":"first","11":"instock","12":"taxable","13":"shipping-taxable","14":"purchasable","15":"product-type-simple"},"acf":[],"aioseo_notices":[],"jetpack_sharing_enabled":true,"_links":{"self":[{"href":"https:\/\/antcube.shop\/es\/wp-json\/wp\/v2\/product\/4605","targetHints":{"allow":["GET"]}}],"collection":[{"href":"https:\/\/antcube.shop\/es\/wp-json\/wp\/v2\/product"}],"about":[{"href":"https:\/\/antcube.shop\/es\/wp-json\/wp\/v2\/types\/product"}],"replies":[{"embeddable":true,"href":"https:\/\/antcube.shop\/es\/wp-json\/wp\/v2\/comments?post=4605"}],"wp:featuredmedia":[{"embeddable":true,"href":"https:\/\/antcube.shop\/es\/wp-json\/wp\/v2\/media\/5733"}],"wp:attachment":[{"href":"https:\/\/antcube.shop\/es\/wp-json\/wp\/v2\/media?parent=4605"}],"wp:term":[{"taxonomy":"product_brand","embeddable":true,"href":"https:\/\/antcube.shop\/es\/wp-json\/wp\/v2\/product_brand?post=4605"},{"taxonomy":"product_cat","embeddable":true,"href":"https:\/\/antcube.shop\/es\/wp-json\/wp\/v2\/product_cat?post=4605"},{"taxonomy":"product_tag","embeddable":true,"href":"https:\/\/antcube.shop\/es\/wp-json\/wp\/v2\/product_tag?post=4605"}],"curies":[{"name":"wp","href":"https:\/\/api.w.org\/{rel}","templated":true}]}}