{"id":4373,"date":"2022-06-20T09:12:57","date_gmt":"2022-06-20T07:12:57","guid":{"rendered":"https:\/\/antcube.shop\/produkt\/cricket-jam\/"},"modified":"2026-04-05T21:18:40","modified_gmt":"2026-04-05T19:18:40","slug":"cricket-jam","status":"publish","type":"product","link":"https:\/\/antcube.shop\/es\/producto\/cricket-jam\/","title":{"rendered":"Cricket Jam"},"content":{"rendered":"<p><strong>Peso neto:<\/strong> 25 g por tarro<br \/>\ngrillos triturados y cocidos al vapor<\/p>\n<p>alimentaci\u00f3n \u00fanica<\/p>\n<p><strong>Descripci\u00f3n:<\/strong><br \/>\nNuestros grillos escaldados son una forma f\u00e1cil de proporcionar a sus hormigas alimento proteico reci\u00e9n conservado sin tener que alimentarlas con insectos vivos. Los grillos incluidos (Acheta domesticus) se han escaldado suavemente para garantizar que se conserven el valor nutricional, el sabor y el aroma. Adem\u00e1s, el caparaz\u00f3n quitinoso de los insectos se ablanda de este modo, para que pueda digerirse m\u00e1s f\u00e1cilmente. Los compuestos de las prote\u00ednas col\u00e1genas se descomponen para que las hormigas puedan utilizarlos mejor. Los Acheta domesticus enlatados tienen el mismo valor nutritivo que los grillos vivos, pero son m\u00e1s f\u00e1ciles de digerir. A diferencia de los grillos congelados o secos, en los que se pierden unos 60% de prote\u00edna, la prote\u00edna contenida puede procesarse hasta casi 100%.<\/p>\n<p>La mermelada de grillos no es adecuada para cazar especies de hormigas que requieren alimento vivo (por ejemplo, las ponerinas (hormigas primordiales) como Harpegnathos u Odontomachus).<\/p>\n<p><strong>Otras ventajas:<\/strong><\/p>\n<p>Garant\u00eda de ausencia de \u00e1caros<\/p>\n<p>Porcionable y diluible con agua.<\/p>\n<p>Esterilizado y envasado al vac\u00edo<br \/>\nSin aditivos<br \/>\nGrillos procedentes de la cr\u00eda puramente biol\u00f3gica sostenible, alimentados con residuos org\u00e1nicos<\/p>\n<p><strong>Informaci\u00f3n nutricional:<\/strong><br \/>\nProte\u00edna bruta: 20%<br \/>\nGrasa bruta: 7%<br \/>\nFibra bruta: 22%<br \/>\nFresno: 4%<br \/>\nHumedad: 46%<\/p>\n<p><strong>Aviso:<\/strong><br \/>\nUna vez abierto, puede conservarse unos cuatro d\u00edas en el frigor\u00edfico. Se conserva m\u00e1s tiempo si se congela.<br \/>\n<strong>Atenci\u00f3n:<\/strong> Porcionar primero y luego congelar.<\/p>","protected":false},"excerpt":{"rendered":"<p>Alimentaci\u00f3n individual<\/p>","protected":false},"featured_media":4378,"comment_status":"open","ping_status":"closed","template":"","meta":{"_acf_changed":false,"content-type":"","_monsterinsights_skip_tracking":false,"_monsterinsights_sitenote_active":false,"_monsterinsights_sitenote_note":"","_monsterinsights_sitenote_category":0},"product_brand":[],"product_cat":[257,115,116],"product_tag":[],"class_list":{"0":"post-4373","1":"product","2":"type-product","3":"status-publish","4":"has-post-thumbnail","6":"product_cat-new-innovatve-products","7":"product_cat-food-and-feeding","8":"product_cat-food","10":"first","11":"instock","12":"taxable","13":"shipping-taxable","14":"purchasable","15":"product-type-simple"},"acf":[],"aioseo_notices":[],"jetpack_sharing_enabled":true,"_links":{"self":[{"href":"https:\/\/antcube.shop\/es\/wp-json\/wp\/v2\/product\/4373","targetHints":{"allow":["GET"]}}],"collection":[{"href":"https:\/\/antcube.shop\/es\/wp-json\/wp\/v2\/product"}],"about":[{"href":"https:\/\/antcube.shop\/es\/wp-json\/wp\/v2\/types\/product"}],"replies":[{"embeddable":true,"href":"https:\/\/antcube.shop\/es\/wp-json\/wp\/v2\/comments?post=4373"}],"wp:featuredmedia":[{"embeddable":true,"href":"https:\/\/antcube.shop\/es\/wp-json\/wp\/v2\/media\/4378"}],"wp:attachment":[{"href":"https:\/\/antcube.shop\/es\/wp-json\/wp\/v2\/media?parent=4373"}],"wp:term":[{"taxonomy":"product_brand","embeddable":true,"href":"https:\/\/antcube.shop\/es\/wp-json\/wp\/v2\/product_brand?post=4373"},{"taxonomy":"product_cat","embeddable":true,"href":"https:\/\/antcube.shop\/es\/wp-json\/wp\/v2\/product_cat?post=4373"},{"taxonomy":"product_tag","embeddable":true,"href":"https:\/\/antcube.shop\/es\/wp-json\/wp\/v2\/product_tag?post=4373"}],"curies":[{"name":"wp","href":"https:\/\/api.w.org\/{rel}","templated":true}]}}