{"id":4372,"date":"2022-06-20T09:12:42","date_gmt":"2022-06-20T07:12:42","guid":{"rendered":"https:\/\/antcube.shop\/produkt\/ganze-blanchierte-heimchen\/"},"modified":"2026-04-11T18:28:16","modified_gmt":"2026-04-11T16:28:16","slug":"ganze-blanchierte-heimchen","status":"publish","type":"product","link":"https:\/\/antcube.shop\/es\/producto\/ganze-blanchierte-heimchen\/","title":{"rendered":"Grillos enteros escaldados"},"content":{"rendered":"<p><strong>Peso neto:<\/strong> 10g por frasco<br \/>\ngrillos medianos escaldados en pieza<\/p>\n<p>alimentaci\u00f3n \u00fanica<\/p>\n<p><strong>Descripci\u00f3n:<\/strong><br \/>\nNuestros grillos escaldados son una forma f\u00e1cil de proporcionar a sus hormigas alimento proteico reci\u00e9n conservado sin tener que alimentarlas con insectos vivos. Los grillos incluidos (Acheta domesticus) se han escaldado suavemente para garantizar que se conserven el valor nutricional, el sabor y el aroma. Adem\u00e1s, el caparaz\u00f3n quitinoso de los insectos se ablanda de este modo, para que pueda digerirse m\u00e1s f\u00e1cilmente. Los compuestos de las prote\u00ednas col\u00e1genas se descomponen para que las hormigas puedan utilizarlos mejor. Los Acheta domesticus enlatados tienen el mismo valor nutritivo que los grillos vivos, pero son m\u00e1s f\u00e1ciles de digerir. A diferencia de los grillos congelados o secos, en los que se pierden unos 60% de prote\u00edna, la prote\u00edna contenida puede procesarse hasta casi 100%.<\/p>\n<p>Los grillos escaldados no son adecuados para cazar especies de hormigas que requieren alimento vivo (por ejemplo, las ponerinas (hormigas primordiales) como Harpegnathos u Odontomachus).<\/p>\n<p><strong>Otras ventajas:<\/strong><\/p>\n<p>Garant\u00eda de ausencia de \u00e1caros<br \/>\nPorcionable<br \/>\nEsterilizado y envasado al vac\u00edo<br \/>\nSin aditivos<br \/>\nGrillos procedentes de la cr\u00eda ecol\u00f3gica pura y sostenible, alimentados con residuos org\u00e1nicos<\/p>\n<p><strong>Informaci\u00f3n nutricional:<\/strong><br \/>\nProte\u00edna bruta: 20%<br \/>\nGrasa bruta: 7%<br \/>\nFibra bruta: 22%<br \/>\nFresno: 4%<br \/>\nHumedad: 46%<\/p>\n<p><strong>Aviso:<\/strong><br \/>\nUna vez abierto, se conserva unos cuatro d\u00edas en el frigor\u00edfico. Se conserva m\u00e1s tiempo si se congela.<br \/>\n<strong>Atenci\u00f3n:<\/strong> Primero la porci\u00f3n y luego la congelaci\u00f3n. As\u00ed que tambi\u00e9n es posible una sola extracci\u00f3n (IQF)<\/p>","protected":false},"excerpt":{"rendered":"<p>alimentaci\u00f3n \u00fanica<\/p>","protected":false},"featured_media":4375,"comment_status":"open","ping_status":"closed","template":"","meta":{"_acf_changed":false,"content-type":"","_monsterinsights_skip_tracking":false,"_monsterinsights_sitenote_active":false,"_monsterinsights_sitenote_note":"","_monsterinsights_sitenote_category":0},"product_brand":[],"product_cat":[257,115,116],"product_tag":[],"class_list":{"0":"post-4372","1":"product","2":"type-product","3":"status-publish","4":"has-post-thumbnail","6":"product_cat-new-innovatve-products","7":"product_cat-food-and-feeding","8":"product_cat-food","10":"first","11":"instock","12":"taxable","13":"shipping-taxable","14":"purchasable","15":"product-type-simple"},"acf":[],"aioseo_notices":[],"jetpack_sharing_enabled":true,"_links":{"self":[{"href":"https:\/\/antcube.shop\/es\/wp-json\/wp\/v2\/product\/4372","targetHints":{"allow":["GET"]}}],"collection":[{"href":"https:\/\/antcube.shop\/es\/wp-json\/wp\/v2\/product"}],"about":[{"href":"https:\/\/antcube.shop\/es\/wp-json\/wp\/v2\/types\/product"}],"replies":[{"embeddable":true,"href":"https:\/\/antcube.shop\/es\/wp-json\/wp\/v2\/comments?post=4372"}],"wp:featuredmedia":[{"embeddable":true,"href":"https:\/\/antcube.shop\/es\/wp-json\/wp\/v2\/media\/4375"}],"wp:attachment":[{"href":"https:\/\/antcube.shop\/es\/wp-json\/wp\/v2\/media?parent=4372"}],"wp:term":[{"taxonomy":"product_brand","embeddable":true,"href":"https:\/\/antcube.shop\/es\/wp-json\/wp\/v2\/product_brand?post=4372"},{"taxonomy":"product_cat","embeddable":true,"href":"https:\/\/antcube.shop\/es\/wp-json\/wp\/v2\/product_cat?post=4372"},{"taxonomy":"product_tag","embeddable":true,"href":"https:\/\/antcube.shop\/es\/wp-json\/wp\/v2\/product_tag?post=4372"}],"curies":[{"name":"wp","href":"https:\/\/api.w.org\/{rel}","templated":true}]}}