{"id":4343,"date":"2022-06-08T14:36:54","date_gmt":"2022-06-08T12:36:54","guid":{"rendered":"https:\/\/antcube.shop\/produkt\/naturbusch-auf-schieferplatte-gros\/"},"modified":"2025-10-19T15:15:12","modified_gmt":"2025-10-19T13:15:12","slug":"naturbusch-auf-schieferplatte-gros","status":"publish","type":"product","link":"https:\/\/antcube.shop\/es\/producto\/naturbusch-auf-schieferplatte-gros\/","title":{"rendered":"Arbusto ornamental"},"content":{"rendered":"<p>Tama\u00f1o \/ altura 17 cm a 19 cm, di\u00e1metro ~ 10 cm -12 cm, ideal para las arenas 30x30x30 cm y superiores.<br \/>\nEl peso var\u00eda de 50 a 80 gramos<\/p>\n<p>Art\u00edculo decorativo que consiste en un arbusto de madera secado de forma natural y una base de resina sint\u00e9tica (placa base).<br \/>\nEste arbusto decorativo se fabric\u00f3 a mano en Alemania, por lo que se caracteriza por su sostenibilidad.<\/p>\n<p><strong>ATENCI\u00d3N:<\/strong> Por favor, no lo coloque en formicaria muy h\u00fameda (m\u00e1s de 60% de humedad). El arbusto puede empezar a enmohecerse. Con muy buena ventilaci\u00f3n, el arbusto puede colocarse en formicarios m\u00e1s h\u00famedos.<\/p>\n<p>Algunos arbustos ornamentales no se mantienen en pie en el formicario por s\u00ed solos debido a su altura. En este caso, ayuda cubrir un poco la base con sustrato o colocar el producto cerca de las ventanas exteriores.<\/p>\n<p><span data-text-color=\"alert\"><strong>NOTA IMPORTANTE SOBRE EL ART\u00cdCULO:<\/strong><\/span><br \/>\nDado que este es un producto natural \/ \u00fanico, las fotos aqu\u00ed no son completamente id\u00e9nticas al art\u00edculo que usted recibir\u00e1. Habr\u00e1 variaciones en el tama\u00f1o, la forma y el color del mini \u00e1rbol, as\u00ed como la placa base de pizarra de cantera. S\u00f3lo garantizamos la altura m\u00e1xima del art\u00edculo.<\/p>\n<p>Al pedir este art\u00edculo, usted acepta y consiente las posibles variaciones del producto en tama\u00f1o, forma y color en el momento de la compra.<\/p>","protected":false},"excerpt":{"rendered":"<p>Tama\u00f1o: 17-19 cm de alto<\/p>","protected":false},"featured_media":6380,"comment_status":"open","ping_status":"closed","template":"","meta":{"_acf_changed":false,"content-type":"","_monsterinsights_skip_tracking":false,"_monsterinsights_sitenote_active":false,"_monsterinsights_sitenote_note":"","_monsterinsights_sitenote_category":0},"product_brand":[],"product_cat":[99,101,102],"product_tag":[],"class_list":{"0":"post-4343","1":"product","2":"type-product","3":"status-publish","4":"has-post-thumbnail","6":"product_cat-desert","7":"product_cat-forest","8":"product_cat-meadow","10":"first","11":"outofstock","12":"taxable","13":"shipping-taxable","14":"purchasable","15":"product-type-simple"},"acf":[],"aioseo_notices":[],"jetpack_sharing_enabled":true,"_links":{"self":[{"href":"https:\/\/antcube.shop\/es\/wp-json\/wp\/v2\/product\/4343","targetHints":{"allow":["GET"]}}],"collection":[{"href":"https:\/\/antcube.shop\/es\/wp-json\/wp\/v2\/product"}],"about":[{"href":"https:\/\/antcube.shop\/es\/wp-json\/wp\/v2\/types\/product"}],"replies":[{"embeddable":true,"href":"https:\/\/antcube.shop\/es\/wp-json\/wp\/v2\/comments?post=4343"}],"wp:featuredmedia":[{"embeddable":true,"href":"https:\/\/antcube.shop\/es\/wp-json\/wp\/v2\/media\/6380"}],"wp:attachment":[{"href":"https:\/\/antcube.shop\/es\/wp-json\/wp\/v2\/media?parent=4343"}],"wp:term":[{"taxonomy":"product_brand","embeddable":true,"href":"https:\/\/antcube.shop\/es\/wp-json\/wp\/v2\/product_brand?post=4343"},{"taxonomy":"product_cat","embeddable":true,"href":"https:\/\/antcube.shop\/es\/wp-json\/wp\/v2\/product_cat?post=4343"},{"taxonomy":"product_tag","embeddable":true,"href":"https:\/\/antcube.shop\/es\/wp-json\/wp\/v2\/product_tag?post=4343"}],"curies":[{"name":"wp","href":"https:\/\/api.w.org\/{rel}","templated":true}]}}