{"id":4342,"date":"2022-06-08T14:36:40","date_gmt":"2022-06-08T12:36:40","guid":{"rendered":"https:\/\/antcube.shop\/produkt\/naturbusch-auf-schieferplatte-klein\/"},"modified":"2026-04-20T16:40:53","modified_gmt":"2026-04-20T14:40:53","slug":"naturbusch-auf-schieferplatte-klein","status":"publish","type":"product","link":"https:\/\/antcube.shop\/es\/producto\/naturbusch-auf-schieferplatte-klein\/","title":{"rendered":"Arbusto natural sobre pizarra - Peque\u00f1o"},"content":{"rendered":"<p>Tama\u00f1o \/ altura hasta 9 cm, ideal para las arenas 20x20x10 cm.<br \/>\nEl peso var\u00eda de 200 a 600 gramos<\/p>\n<p>Art\u00edculo decorativo que consta de componentes puramente naturales, a partir de un arbusto de madera seca y una placa de pizarra (placa base). Ambos productos naturales no tratados.<br \/>\nEste mini \u00e1rbol ha sido fabricado a mano en Alemania, por lo que se caracteriza por su sostenibilidad.<\/p>\n<p><strong>ATENCI\u00d3N:<\/strong> Por favor, no lo coloque en formicaria muy h\u00fameda (m\u00e1s de 60% de humedad). El arbusto puede empezar a enmohecerse. Con muy buena ventilaci\u00f3n, el arbusto puede colocarse en formicarios m\u00e1s h\u00famedos.<\/p>\n<p><strong>NOTA IMPORTANTE SOBRE EL ART\u00cdCULO:<\/strong><br \/>\nDado que este es un producto natural \/ \u00fanico, las fotos aqu\u00ed no son completamente id\u00e9nticas al art\u00edculo que usted recibir\u00e1. Habr\u00e1 variaciones en el tama\u00f1o, la forma y el color del mini \u00e1rbol, as\u00ed como la placa base de pizarra de cantera. S\u00f3lo garantizamos la altura m\u00e1xima del art\u00edculo.<\/p>\n<p>Al pedir este art\u00edculo, usted acepta y consiente las posibles variaciones del producto en tama\u00f1o, forma y color en el momento de la compra.<\/p>","protected":false},"excerpt":{"rendered":"<p>Tama\u00f1o: 18x15x9<\/p>","protected":false},"featured_media":4355,"comment_status":"open","ping_status":"closed","template":"","meta":{"_acf_changed":false,"content-type":"","_monsterinsights_skip_tracking":false,"_monsterinsights_sitenote_active":false,"_monsterinsights_sitenote_note":"","_monsterinsights_sitenote_category":0},"product_brand":[],"product_cat":[99,101,102],"product_tag":[],"class_list":{"0":"post-4342","1":"product","2":"type-product","3":"status-publish","4":"has-post-thumbnail","6":"product_cat-desert","7":"product_cat-forest","8":"product_cat-meadow","10":"first","11":"instock","12":"taxable","13":"shipping-taxable","14":"purchasable","15":"product-type-simple"},"acf":[],"aioseo_notices":[],"jetpack_sharing_enabled":true,"_links":{"self":[{"href":"https:\/\/antcube.shop\/es\/wp-json\/wp\/v2\/product\/4342","targetHints":{"allow":["GET"]}}],"collection":[{"href":"https:\/\/antcube.shop\/es\/wp-json\/wp\/v2\/product"}],"about":[{"href":"https:\/\/antcube.shop\/es\/wp-json\/wp\/v2\/types\/product"}],"replies":[{"embeddable":true,"href":"https:\/\/antcube.shop\/es\/wp-json\/wp\/v2\/comments?post=4342"}],"wp:featuredmedia":[{"embeddable":true,"href":"https:\/\/antcube.shop\/es\/wp-json\/wp\/v2\/media\/4355"}],"wp:attachment":[{"href":"https:\/\/antcube.shop\/es\/wp-json\/wp\/v2\/media?parent=4342"}],"wp:term":[{"taxonomy":"product_brand","embeddable":true,"href":"https:\/\/antcube.shop\/es\/wp-json\/wp\/v2\/product_brand?post=4342"},{"taxonomy":"product_cat","embeddable":true,"href":"https:\/\/antcube.shop\/es\/wp-json\/wp\/v2\/product_cat?post=4342"},{"taxonomy":"product_tag","embeddable":true,"href":"https:\/\/antcube.shop\/es\/wp-json\/wp\/v2\/product_tag?post=4342"}],"curies":[{"name":"wp","href":"https:\/\/api.w.org\/{rel}","templated":true}]}}