{"id":4286,"date":"2022-04-28T15:48:56","date_gmt":"2022-04-28T13:48:56","guid":{"rendered":"https:\/\/antcube.shop\/produkt\/reagenzglas-200x25-mm\/"},"modified":"2026-04-01T12:29:59","modified_gmt":"2026-04-01T10:29:59","slug":"reagenzglas-200x25-mm","status":"publish","type":"product","link":"https:\/\/antcube.shop\/es\/producto\/reagenzglas-200x25-mm\/","title":{"rendered":"Tubo de vidrio de prueba 200\u00d725 mm"},"content":{"rendered":"<p><b>Tama\u00f1o:<\/b><br \/>\nLongitud: 200mm<br \/>\nDi\u00e1metro: 25 mm (exterior)<br \/>\nEspesor 1mm<\/p>\n<p><b>Descripci\u00f3n:<\/b> Tubo de ensayo de vidrio sodoc\u00e1lcico, de paredes gruesas con borde. Se puede utilizar como c\u00e1mara de nido durante un periodo de tiempo m\u00e1s largo llenando 1\/3 con agua y sellando con algod\u00f3n absorbente. Tambi\u00e9n es adecuado como recipiente de transporte.<\/p>","protected":false},"excerpt":{"rendered":"<p>Tama\u00f1o: Longitud: 200mm Di\u00e1metro: 25mm (exterior) Espesor 1mm Descripci\u00f3n: Tubo de ensayo de vidrio sodoc\u00e1lcico, de paredes gruesas con borde. Puede utilizarse como c\u00e1mara de nido durante un periodo de tiempo m\u00e1s largo llenando 1\/3 con agua y sellando con algod\u00f3n absorbente. Tambi\u00e9n es adecuado como recipiente de transporte.<\/p>","protected":false},"featured_media":4289,"comment_status":"open","ping_status":"closed","template":"","meta":{"_acf_changed":false,"content-type":"","_monsterinsights_skip_tracking":false,"_monsterinsights_sitenote_active":false,"_monsterinsights_sitenote_note":"","_monsterinsights_sitenote_category":0},"product_brand":[],"product_cat":[237],"product_tag":[],"class_list":{"0":"post-4286","1":"product","2":"type-product","3":"status-publish","4":"has-post-thumbnail","6":"product_cat-tools","8":"first","9":"instock","10":"taxable","11":"shipping-taxable","12":"purchasable","13":"product-type-simple"},"acf":[],"aioseo_notices":[],"jetpack_sharing_enabled":true,"_links":{"self":[{"href":"https:\/\/antcube.shop\/es\/wp-json\/wp\/v2\/product\/4286","targetHints":{"allow":["GET"]}}],"collection":[{"href":"https:\/\/antcube.shop\/es\/wp-json\/wp\/v2\/product"}],"about":[{"href":"https:\/\/antcube.shop\/es\/wp-json\/wp\/v2\/types\/product"}],"replies":[{"embeddable":true,"href":"https:\/\/antcube.shop\/es\/wp-json\/wp\/v2\/comments?post=4286"}],"wp:featuredmedia":[{"embeddable":true,"href":"https:\/\/antcube.shop\/es\/wp-json\/wp\/v2\/media\/4289"}],"wp:attachment":[{"href":"https:\/\/antcube.shop\/es\/wp-json\/wp\/v2\/media?parent=4286"}],"wp:term":[{"taxonomy":"product_brand","embeddable":true,"href":"https:\/\/antcube.shop\/es\/wp-json\/wp\/v2\/product_brand?post=4286"},{"taxonomy":"product_cat","embeddable":true,"href":"https:\/\/antcube.shop\/es\/wp-json\/wp\/v2\/product_cat?post=4286"},{"taxonomy":"product_tag","embeddable":true,"href":"https:\/\/antcube.shop\/es\/wp-json\/wp\/v2\/product_tag?post=4286"}],"curies":[{"name":"wp","href":"https:\/\/api.w.org\/{rel}","templated":true}]}}