{"id":4258,"date":"2022-04-28T14:00:36","date_gmt":"2022-04-28T12:00:36","guid":{"rendered":"https:\/\/antcube.shop\/produkt\/ameisen-inkubator\/"},"modified":"2026-04-09T15:04:51","modified_gmt":"2026-04-09T13:04:51","slug":"ameisen-inkubator","status":"publish","type":"product","link":"https:\/\/antcube.shop\/es\/producto\/ameisen-inkubator\/","title":{"rendered":"Incubadora de hormigas"},"content":{"rendered":"<p><strong>Tama\u00f1o:\u00a0<\/strong>Tama\u00f1o de la unidad: 40\u00d739,5\u00d748 cm ; Interior: 32\u00d722,5\u00d737 cm<\/p>\n<p><strong>Color:<\/strong> Negro<\/p>\n<p><strong>Especificaciones t\u00e9cnicas:<\/strong><br \/>\nTensi\u00f3n: 220-240V, 50Hz<br \/>\nPotencia: 70 W<br \/>\nLongitud del cable de red 1.60m<br \/>\nGama de temperaturas: 5\u00b0C - 40\u00b0C<\/p>\n<p><strong>Material:<\/strong> Metal, cristal<\/p>\n<p><strong>Descripci\u00f3n:<\/strong><br \/>\nEsta incubadora para hormigas no s\u00f3lo es muy adecuada para criar colonias de hormigas de regiones tropicales, sino tambi\u00e9n para colonias de hormigas en hibernaci\u00f3n.<br \/>\nDispone de un controlador de temperatura con pantalla digital y un estante intermedio extra\u00edble para disponer de m\u00e1s espacio. La temperatura puede ajustarse y modificarse en funci\u00f3n de las necesidades. El aparato puede tanto enfriar (hasta aprox. 5\u00b0C) como calentar (hasta aprox. 40\u00b0C). El rango de temperatura ajustable es de aprox. 5\u00b0C-40\u00b0C. Por tanto, tambi\u00e9n puede utilizarse para la hibernaci\u00f3n de hormigas aut\u00f3ctonas.<\/p>\n<p><strong>Ventajas:<\/strong><br \/>\nA menudo se enfrenta a la cuesti\u00f3n de c\u00f3mo almacenar las hormigas para la hibernaci\u00f3n sin complicaciones a la temperatura adecuada. De todos modos, el frigor\u00edfico est\u00e1 demasiado lleno, en el balc\u00f3n puede hacer demasiado fr\u00edo para los animales y en el s\u00f3tano tambi\u00e9n es estrecho, o no tienes suficiente control.<br \/>\n<strong>Aqu\u00ed est\u00e1 la soluci\u00f3n:<\/strong> Puede dejar que los animales pasen el invierno en la incubadora con nuestros bastidores de tubos de nido en tubos de ensayo, en este caso incluso hasta 100 colonias al mismo tiempo, o junto con todo el ANTCUBE Formicarium. Por ejemplo, nuestro ANTCUBE Arena Combi, cabe completamente en su interior. Pero tambi\u00e9n un set de iniciaci\u00f3n con arena 20x20x10 y 2 nidos 20\u00d720 tendr\u00eda espacio suficiente.<br \/>\nTambi\u00e9n el almacenamiento y el transporte con el coche, por ejemplo durante un vuelo de enjambre, la reubicaci\u00f3n o un transporte de las hormigas cortadoras de hojas particularmente sensibles son realizables por lo tanto.<br \/>\nLas pr\u00e1cticas gradillas para tubos de ensayo (tubos nido) est\u00e1n disponibles en tres tama\u00f1os diferentes. Esta es nuestra recomendaci\u00f3n:<\/p>\n<p><strong>Recomendaci\u00f3n:<\/strong><br \/>\nEl espacio de la incubadora es adecuado para:<br \/>\nHasta 24x tubos de ensayo de grillos\/ o 24x la caja de recogida transparente 115x115x55<br \/>\nPara las hormigas en tubos de nido, recomendamos las estanter\u00edas para tubos de nido para su almacenamiento<br \/>\nEncaja en el interior:<br \/>\n- soporte para tubos nido de 16mm = 12 piezas o 120 tubos nido de 16mm de di\u00e1metro<br \/>\n- Estanter\u00eda de tubos anidados para 18mm = 12 piezas o 120 tubos anidados de 18mm de di\u00e1metro<br \/>\n- Gradilla para tubos de 25mm = 9 piezas resp. 54 tubos anidados de 25mm de di\u00e1metro<\/p>\n<p><strong>Nota:<\/strong><br \/>\n- No lo coloque bajo la luz directa del sol ni junto a una fuente de calor, ya que las fluctuaciones de temperatura externas afectan a la temperatura interna.<br \/>\n- Coloque el aparato en un lugar seco donde la temperatura sea lo m\u00e1s constante posible.<br \/>\n- Los ventiladores deben poder girar libremente<br \/>\n- Las superficies de aire deben permanecer despejadas<br \/>\n- Compruebe peri\u00f3dicamente si hay da\u00f1os -&gt; si los hay, interrumpa inmediatamente el funcionamiento<br \/>\n- El incubador puede protegerse doblemente con un Thermo Control II o Thermo Control Pro II adicional. En la parte posterior del aparato se encuentra el correspondiente pasamuros.<\/p>\n<p><strong>Nota: <\/strong>20.01.2025 - Actualizaci\u00f3n del producto - nuevo modelo<\/p>","protected":false},"excerpt":{"rendered":"<p>Tama\u00f1o: Tama\u00f1o de la unidad: 40\u00d739,5\u00d748 cm ; Interior: 32\u00d722,5\u00d737 cm Color: Negro Especificaciones t\u00e9cnicas: Voltaje: 220-240V, 50Hz Potencia: 70W Longitud del cable de red: 1.60m Rango de temperatura: 5\u00b0C - 40\u00b0C Material: Metal, vidrio Descripci\u00f3n: Esta incubadora de hormigas no s\u00f3lo es muy adecuada para criar colonias de hormigas de regiones tropicales, sino tambi\u00e9n para colonias de hormigas en hibernaci\u00f3n. Tiene [...]","protected":false},"featured_media":11099,"comment_status":"open","ping_status":"closed","template":"","meta":{"_acf_changed":false,"content-type":"","_monsterinsights_skip_tracking":false,"_monsterinsights_sitenote_active":false,"_monsterinsights_sitenote_note":"","_monsterinsights_sitenote_category":0},"product_brand":[],"product_cat":[237],"product_tag":[],"class_list":{"0":"post-4258","1":"product","2":"type-product","3":"status-publish","4":"has-post-thumbnail","6":"product_cat-tools","8":"first","9":"instock","10":"taxable","11":"shipping-taxable","12":"purchasable","13":"product-type-simple"},"acf":[],"aioseo_notices":[],"jetpack_sharing_enabled":true,"_links":{"self":[{"href":"https:\/\/antcube.shop\/es\/wp-json\/wp\/v2\/product\/4258","targetHints":{"allow":["GET"]}}],"collection":[{"href":"https:\/\/antcube.shop\/es\/wp-json\/wp\/v2\/product"}],"about":[{"href":"https:\/\/antcube.shop\/es\/wp-json\/wp\/v2\/types\/product"}],"replies":[{"embeddable":true,"href":"https:\/\/antcube.shop\/es\/wp-json\/wp\/v2\/comments?post=4258"}],"wp:featuredmedia":[{"embeddable":true,"href":"https:\/\/antcube.shop\/es\/wp-json\/wp\/v2\/media\/11099"}],"wp:attachment":[{"href":"https:\/\/antcube.shop\/es\/wp-json\/wp\/v2\/media?parent=4258"}],"wp:term":[{"taxonomy":"product_brand","embeddable":true,"href":"https:\/\/antcube.shop\/es\/wp-json\/wp\/v2\/product_brand?post=4258"},{"taxonomy":"product_cat","embeddable":true,"href":"https:\/\/antcube.shop\/es\/wp-json\/wp\/v2\/product_cat?post=4258"},{"taxonomy":"product_tag","embeddable":true,"href":"https:\/\/antcube.shop\/es\/wp-json\/wp\/v2\/product_tag?post=4258"}],"curies":[{"name":"wp","href":"https:\/\/api.w.org\/{rel}","templated":true}]}}