{"id":4175,"date":"2022-03-14T17:24:15","date_gmt":"2022-03-14T16:24:15","guid":{"rendered":"https:\/\/antcube.shop\/produkt\/candy-ant-snack-20g\/"},"modified":"2026-04-07T00:42:14","modified_gmt":"2026-04-06T22:42:14","slug":"caramelo-ant-snack-20g","status":"publish","type":"product","link":"https:\/\/antcube.shop\/es\/producto\/caramelo-ant-snack-20g\/","title":{"rendered":"Snack de hormigas de caramelo - 20g"},"content":{"rendered":"<p><strong>Contenido:<\/strong><br \/>\n20g<\/p>\n<p><strong>Descripci\u00f3n:<\/strong><br \/>\nEste es un producto natural puro. Nuestro Snack de Hormigas de Caramelo, hecho de Acheta domesticus de cultivo ecol\u00f3gico, recubierto de miel ecol\u00f3gica.<br \/>\nF\u00e1cilmente digerible. Gracias a las prote\u00ednas de alta calidad, es un alimento casi completo (sustituye a la miel\/az\u00facar y a las prote\u00ednas) para la mayor\u00eda de las especies de hormigas como Lasius sp., Camponotus sp. o Messor sp. etc. A las hormigas les encanta. No sustituye el agua fresca que necesitan las hormigas. Tampoco sustituye la necesidad de prote\u00ednas vivas, como los peque\u00f1os insectos.<\/p>\n<p>Este alimento suplementario est\u00e1 lleno de prote\u00edna poderosa que contiene alrededor de 50% de prote\u00edna natural pura.<br \/>\nAdem\u00e1s, el producto ha sido alimentado con residuos vegetales org\u00e1nicos sin pesticidas, lo que tiene un alto valor ecol\u00f3gico, ya que se utiliza menos energ\u00eda y agua en su producci\u00f3n.<\/p>\n<p>El valor a\u00f1adido para todos los amantes de las hormigas, es la combinaci\u00f3n de prote\u00ednas naturales y el recubrimiento con miel natural. Las hormigas adoran y necesitan esto para un buen desarrollo de la cr\u00eda y un crecimiento saludable de la colonia.<\/p>\n<p><strong>Aplicaci\u00f3n:<\/strong><br \/>\nPara la alimentaci\u00f3n, Candy Ant Snack debe dividirse en porciones m\u00e1s peque\u00f1as o disolverse en agua.<\/p>\n<p><strong>Contiene:<\/strong><br \/>\nAcheta domesticus naturalmente desecada y recubierta de miel org\u00e1nica. No est\u00e1 destinado al consumo humano. S\u00f3lo para hormigas.<br \/>\nProporci\u00f3n aproximada de mezcla 70% Acheta domesticus y 30% miel.<\/p>\n<p><strong>Almacenamiento:<\/strong><br \/>\nSe puede volver a cerrar. Conservar en un lugar oscuro, fresco y seco.<\/p>\n<p><strong>Nota:<\/strong><br \/>\nAlimento complementario para las hormigas.<br \/>\nConsulte el prospecto para conocer la composici\u00f3n, los ingredientes anal\u00edticos, la fecha de consumo preferente y el n\u00famero de lote.<\/p>\n<p>L\u00ednea directa de informaci\u00f3n +49 30 439703870<\/p>\n<p>Responsable de la inspecci\u00f3n veterinaria y alimentaria:<br \/>\nOficina veterinaria de Steglitz<br \/>\nK\u00f6nigin-Luise-Str. 92<br \/>\n14195 Berl\u00edn<\/p>","protected":false},"excerpt":{"rendered":"<p>Alimentaci\u00f3n complementaria<\/p>","protected":false},"featured_media":4182,"comment_status":"open","ping_status":"closed","template":"","meta":{"_acf_changed":false,"content-type":"","_monsterinsights_skip_tracking":false,"_monsterinsights_sitenote_active":false,"_monsterinsights_sitenote_note":"","_monsterinsights_sitenote_category":0},"product_brand":[],"product_cat":[115,116],"product_tag":[],"class_list":{"0":"post-4175","1":"product","2":"type-product","3":"status-publish","4":"has-post-thumbnail","6":"product_cat-food-and-feeding","7":"product_cat-food","9":"first","10":"instock","11":"taxable","12":"shipping-taxable","13":"purchasable","14":"product-type-simple"},"acf":[],"aioseo_notices":[],"jetpack_sharing_enabled":true,"_links":{"self":[{"href":"https:\/\/antcube.shop\/es\/wp-json\/wp\/v2\/product\/4175","targetHints":{"allow":["GET"]}}],"collection":[{"href":"https:\/\/antcube.shop\/es\/wp-json\/wp\/v2\/product"}],"about":[{"href":"https:\/\/antcube.shop\/es\/wp-json\/wp\/v2\/types\/product"}],"replies":[{"embeddable":true,"href":"https:\/\/antcube.shop\/es\/wp-json\/wp\/v2\/comments?post=4175"}],"wp:featuredmedia":[{"embeddable":true,"href":"https:\/\/antcube.shop\/es\/wp-json\/wp\/v2\/media\/4182"}],"wp:attachment":[{"href":"https:\/\/antcube.shop\/es\/wp-json\/wp\/v2\/media?parent=4175"}],"wp:term":[{"taxonomy":"product_brand","embeddable":true,"href":"https:\/\/antcube.shop\/es\/wp-json\/wp\/v2\/product_brand?post=4175"},{"taxonomy":"product_cat","embeddable":true,"href":"https:\/\/antcube.shop\/es\/wp-json\/wp\/v2\/product_cat?post=4175"},{"taxonomy":"product_tag","embeddable":true,"href":"https:\/\/antcube.shop\/es\/wp-json\/wp\/v2\/product_tag?post=4175"}],"curies":[{"name":"wp","href":"https:\/\/api.w.org\/{rel}","templated":true}]}}