{"id":4165,"date":"2022-02-28T11:41:35","date_gmt":"2022-02-28T10:41:35","guid":{"rendered":"https:\/\/antcube.shop\/produkt\/fixier-punkte-8-st\/"},"modified":"2026-04-13T10:48:42","modified_gmt":"2026-04-13T08:48:42","slug":"fixier-punkte-8-st","status":"publish","type":"product","link":"https:\/\/antcube.shop\/es\/producto\/fixier-punkte-8-st\/","title":{"rendered":"Puntos de fijaci\u00f3n - 8 piezas"},"content":{"rendered":"<p><strong>Dimensiones (LxAxA):<\/strong> 12x12x3 mm (A trav\u00e9s de la forma trapezoidal en la parte superior 10x10mm).<\/p>\n<p><strong>Material:<\/strong> poliuretano sin plastificantes con acrilato adhesivo<\/p>\n<p><strong>Color:<\/strong> transparente<\/p>\n<p><strong>Contenido:<\/strong><br \/>\n8x puntos de fijaci\u00f3n<\/p>\n<p><strong>Descripci\u00f3n:<\/strong> Para nuestra cubierta de arena para hormigas. Los puntos de fijaci\u00f3n se pegan en la parte inferior de la cubierta para evitar que se deslice fuera de la arena. Los puntos tambi\u00e9n se pueden utilizar como pies para la arena y tambi\u00e9n para los insertos de la arena del extremo interior para protegerlos de volcarse.<\/p>","protected":false},"excerpt":{"rendered":"<p>Dimensiones (LxAxA): 12x12x3 mm (A trav\u00e9s de la forma trapezoidal en la parte superior 10x10mm). Material: poliuretano sin plastificantes con acrilato adhesivo Color: transparente Contenido: 8x puntos de fijaci\u00f3n Descripci\u00f3n: Para nuestra cubierta de hormigueros. Los puntos de fijaci\u00f3n se pegan en la parte inferior de la cubierta para evitar que se salga de la arena. Los puntos tambi\u00e9n se pueden utilizar como [...]","protected":false},"featured_media":4178,"comment_status":"open","ping_status":"closed","template":"","meta":{"_acf_changed":false,"content-type":"","_monsterinsights_skip_tracking":false,"_monsterinsights_sitenote_active":false,"_monsterinsights_sitenote_note":"","_monsterinsights_sitenote_category":0},"product_brand":[],"product_cat":[92,237],"product_tag":[],"class_list":{"0":"post-4165","1":"product","2":"type-product","3":"status-publish","4":"has-post-thumbnail","6":"product_cat-arena-cover","7":"product_cat-tools","9":"first","10":"instock","11":"taxable","12":"shipping-taxable","13":"purchasable","14":"product-type-simple"},"acf":[],"aioseo_notices":[],"jetpack_sharing_enabled":true,"_links":{"self":[{"href":"https:\/\/antcube.shop\/es\/wp-json\/wp\/v2\/product\/4165","targetHints":{"allow":["GET"]}}],"collection":[{"href":"https:\/\/antcube.shop\/es\/wp-json\/wp\/v2\/product"}],"about":[{"href":"https:\/\/antcube.shop\/es\/wp-json\/wp\/v2\/types\/product"}],"replies":[{"embeddable":true,"href":"https:\/\/antcube.shop\/es\/wp-json\/wp\/v2\/comments?post=4165"}],"wp:featuredmedia":[{"embeddable":true,"href":"https:\/\/antcube.shop\/es\/wp-json\/wp\/v2\/media\/4178"}],"wp:attachment":[{"href":"https:\/\/antcube.shop\/es\/wp-json\/wp\/v2\/media?parent=4165"}],"wp:term":[{"taxonomy":"product_brand","embeddable":true,"href":"https:\/\/antcube.shop\/es\/wp-json\/wp\/v2\/product_brand?post=4165"},{"taxonomy":"product_cat","embeddable":true,"href":"https:\/\/antcube.shop\/es\/wp-json\/wp\/v2\/product_cat?post=4165"},{"taxonomy":"product_tag","embeddable":true,"href":"https:\/\/antcube.shop\/es\/wp-json\/wp\/v2\/product_tag?post=4165"}],"curies":[{"name":"wp","href":"https:\/\/api.w.org\/{rel}","templated":true}]}}