{"id":4145,"date":"2022-02-14T15:54:25","date_gmt":"2022-02-14T14:54:25","guid":{"rendered":"https:\/\/antcube.shop\/produkt\/ant-nuggets-20g\/"},"modified":"2026-04-09T13:59:26","modified_gmt":"2026-04-09T11:59:26","slug":"pepitas-de-hormiga-20g","status":"publish","type":"product","link":"https:\/\/antcube.shop\/es\/producto\/pepitas-de-hormiga-20g\/","title":{"rendered":"Nuggets de hormiga - 20g"},"content":{"rendered":"<p><strong>Contenido:<\/strong><br \/>\n20g<\/p>\n<p><strong>Descripci\u00f3n:<\/strong><br \/>\nEste es un producto natural puro. Nuestras Pepitas de Hormiga, fueron recogidas cuidadosamente en la naturaleza salvaje de Bulgaria por apicultores. De f\u00e1cil digesti\u00f3n debido a la fermentaci\u00f3n natural. Gracias a las prote\u00ednas de alta calidad es un alimento casi completo (sustituye a la miel\/az\u00facar y a las prote\u00ednas) para la mayor\u00eda de las especies de hormigas formicoides como Lasius sp., Camponotus sp. o Messor sp. e incluso a las hormigas cortadoras de hojas les encanta. No sustituye el agua dulce que necesitan las hormigas. Tampoco sustituye la necesidad de prote\u00ednas vivas, como los peque\u00f1os insectos.<\/p>\n<p><strong>Aplicaci\u00f3n:<\/strong><br \/>\nPara la alimentaci\u00f3n, los Ant Nuggets deben dividirse en porciones m\u00e1s peque\u00f1as o disolverse en agua.<\/p>\n<p><strong>Contiene:<\/strong><br \/>\n100% Polen de flores fermentado naturalmente. No est\u00e1 destinado al consumo humano. S\u00f3lo para hormigas.<\/p>\n<p><strong>Almacenamiento:<\/strong><br \/>\nSe puede volver a cerrar. Conservar en un lugar oscuro, fresco y seco.<\/p>\n<p><strong>Nota:<\/strong><br \/>\nAlimento complementario para las hormigas.<br \/>\nConsulte el prospecto para conocer la composici\u00f3n, los ingredientes anal\u00edticos, la fecha de consumo preferente y el n\u00famero de lote.<\/p>\n<p>L\u00ednea directa de informaci\u00f3n +49 30 439703870<\/p>\n<p>Responsable de la inspecci\u00f3n veterinaria y alimentaria:<br \/>\nOficina veterinaria de Steglitz<br \/>\nK\u00f6nigin-Luise-Str. 92<br \/>\n14195 Berl\u00edn<\/p>","protected":false},"excerpt":{"rendered":"<p>Alimentaci\u00f3n complementaria<\/p>","protected":false},"featured_media":4149,"comment_status":"open","ping_status":"closed","template":"","meta":{"_acf_changed":false,"content-type":"","_monsterinsights_skip_tracking":false,"_monsterinsights_sitenote_active":false,"_monsterinsights_sitenote_note":"","_monsterinsights_sitenote_category":0},"product_brand":[],"product_cat":[115,116],"product_tag":[],"class_list":{"0":"post-4145","1":"product","2":"type-product","3":"status-publish","4":"has-post-thumbnail","6":"product_cat-food-and-feeding","7":"product_cat-food","9":"first","10":"instock","11":"taxable","12":"shipping-taxable","13":"purchasable","14":"product-type-simple"},"acf":[],"aioseo_notices":[],"jetpack_sharing_enabled":true,"_links":{"self":[{"href":"https:\/\/antcube.shop\/es\/wp-json\/wp\/v2\/product\/4145","targetHints":{"allow":["GET"]}}],"collection":[{"href":"https:\/\/antcube.shop\/es\/wp-json\/wp\/v2\/product"}],"about":[{"href":"https:\/\/antcube.shop\/es\/wp-json\/wp\/v2\/types\/product"}],"replies":[{"embeddable":true,"href":"https:\/\/antcube.shop\/es\/wp-json\/wp\/v2\/comments?post=4145"}],"wp:featuredmedia":[{"embeddable":true,"href":"https:\/\/antcube.shop\/es\/wp-json\/wp\/v2\/media\/4149"}],"wp:attachment":[{"href":"https:\/\/antcube.shop\/es\/wp-json\/wp\/v2\/media?parent=4145"}],"wp:term":[{"taxonomy":"product_brand","embeddable":true,"href":"https:\/\/antcube.shop\/es\/wp-json\/wp\/v2\/product_brand?post=4145"},{"taxonomy":"product_cat","embeddable":true,"href":"https:\/\/antcube.shop\/es\/wp-json\/wp\/v2\/product_cat?post=4145"},{"taxonomy":"product_tag","embeddable":true,"href":"https:\/\/antcube.shop\/es\/wp-json\/wp\/v2\/product_tag?post=4145"}],"curies":[{"name":"wp","href":"https:\/\/api.w.org\/{rel}","templated":true}]}}