{"id":4143,"date":"2022-02-14T15:34:07","date_gmt":"2022-02-14T14:34:07","guid":{"rendered":"https:\/\/antcube.shop\/produkt\/bodengrund-sand-lehm-weis-200g\/"},"modified":"2026-04-04T03:59:10","modified_gmt":"2026-04-04T01:59:10","slug":"bodengrund-sand-lehm-weis-200g","status":"publish","type":"product","link":"https:\/\/antcube.shop\/es\/producto\/bodengrund-sand-lehm-weis-200g\/","title":{"rendered":"tierra - mezcla franco-arenosa blanca - 200g"},"content":{"rendered":"<p><strong>Contenido:<\/strong> 200g<\/p>\n<p><strong>Material:<\/strong> arena, cal, cal viva<\/p>\n<p><strong>Color:<\/strong> blanco<\/p>\n<p><strong>Proporci\u00f3n de la mezcla:<\/strong> diggable<\/p>\n<p><strong>Descripci\u00f3n:<\/strong> Esta mezcla de arena y arcilla terminada es un producto natural puro. El colorante proviene de la arena de cal blanca. La fuerza proviene de una mezcla de cal aglutinante, que es inofensiva para los animales.<\/p>\n<p><strong>Utilizar:<\/strong> Tierra de excavaci\u00f3n, se puede utilizar para las \u00e1reas de nido y arena. Tiene una mayor resistencia en comparaci\u00f3n con el suelo-beige, incluso cuando est\u00e1 mojado.<\/p>\n<p><strong>Nota:<\/strong> al tratarse de un producto puramente natural, puede haber ligeras diferencias de color y estructura sobre las que no podemos influir.<\/p>\n<p><strong>Es importante:<\/strong> Por favor, humedezca el sustrato antes de usarlo para que la mezcla pueda combinarse y desarrollarse firmemente en el hormiguero. Adem\u00e1s, un sustrato demasiado seco y polvoriento puede provocar la obstrucci\u00f3n de las v\u00edas respiratorias de las hormigas y, en el peor de los casos, la asfixia de los animales.<\/p>","protected":false},"excerpt":{"rendered":"<p>Sustrato natural - excavable<\/p>","protected":false},"featured_media":4386,"comment_status":"open","ping_status":"closed","template":"","meta":{"_acf_changed":false,"content-type":"","_monsterinsights_skip_tracking":false,"_monsterinsights_sitenote_active":false,"_monsterinsights_sitenote_note":"","_monsterinsights_sitenote_category":0},"product_brand":[],"product_cat":[96],"product_tag":[],"class_list":{"0":"post-4143","1":"product","2":"type-product","3":"status-publish","4":"has-post-thumbnail","6":"product_cat-soil","8":"first","9":"instock","10":"taxable","11":"shipping-taxable","12":"purchasable","13":"product-type-simple"},"acf":[],"aioseo_notices":[],"jetpack_sharing_enabled":true,"_links":{"self":[{"href":"https:\/\/antcube.shop\/es\/wp-json\/wp\/v2\/product\/4143","targetHints":{"allow":["GET"]}}],"collection":[{"href":"https:\/\/antcube.shop\/es\/wp-json\/wp\/v2\/product"}],"about":[{"href":"https:\/\/antcube.shop\/es\/wp-json\/wp\/v2\/types\/product"}],"replies":[{"embeddable":true,"href":"https:\/\/antcube.shop\/es\/wp-json\/wp\/v2\/comments?post=4143"}],"wp:featuredmedia":[{"embeddable":true,"href":"https:\/\/antcube.shop\/es\/wp-json\/wp\/v2\/media\/4386"}],"wp:attachment":[{"href":"https:\/\/antcube.shop\/es\/wp-json\/wp\/v2\/media?parent=4143"}],"wp:term":[{"taxonomy":"product_brand","embeddable":true,"href":"https:\/\/antcube.shop\/es\/wp-json\/wp\/v2\/product_brand?post=4143"},{"taxonomy":"product_cat","embeddable":true,"href":"https:\/\/antcube.shop\/es\/wp-json\/wp\/v2\/product_cat?post=4143"},{"taxonomy":"product_tag","embeddable":true,"href":"https:\/\/antcube.shop\/es\/wp-json\/wp\/v2\/product_tag?post=4143"}],"curies":[{"name":"wp","href":"https:\/\/api.w.org\/{rel}","templated":true}]}}