{"id":4141,"date":"2022-02-14T15:33:41","date_gmt":"2022-02-14T14:33:41","guid":{"rendered":"https:\/\/antcube.shop\/produkt\/bodengrund-sand-lehm-beige-200g\/"},"modified":"2026-04-04T17:56:25","modified_gmt":"2026-04-04T15:56:25","slug":"bodengrund-sand-lehm-beige-200g","status":"publish","type":"product","link":"https:\/\/antcube.shop\/es\/producto\/bodengrund-sand-lehm-beige-200g\/","title":{"rendered":"tierra - mezcla de arena y marga beige - 200g"},"content":{"rendered":"<p><strong>Contenido:<\/strong> 200g<\/p>\n<p><strong>Material:<\/strong> arena, marga<\/p>\n<p><strong>Color:<\/strong> beige<\/p>\n<p><strong>Proporci\u00f3n de la mezcla:<\/strong> diggable<\/p>\n<p><strong>Descripci\u00f3n:<\/strong> Esta mezcla de arena y arcilla ya preparada es un producto natural puro. La coloraci\u00f3n y la fuerza son creadas por la tierra arcillosa natural, que es inofensiva para los animales.<\/p>\n<p><strong>Aplicaci\u00f3n:<\/strong> \u00a1Suelo para cavar, puede ser utilizado para el nido y el \u00e1rea de la arena!<\/p>\n<p><strong>Nota:<\/strong> al tratarse de un producto puramente natural, puede haber ligeras diferencias de color y estructura sobre las que no podemos influir.<\/p>\n<p><strong>Es importante:<\/strong> Por favor, humedezca el sustrato antes de usarlo para que la mezcla pueda combinarse y desarrollarse firmemente en el hormiguero. Adem\u00e1s, un sustrato demasiado seco y polvoriento puede provocar la obstrucci\u00f3n de las v\u00edas respiratorias de las hormigas y, en el peor de los casos, la asfixia de los animales.<\/p>","protected":false},"excerpt":{"rendered":"<p>Sustrato natural - excavable<\/p>","protected":false},"featured_media":4390,"comment_status":"open","ping_status":"closed","template":"","meta":{"_acf_changed":false,"content-type":"","_monsterinsights_skip_tracking":false,"_monsterinsights_sitenote_active":false,"_monsterinsights_sitenote_note":"","_monsterinsights_sitenote_category":0},"product_brand":[],"product_cat":[96],"product_tag":[],"class_list":{"0":"post-4141","1":"product","2":"type-product","3":"status-publish","4":"has-post-thumbnail","6":"product_cat-soil","8":"first","9":"instock","10":"taxable","11":"shipping-taxable","12":"purchasable","13":"product-type-simple"},"acf":[],"aioseo_notices":[],"jetpack_sharing_enabled":true,"_links":{"self":[{"href":"https:\/\/antcube.shop\/es\/wp-json\/wp\/v2\/product\/4141","targetHints":{"allow":["GET"]}}],"collection":[{"href":"https:\/\/antcube.shop\/es\/wp-json\/wp\/v2\/product"}],"about":[{"href":"https:\/\/antcube.shop\/es\/wp-json\/wp\/v2\/types\/product"}],"replies":[{"embeddable":true,"href":"https:\/\/antcube.shop\/es\/wp-json\/wp\/v2\/comments?post=4141"}],"wp:featuredmedia":[{"embeddable":true,"href":"https:\/\/antcube.shop\/es\/wp-json\/wp\/v2\/media\/4390"}],"wp:attachment":[{"href":"https:\/\/antcube.shop\/es\/wp-json\/wp\/v2\/media?parent=4141"}],"wp:term":[{"taxonomy":"product_brand","embeddable":true,"href":"https:\/\/antcube.shop\/es\/wp-json\/wp\/v2\/product_brand?post=4141"},{"taxonomy":"product_cat","embeddable":true,"href":"https:\/\/antcube.shop\/es\/wp-json\/wp\/v2\/product_cat?post=4141"},{"taxonomy":"product_tag","embeddable":true,"href":"https:\/\/antcube.shop\/es\/wp-json\/wp\/v2\/product_tag?post=4141"}],"curies":[{"name":"wp","href":"https:\/\/api.w.org\/{rel}","templated":true}]}}