{"id":4047,"date":"2021-11-30T15:12:53","date_gmt":"2021-11-30T14:12:53","guid":{"rendered":"https:\/\/antcube.shop\/produkt\/enamel-mug\/"},"modified":"2024-12-12T12:25:27","modified_gmt":"2024-12-12T11:25:27","slug":"taza-de-esmalte","status":"publish","type":"product","link":"https:\/\/antcube.shop\/es\/producto\/taza-de-esmalte\/","title":{"rendered":"Taza de esmalte"},"content":{"rendered":"<p>Todo campista feliz necesita una taza de campista \u00fanica. Es ligera, duradera y multifuncional. \u00dasala para tu bebida favorita o para una comida caliente, y eng\u00e1nchala a tu mochila para acceder f\u00e1cilmente a ella durante una excursi\u00f3n.<\/p>\n<p>- Material: Esmalte<br \/>\n- Dimensiones: altura 3,14\u2033 (8 cm), di\u00e1metro 3,25\u2033(8,25 cm)<br \/>\n- Revestimiento blanco con un borde plateado<br \/>\n- Lavado a mano solamente<br \/>\n- Producto en blanco procedente de China<\/p>\n<p><strong>Atenci\u00f3n. No caliente l\u00edquidos o alimentos directamente en la taza, puede da\u00f1ar el revestimiento.<\/strong><\/p>","protected":false},"excerpt":{"rendered":"<p>Todo campista feliz necesita una taza de campista \u00fanica. Es ligera, duradera y multifuncional. \u00dasala para tu bebida favorita o para una comida caliente, y eng\u00e1nchala a tu mochila para tener un f\u00e1cil acceso en una excursi\u00f3n. - Material: Esmalte - Dimensiones: altura 3,14\u2033 (8 cm), di\u00e1metro 3,25\u2033(8,25 cm) - Revestimiento blanco con borde plateado - [...]","protected":false},"featured_media":4048,"comment_status":"open","ping_status":"closed","template":"","meta":{"_acf_changed":false,"content-type":"","_monsterinsights_skip_tracking":false,"_monsterinsights_sitenote_active":false,"_monsterinsights_sitenote_note":"","_monsterinsights_sitenote_category":0},"product_brand":[],"product_cat":[245],"product_tag":[],"class_list":{"0":"post-4047","1":"product","2":"type-product","3":"status-publish","4":"has-post-thumbnail","6":"product_cat-merchandise","8":"first","9":"instock","10":"taxable","11":"shipping-taxable","12":"purchasable","13":"product-type-simple"},"acf":[],"aioseo_notices":[],"jetpack_sharing_enabled":true,"_links":{"self":[{"href":"https:\/\/antcube.shop\/es\/wp-json\/wp\/v2\/product\/4047","targetHints":{"allow":["GET"]}}],"collection":[{"href":"https:\/\/antcube.shop\/es\/wp-json\/wp\/v2\/product"}],"about":[{"href":"https:\/\/antcube.shop\/es\/wp-json\/wp\/v2\/types\/product"}],"replies":[{"embeddable":true,"href":"https:\/\/antcube.shop\/es\/wp-json\/wp\/v2\/comments?post=4047"}],"wp:featuredmedia":[{"embeddable":true,"href":"https:\/\/antcube.shop\/es\/wp-json\/wp\/v2\/media\/4048"}],"wp:attachment":[{"href":"https:\/\/antcube.shop\/es\/wp-json\/wp\/v2\/media?parent=4047"}],"wp:term":[{"taxonomy":"product_brand","embeddable":true,"href":"https:\/\/antcube.shop\/es\/wp-json\/wp\/v2\/product_brand?post=4047"},{"taxonomy":"product_cat","embeddable":true,"href":"https:\/\/antcube.shop\/es\/wp-json\/wp\/v2\/product_cat?post=4047"},{"taxonomy":"product_tag","embeddable":true,"href":"https:\/\/antcube.shop\/es\/wp-json\/wp\/v2\/product_tag?post=4047"}],"curies":[{"name":"wp","href":"https:\/\/api.w.org\/{rel}","templated":true}]}}