{"id":3957,"date":"2021-11-30T13:32:38","date_gmt":"2021-11-30T12:32:38","guid":{"rendered":"https:\/\/antcube.shop\/produkt\/mens-high-top-canvas-shoes\/"},"modified":"2024-12-12T12:25:45","modified_gmt":"2024-12-12T11:25:45","slug":"zapatos-de-lona-para-hombre","status":"publish","type":"product","link":"https:\/\/antcube.shop\/es\/producto\/zapatos-de-lona-para-hombre\/","title":{"rendered":"Zapatillas altas de lona para hombre"},"content":{"rendered":"<p>Aumente su nivel de calzado con las zapatillas de lona High Top. Estos zapatos hechos a mano y a la moda seguro que dar\u00e1n vida a tu conjunto. \u00a1Consigue las tuyas ahora!<\/p>\n<p>- 100% poli\u00e9ster, parte superior de lona<br \/>\n- Suela de goma de etileno-acetato de vinilo (EVA)<br \/>\n- Forro transpirable, plantilla blanda<br \/>\n- Puntera de piel sint\u00e9tica<br \/>\n- Cordones blancos<br \/>\n- Cuello acolchado, frontal con cordones<br \/>\n- Producto en blanco procedente de China<\/p>\n<p><strong>Es importante:<\/strong> Este producto est\u00e1 disponible en los siguientes pa\u00edses: Estados Unidos, Canad\u00e1, Australia, Nueva Zelanda y Jap\u00f3n. Si su direcci\u00f3n de env\u00edo est\u00e1 fuera de estos pa\u00edses, elija otro producto.<\/p>\n<p><strong>Descargo de responsabilidad:<\/strong> Los zapatos tendr\u00e1n un olor parecido al del pegamento al abrir la caja. El olor desaparecer\u00e1 unos d\u00edas despu\u00e9s de desembalar los zapatos.<\/p>","protected":false},"excerpt":{"rendered":"<p>Intensifica tu juego de calzado con las zapatillas de lona de ca\u00f1a alta. Estas modernas zapatillas hechas a mano seguro que le dan un toque especial a tu conjunto. \u00a1Hazte ya con las tuyas! - 100% poli\u00e9ster, parte superior de lona - Suela de goma de etilvinilacetato (EVA) - Forro transpirable, plantilla blanda - Puntera de piel sint\u00e9tica - Cordones blancos - Cuello acolchado, cierre de cordones delantero","protected":false},"featured_media":3975,"comment_status":"open","ping_status":"closed","template":"","meta":{"_acf_changed":false,"content-type":"","_monsterinsights_skip_tracking":false,"_monsterinsights_sitenote_active":false,"_monsterinsights_sitenote_note":"","_monsterinsights_sitenote_category":0},"product_brand":[],"product_cat":[245],"product_tag":[],"class_list":{"0":"post-3957","1":"product","2":"type-product","3":"status-publish","4":"has-post-thumbnail","6":"product_cat-merchandise","8":"first","9":"instock","10":"taxable","11":"shipping-taxable","12":"purchasable","13":"product-type-variable"},"acf":[],"aioseo_notices":[],"jetpack_sharing_enabled":true,"_links":{"self":[{"href":"https:\/\/antcube.shop\/es\/wp-json\/wp\/v2\/product\/3957","targetHints":{"allow":["GET"]}}],"collection":[{"href":"https:\/\/antcube.shop\/es\/wp-json\/wp\/v2\/product"}],"about":[{"href":"https:\/\/antcube.shop\/es\/wp-json\/wp\/v2\/types\/product"}],"replies":[{"embeddable":true,"href":"https:\/\/antcube.shop\/es\/wp-json\/wp\/v2\/comments?post=3957"}],"wp:featuredmedia":[{"embeddable":true,"href":"https:\/\/antcube.shop\/es\/wp-json\/wp\/v2\/media\/3975"}],"wp:attachment":[{"href":"https:\/\/antcube.shop\/es\/wp-json\/wp\/v2\/media?parent=3957"}],"wp:term":[{"taxonomy":"product_brand","embeddable":true,"href":"https:\/\/antcube.shop\/es\/wp-json\/wp\/v2\/product_brand?post=3957"},{"taxonomy":"product_cat","embeddable":true,"href":"https:\/\/antcube.shop\/es\/wp-json\/wp\/v2\/product_cat?post=3957"},{"taxonomy":"product_tag","embeddable":true,"href":"https:\/\/antcube.shop\/es\/wp-json\/wp\/v2\/product_tag?post=3957"}],"curies":[{"name":"wp","href":"https:\/\/api.w.org\/{rel}","templated":true}]}}