{"id":3625,"date":"2021-11-19T12:53:34","date_gmt":"2021-11-19T11:53:34","guid":{"rendered":"https:\/\/antcube.shop\/produkt\/snapback-hat\/"},"modified":"2024-12-12T12:26:44","modified_gmt":"2024-12-12T11:26:44","slug":"snapback-hat","status":"publish","type":"product","link":"https:\/\/antcube.shop\/es\/producto\/snapback-hat\/","title":{"rendered":"Gorra Snapback"},"content":{"rendered":"<p>Este sombrero est\u00e1 estructurado con un ajuste cl\u00e1sico, ala plana y hebilla completa. El cierre a presi\u00f3n ajustable lo convierte en un sombrero c\u00f3modo y de talla \u00fanica.<\/p>\n<p>- 80% acr\u00edlico, 20% lana<br \/>\n- El camuflaje verde es de algod\u00f3n 60%, poli\u00e9ster 40%<br \/>\n- Estructurado, de 6 paneles, de alto perfil<br \/>\n- 6 ojales bordados<br \/>\n- Cierre de pl\u00e1stico a presi\u00f3n<br \/>\n- Subcontratista verde<br \/>\n- Circunferencia de la cabeza: 21\u215d-23\u215d\u2033 (54,9 cm-60 cm)<br \/>\n- Producto en blanco procedente de Vietnam o Bangladesh<\/p>\n<p>&nbsp;<\/p>\n<p>La entrega y producci\u00f3n de los productos de la categor\u00eda Mercanc\u00eda es gestionada por nuestro socio PRINTFUL. Al pedir uno de estos productos usted acepta los T\u00e9rminos y Condiciones, la Pol\u00edtica de Privacidad y la Pol\u00edtica de Devoluci\u00f3n de PRINTFUL.<\/p>\n<p><a href=\"https:\/\/www.printful.com\/policies\/terms-of-service\">Encuentre los T\u00e9rminos y Condiciones de PRINTFUL aqu\u00ed.<\/a><\/p>\n<p><a href=\"https:\/\/www.printful.com\/policies\/returns\">Encuentre la pol\u00edtica de devoluciones de PRINTFUL aqu\u00ed.<\/a><\/p>\n<p><a href=\"https:\/\/www.printful.com\/policies\/privacy\">Encuentre la pol\u00edtica de privacidad de PRINTFUL aqu\u00ed.<\/a><\/p>","protected":false},"excerpt":{"rendered":"<p>Este sombrero est\u00e1 estructurado con un ajuste cl\u00e1sico, ala plana y bucar\u00e1n completo. El cierre a presi\u00f3n ajustable lo convierte en un sombrero c\u00f3modo y de talla \u00fanica. - Acr\u00edlico 80%, lana 20% - El camuflaje verde es de algod\u00f3n 60%, poli\u00e9ster 40% - Estructurado, de 6 paneles, de perfil alto - 6 ojales bordados - Cierre a presi\u00f3n de pl\u00e1stico - Undervisor verde - Per\u00edmetro cef\u00e1lico: 21\u215d\u2033-23\u215d\u2033.","protected":false},"featured_media":3627,"comment_status":"open","ping_status":"closed","template":"","meta":{"_acf_changed":false,"content-type":"","_monsterinsights_skip_tracking":false,"_monsterinsights_sitenote_active":false,"_monsterinsights_sitenote_note":"","_monsterinsights_sitenote_category":0},"product_brand":[],"product_cat":[245],"product_tag":[],"class_list":{"0":"post-3625","1":"product","2":"type-product","3":"status-publish","4":"has-post-thumbnail","6":"product_cat-merchandise","8":"first","9":"instock","10":"taxable","11":"shipping-taxable","12":"purchasable","13":"product-type-simple"},"acf":[],"aioseo_notices":[],"jetpack_sharing_enabled":true,"_links":{"self":[{"href":"https:\/\/antcube.shop\/es\/wp-json\/wp\/v2\/product\/3625","targetHints":{"allow":["GET"]}}],"collection":[{"href":"https:\/\/antcube.shop\/es\/wp-json\/wp\/v2\/product"}],"about":[{"href":"https:\/\/antcube.shop\/es\/wp-json\/wp\/v2\/types\/product"}],"replies":[{"embeddable":true,"href":"https:\/\/antcube.shop\/es\/wp-json\/wp\/v2\/comments?post=3625"}],"wp:featuredmedia":[{"embeddable":true,"href":"https:\/\/antcube.shop\/es\/wp-json\/wp\/v2\/media\/3627"}],"wp:attachment":[{"href":"https:\/\/antcube.shop\/es\/wp-json\/wp\/v2\/media?parent=3625"}],"wp:term":[{"taxonomy":"product_brand","embeddable":true,"href":"https:\/\/antcube.shop\/es\/wp-json\/wp\/v2\/product_brand?post=3625"},{"taxonomy":"product_cat","embeddable":true,"href":"https:\/\/antcube.shop\/es\/wp-json\/wp\/v2\/product_cat?post=3625"},{"taxonomy":"product_tag","embeddable":true,"href":"https:\/\/antcube.shop\/es\/wp-json\/wp\/v2\/product_tag?post=3625"}],"curies":[{"name":"wp","href":"https:\/\/api.w.org\/{rel}","templated":true}]}}