{"id":3611,"date":"2021-11-19T12:49:31","date_gmt":"2021-11-19T11:49:31","guid":{"rendered":"https:\/\/antcube.shop\/produkt\/dad-hat\/"},"modified":"2024-12-12T12:26:53","modified_gmt":"2024-12-12T11:26:53","slug":"sombrero-de-papa","status":"publish","type":"product","link":"https:\/\/antcube.shop\/es\/producto\/sombrero-de-papa\/","title":{"rendered":"Gorro de pap\u00e1"},"content":{"rendered":"<p>Las gorras de pap\u00e1 no son s\u00f3lo para los padres. Esta tiene un perfil bajo con una correa ajustable y una visera curvada.<\/p>\n<p>- 100% sarga de algod\u00f3n chino<br \/>- El color verde del camuflaje es 35% sarga de algod\u00f3n chino, 65% poli\u00e9ster<br \/>- No estructurado, de 6 paneles, de perfil bajo<br \/>- 6 ojales bordados<br \/>- Corona de 3 \u215b\" (7,6 cm)<br \/>- Correa ajustable con hebilla antigua<br \/>- Producto en blanco procedente de Vietnam o Bangladesh<\/p>\n<p>\u00a0<\/p>\n<p>La entrega y producci\u00f3n de los productos de la categor\u00eda Mercanc\u00eda es gestionada por nuestro socio PRINTFUL. Al pedir uno de estos productos usted acepta los T\u00e9rminos y Condiciones, la Pol\u00edtica de Privacidad y la Pol\u00edtica de Devoluci\u00f3n de PRINTFUL.\u00a0<\/p>\n<p><a href=\"https:\/\/www.printful.com\/policies\/terms-of-service\">Encuentre los T\u00e9rminos y Condiciones de PRINTFUL aqu\u00ed.<\/a><\/p>\n<p><a href=\"https:\/\/www.printful.com\/policies\/returns\">Encuentre la pol\u00edtica de devoluciones de PRINTFUL aqu\u00ed.<\/a><\/p>\n<p><a href=\"https:\/\/www.printful.com\/policies\/privacy\">Encuentre la pol\u00edtica de privacidad de PRINTFUL aqu\u00ed.<\/a><\/p>","protected":false},"excerpt":{"rendered":"<p>Las gorras de pap\u00e1 no son s\u00f3lo para los pap\u00e1s. Esta tiene un perfil bajo con correa ajustable y visera curvada. - 100% sarga de algod\u00f3n chino- Color verde camuflaje es 35% sarga de algod\u00f3n chino, 65% poli\u00e9ster- Desestructurada, 6 paneles, perfil bajo- 6 ojales bordados- 3 \u215b\" (7,6 cm) corona- Correa ajustable con hebilla antigua- Producto en blanco procedente de Vietnam.","protected":false},"featured_media":3613,"comment_status":"open","ping_status":"closed","template":"","meta":{"_acf_changed":false,"content-type":"","_monsterinsights_skip_tracking":false,"_monsterinsights_sitenote_active":false,"_monsterinsights_sitenote_note":"","_monsterinsights_sitenote_category":0},"product_brand":[],"product_cat":[245],"product_tag":[],"class_list":{"0":"post-3611","1":"product","2":"type-product","3":"status-publish","4":"has-post-thumbnail","6":"product_cat-merchandise","8":"first","9":"instock","10":"taxable","11":"shipping-taxable","12":"purchasable","13":"product-type-simple"},"acf":[],"aioseo_notices":[],"jetpack_sharing_enabled":true,"_links":{"self":[{"href":"https:\/\/antcube.shop\/es\/wp-json\/wp\/v2\/product\/3611","targetHints":{"allow":["GET"]}}],"collection":[{"href":"https:\/\/antcube.shop\/es\/wp-json\/wp\/v2\/product"}],"about":[{"href":"https:\/\/antcube.shop\/es\/wp-json\/wp\/v2\/types\/product"}],"replies":[{"embeddable":true,"href":"https:\/\/antcube.shop\/es\/wp-json\/wp\/v2\/comments?post=3611"}],"wp:featuredmedia":[{"embeddable":true,"href":"https:\/\/antcube.shop\/es\/wp-json\/wp\/v2\/media\/3613"}],"wp:attachment":[{"href":"https:\/\/antcube.shop\/es\/wp-json\/wp\/v2\/media?parent=3611"}],"wp:term":[{"taxonomy":"product_brand","embeddable":true,"href":"https:\/\/antcube.shop\/es\/wp-json\/wp\/v2\/product_brand?post=3611"},{"taxonomy":"product_cat","embeddable":true,"href":"https:\/\/antcube.shop\/es\/wp-json\/wp\/v2\/product_cat?post=3611"},{"taxonomy":"product_tag","embeddable":true,"href":"https:\/\/antcube.shop\/es\/wp-json\/wp\/v2\/product_tag?post=3611"}],"curies":[{"name":"wp","href":"https:\/\/api.w.org\/{rel}","templated":true}]}}