{"id":3599,"date":"2021-11-19T12:47:56","date_gmt":"2021-11-19T11:47:56","guid":{"rendered":"https:\/\/antcube.shop\/produkt\/premium-eco-hoodie\/"},"modified":"2024-12-12T12:27:02","modified_gmt":"2024-12-12T11:27:02","slug":"premium-eco-hoodie","status":"publish","type":"product","link":"https:\/\/antcube.shop\/es\/producto\/premium-eco-hoodie\/","title":{"rendered":"Sudadera ecol\u00f3gica de primera calidad"},"content":{"rendered":"<p>Te presentamos la sudadera con capucha ecol\u00f3gica de primera calidad, fabricada con materiales org\u00e1nicos y reciclados. Con su c\u00f3modo ajuste, su bolsillo frontal y su capucha de doble capa, la sudadera con capucha es una prenda cl\u00e1sica de calle que puede combinarse con m\u00faltiples looks.<\/p>\n<p>- 85% de algod\u00f3n org\u00e1nico, 15% de poli\u00e9ster reciclado<br \/>\n- Ribetes: 97% de algod\u00f3n org\u00e1nico, 3% de elastano<br \/>\n- Tejido polar cepillado en el interior<br \/>\n- Ajuste c\u00f3modo unisex<br \/>\n- Capucha de doble capa<br \/>\n- Cordones planos con ojales met\u00e1licos para una sensaci\u00f3n de calidad<br \/>\n- Bolsillo tipo canguro<br \/>\n- Parche de etiqueta interior\/exterior para la marca<br \/>\n- Etiqueta de cuidado desprendible<\/p>\n<p>&nbsp;<\/p>\n<p>La entrega y producci\u00f3n de los productos de la categor\u00eda Mercanc\u00eda es gestionada por nuestro socio PRINTFUL. Al pedir uno de estos productos usted acepta los T\u00e9rminos y Condiciones, la Pol\u00edtica de Privacidad y la Pol\u00edtica de Devoluci\u00f3n de PRINTFUL.<\/p>\n<p><a href=\"https:\/\/www.printful.com\/policies\/terms-of-service\">Encuentre los T\u00e9rminos y Condiciones de PRINTFUL aqu\u00ed.<\/a><\/p>\n<p><a href=\"https:\/\/www.printful.com\/policies\/returns\">Encuentre la pol\u00edtica de devoluciones de PRINTFUL aqu\u00ed.<\/a><\/p>\n<p><a href=\"https:\/\/www.printful.com\/policies\/privacy\">Encuentre la pol\u00edtica de privacidad de PRINTFUL aqu\u00ed.<\/a><\/p>","protected":false},"excerpt":{"rendered":"<p>Te presentamos la sudadera con capucha ecol\u00f3gica de primera calidad fabricada con materiales org\u00e1nicos y reciclados. Con su c\u00f3modo ajuste, su bolsillo frontal y su capucha de doble capa, esta sudadera con capucha es una prenda de calle cl\u00e1sica que puede combinarse con m\u00faltiples looks. - 85% algod\u00f3n org\u00e1nico, 15% poli\u00e9ster reciclado - Ribete: 97% algod\u00f3n org\u00e1nico, 3% elastano - Tejido polar cepillado en el interior","protected":false},"featured_media":3607,"comment_status":"open","ping_status":"closed","template":"","meta":{"_acf_changed":false,"content-type":"","_monsterinsights_skip_tracking":false,"_monsterinsights_sitenote_active":false,"_monsterinsights_sitenote_note":"","_monsterinsights_sitenote_category":0},"product_brand":[],"product_cat":[245],"product_tag":[],"class_list":{"0":"post-3599","1":"product","2":"type-product","3":"status-publish","4":"has-post-thumbnail","6":"product_cat-merchandise","8":"first","9":"instock","10":"taxable","11":"shipping-taxable","12":"purchasable","13":"product-type-variable"},"acf":[],"aioseo_notices":[],"jetpack_sharing_enabled":true,"_links":{"self":[{"href":"https:\/\/antcube.shop\/es\/wp-json\/wp\/v2\/product\/3599","targetHints":{"allow":["GET"]}}],"collection":[{"href":"https:\/\/antcube.shop\/es\/wp-json\/wp\/v2\/product"}],"about":[{"href":"https:\/\/antcube.shop\/es\/wp-json\/wp\/v2\/types\/product"}],"replies":[{"embeddable":true,"href":"https:\/\/antcube.shop\/es\/wp-json\/wp\/v2\/comments?post=3599"}],"wp:featuredmedia":[{"embeddable":true,"href":"https:\/\/antcube.shop\/es\/wp-json\/wp\/v2\/media\/3607"}],"wp:attachment":[{"href":"https:\/\/antcube.shop\/es\/wp-json\/wp\/v2\/media?parent=3599"}],"wp:term":[{"taxonomy":"product_brand","embeddable":true,"href":"https:\/\/antcube.shop\/es\/wp-json\/wp\/v2\/product_brand?post=3599"},{"taxonomy":"product_cat","embeddable":true,"href":"https:\/\/antcube.shop\/es\/wp-json\/wp\/v2\/product_cat?post=3599"},{"taxonomy":"product_tag","embeddable":true,"href":"https:\/\/antcube.shop\/es\/wp-json\/wp\/v2\/product_tag?post=3599"}],"curies":[{"name":"wp","href":"https:\/\/api.w.org\/{rel}","templated":true}]}}