{"id":3575,"date":"2021-11-19T12:45:26","date_gmt":"2021-11-19T11:45:26","guid":{"rendered":"https:\/\/antcube.shop\/produkt\/unisex-organic-cotton-t-shirt\/"},"modified":"2024-12-12T12:27:10","modified_gmt":"2024-12-12T11:27:10","slug":"camiseta-unisex-de-algodon-organico","status":"publish","type":"product","link":"https:\/\/antcube.shop\/es\/producto\/camiseta-unisex-de-algodon-organico\/","title":{"rendered":"Camiseta unisex de algod\u00f3n org\u00e1nico"},"content":{"rendered":"<p>Fabricada en algod\u00f3n org\u00e1nico 100%, esta camiseta unisex es un art\u00edculo imprescindible. Es de alta calidad, muy c\u00f3moda y, sobre todo, respetuosa con el medio ambiente.<\/p>\n<p>- 100% algod\u00f3n org\u00e1nico hilado en anillo<br \/>\n- Peso del tejido: 5,3 oz\/yd\u00b2 (180 g\/m\u00b2)<br \/>\n- Maillot individual<br \/>\n- Ajuste medio<br \/>\n- Manguitos de fijaci\u00f3n<br \/>\n- 1 \u00d7 1 costilla en el cuello<br \/>\n- Puntada ancha de doble aguja en las mangas y en los dobladillos inferiores<br \/>\n- Cinta de cuello de tejido propio (en el interior, en la parte posterior del cuello)<br \/>\n- Producto en blanco procedente de China o Bangladesh<\/p>\n<p>&nbsp;<\/p>\n<p>La entrega y producci\u00f3n de los productos de la categor\u00eda Mercanc\u00eda es gestionada por nuestro socio PRINTFUL. Al pedir uno de estos productos usted acepta los T\u00e9rminos y Condiciones, la Pol\u00edtica de Privacidad y la Pol\u00edtica de Devoluci\u00f3n de PRINTFUL.<\/p>\n<p><a href=\"https:\/\/www.printful.com\/policies\/terms-of-service\">Encuentre los T\u00e9rminos y Condiciones de PRINTFUL aqu\u00ed.<\/a><\/p>\n<p><a href=\"https:\/\/www.printful.com\/policies\/returns\">Encuentre la pol\u00edtica de devoluciones de PRINTFUL aqu\u00ed.<\/a><\/p>\n<p><a href=\"https:\/\/www.printful.com\/policies\/privacy\">Encuentre la pol\u00edtica de privacidad de PRINTFUL aqu\u00ed.<\/a><\/p>","protected":false},"excerpt":{"rendered":"<p>Esta camiseta unisex de algod\u00f3n org\u00e1nico 100% hilado en anillos es una prenda imprescindible. Es de alta calidad, muy c\u00f3moda y, lo mejor de todo, respetuosa con el medio ambiente. - Algod\u00f3n org\u00e1nico hilado en anillo 100% - Peso del tejido: 180 g\/m\u00b2 - Punto sencillo - Corte medio - Mangas remetidas - Cuello de canal\u00e9 1 \u00d7 1 - Pespunte ancho a doble aguja en la parte superior de las mangas.","protected":false},"featured_media":3582,"comment_status":"open","ping_status":"closed","template":"","meta":{"_acf_changed":false,"content-type":"","_monsterinsights_skip_tracking":false,"_monsterinsights_sitenote_active":false,"_monsterinsights_sitenote_note":"","_monsterinsights_sitenote_category":0},"product_brand":[],"product_cat":[245],"product_tag":[],"class_list":{"0":"post-3575","1":"product","2":"type-product","3":"status-publish","4":"has-post-thumbnail","6":"product_cat-merchandise","8":"first","9":"instock","10":"taxable","11":"shipping-taxable","12":"purchasable","13":"product-type-variable"},"acf":[],"aioseo_notices":[],"jetpack_sharing_enabled":true,"_links":{"self":[{"href":"https:\/\/antcube.shop\/es\/wp-json\/wp\/v2\/product\/3575","targetHints":{"allow":["GET"]}}],"collection":[{"href":"https:\/\/antcube.shop\/es\/wp-json\/wp\/v2\/product"}],"about":[{"href":"https:\/\/antcube.shop\/es\/wp-json\/wp\/v2\/types\/product"}],"replies":[{"embeddable":true,"href":"https:\/\/antcube.shop\/es\/wp-json\/wp\/v2\/comments?post=3575"}],"wp:featuredmedia":[{"embeddable":true,"href":"https:\/\/antcube.shop\/es\/wp-json\/wp\/v2\/media\/3582"}],"wp:attachment":[{"href":"https:\/\/antcube.shop\/es\/wp-json\/wp\/v2\/media?parent=3575"}],"wp:term":[{"taxonomy":"product_brand","embeddable":true,"href":"https:\/\/antcube.shop\/es\/wp-json\/wp\/v2\/product_brand?post=3575"},{"taxonomy":"product_cat","embeddable":true,"href":"https:\/\/antcube.shop\/es\/wp-json\/wp\/v2\/product_cat?post=3575"},{"taxonomy":"product_tag","embeddable":true,"href":"https:\/\/antcube.shop\/es\/wp-json\/wp\/v2\/product_tag?post=3575"}],"curies":[{"name":"wp","href":"https:\/\/api.w.org\/{rel}","templated":true}]}}