{"id":3443,"date":"2021-11-18T15:53:00","date_gmt":"2021-11-18T14:53:00","guid":{"rendered":"https:\/\/antcube.shop\/produkt\/mens-heavyweight-tee\/"},"modified":"2024-12-12T12:27:24","modified_gmt":"2024-12-12T11:27:24","slug":"hombre-peso-pesado-te","status":"publish","type":"product","link":"https:\/\/antcube.shop\/es\/producto\/hombre-peso-pesado-te\/","title":{"rendered":"Camiseta de algod\u00f3n de alta calidad para hombre"},"content":{"rendered":"<p>La camiseta 100% de algod\u00f3n para hombre te ayudar\u00e1 a conseguir un look m\u00e1s estructurado. Se asienta bien, mantiene las l\u00edneas n\u00edtidas en los bordes y combina perfectamente con los conjuntos de ropa de calle en capas.<br \/>\n- 100% algod\u00f3n<br \/>\n- 90% algod\u00f3n, 10% poli\u00e9ster<br \/>\n- Peso del tejido: 5,0-5,3 oz\/yd\u00b2 (170-180 g\/m\u00b2)<br \/>\n- Hilo abierto<br \/>\n- Tejido tubular<br \/>\n- Cuello y hombros encintados<br \/>\n- Doble costura en las mangas y en el dobladillo inferior<br \/>\n- Producto en blanco procedente de Honduras, Nicaragua, Hait\u00ed, Rep\u00fablica Dominicana, Bangladesh y M\u00e9xico<\/p>\n<p>&nbsp;<\/p>\n<p>La entrega y producci\u00f3n de los productos de la categor\u00eda Mercanc\u00eda es gestionada por nuestro socio PRINTFUL. Al pedir uno de estos productos usted acepta los T\u00e9rminos y Condiciones, la Pol\u00edtica de Privacidad y la Pol\u00edtica de Devoluci\u00f3n de PRINTFUL.<\/p>\n<p><a href=\"https:\/\/www.printful.com\/policies\/terms-of-service\">Encuentre los T\u00e9rminos y Condiciones de PRINTFUL aqu\u00ed.<\/a><\/p>\n<p><a href=\"https:\/\/www.printful.com\/policies\/returns\">Encuentre la pol\u00edtica de devoluciones de PRINTFUL aqu\u00ed.<\/a><\/p>\n<p><a href=\"https:\/\/www.printful.com\/policies\/privacy\">Encuentre la pol\u00edtica de privacidad de PRINTFUL aqu\u00ed.<\/a><\/p>","protected":false},"excerpt":{"rendered":"<p>La camiseta de algod\u00f3n 100% para hombre te ayudar\u00e1 a conseguir un look m\u00e1s estructurado. Se sienta bien, mantiene l\u00edneas n\u00edtidas en los bordes y combina a la perfecci\u00f3n con conjuntos streetwear a capas. - 100% algod\u00f3n - 90% algod\u00f3n, 10% poli\u00e9ster - Peso del tejido: 5.0-5.3 oz\/yd\u00b2 (170-180 g\/m\u00b2) - Hilo de punta abierta - Tejido tubular - Cuello y cuello sellados","protected":false},"featured_media":3451,"comment_status":"open","ping_status":"closed","template":"","meta":{"_acf_changed":false,"content-type":"","_monsterinsights_skip_tracking":false,"_monsterinsights_sitenote_active":false,"_monsterinsights_sitenote_note":"","_monsterinsights_sitenote_category":0},"product_brand":[],"product_cat":[245],"product_tag":[],"class_list":{"0":"post-3443","1":"product","2":"type-product","3":"status-publish","4":"has-post-thumbnail","6":"product_cat-merchandise","8":"first","9":"instock","10":"taxable","11":"shipping-taxable","12":"purchasable","13":"product-type-variable"},"acf":[],"aioseo_notices":[],"jetpack_sharing_enabled":true,"_links":{"self":[{"href":"https:\/\/antcube.shop\/es\/wp-json\/wp\/v2\/product\/3443","targetHints":{"allow":["GET"]}}],"collection":[{"href":"https:\/\/antcube.shop\/es\/wp-json\/wp\/v2\/product"}],"about":[{"href":"https:\/\/antcube.shop\/es\/wp-json\/wp\/v2\/types\/product"}],"replies":[{"embeddable":true,"href":"https:\/\/antcube.shop\/es\/wp-json\/wp\/v2\/comments?post=3443"}],"wp:featuredmedia":[{"embeddable":true,"href":"https:\/\/antcube.shop\/es\/wp-json\/wp\/v2\/media\/3451"}],"wp:attachment":[{"href":"https:\/\/antcube.shop\/es\/wp-json\/wp\/v2\/media?parent=3443"}],"wp:term":[{"taxonomy":"product_brand","embeddable":true,"href":"https:\/\/antcube.shop\/es\/wp-json\/wp\/v2\/product_brand?post=3443"},{"taxonomy":"product_cat","embeddable":true,"href":"https:\/\/antcube.shop\/es\/wp-json\/wp\/v2\/product_cat?post=3443"},{"taxonomy":"product_tag","embeddable":true,"href":"https:\/\/antcube.shop\/es\/wp-json\/wp\/v2\/product_tag?post=3443"}],"curies":[{"name":"wp","href":"https:\/\/api.w.org\/{rel}","templated":true}]}}