{"id":3174,"date":"2021-11-08T12:21:44","date_gmt":"2021-11-08T11:21:44","guid":{"rendered":"https:\/\/antcube.shop\/produkt\/ytongnest-40x20-mit-arena\/"},"modified":"2026-04-07T13:50:18","modified_gmt":"2026-04-07T11:50:18","slug":"ytongnest-40x20-mit-arena","status":"publish","type":"product","link":"https:\/\/antcube.shop\/es\/producto\/ytongnest-40x20-mit-arena\/","title":{"rendered":"Ytongnest - 40\u00d720 con Arena"},"content":{"rendered":"<p><strong>Material:<\/strong> hormig\u00f3n celular, vidrio, pl\u00e1stico PMMA y PVC<\/p>\n<p><strong>Conexi\u00f3n:<\/strong> 1 abertura de 14 mm; 1 abertura de 27 mm<\/p>\n<p><strong>Contenido:<\/strong><br \/>\n1 bloque de hormig\u00f3n celular de 40x20x5 cm con c\u00e1maras de 20 mm de profundidad.<br \/>\n1 placa de vidrio de 40\u00d720 cm con una abertura de 50 mm y una arena de 20\u00d720 cm<br \/>\n1x marco de hormigueros 20\u00d720<br \/>\n1x cubierta de hormigueros 20\u00d720<br \/>\n1x anillo de 50mm con apertura de 27mm<br \/>\n1x tap\u00f3n de formicario 13mm<br \/>\n2x Tap\u00f3n Formicarium 27mm<br \/>\n2x Tap\u00f3n Formicarium 50mm<\/p>\n<p><strong>Descripci\u00f3n:<\/strong><br \/>\nYtong es una marca, el material en s\u00ed se llama hormig\u00f3n celular.<br \/>\nDebido a la propiedad de retenci\u00f3n de agua, el material es muy adecuado para la cr\u00eda de hormigas. Puede utilizarse para mantener un gran n\u00famero de especies excavadoras, tanto de h\u00e1bitats secos como h\u00famedos. Dependiendo de la especie de hormiga, se recomienda cubrir el fondo de las c\u00e1maras con sustrato. Algunas especies se sienten m\u00e1s c\u00f3modas de esta manera y, por ejemplo, las especies de hormigas Ponerinae necesitan tierra para que sus larvas pupen correctamente. Como este nido ya incluye una arena, puede utilizarse como un montaje completo de formicario.<\/p>\n<p><strong>Consejo:<\/strong><br \/>\nPara evitar que el agua se filtre fuera del Ytong despu\u00e9s de humedecer la zona del nido y se acumule en la superficie de los muebles de abajo, o que el material rugoso raye las superficies, recomendamos pedir una de nuestras ba\u00f1eras de cristal a juego con nuestros nidos Ytong. \u00c9stas son impermeables y protegen eficazmente las superficies subyacentes de los da\u00f1os causados por el agua y los ara\u00f1azos.<\/p>\n<p><strong>Uso:<\/strong><br \/>\nPara las especies de hormigas de tama\u00f1o <b>M<\/b> <b>&#8211;\u00a0<\/b><b>L<\/b>.<br \/>\nEl hormig\u00f3n celular es un material muy fr\u00e1gil y quebradizo. Por eso, debido al proceso de fabricaci\u00f3n, es imposible evitar que las esquinas y los bordes presenten ligeras roturas y desniveles. Por ello, los nidos Ytong no son adecuados para especies de hormigas muy peque\u00f1as de tama\u00f1o <b>S<\/b>como estas especies podr\u00edan brotar f\u00e1cilmente aqu\u00ed.<\/p>","protected":false},"excerpt":{"rendered":"<p>Conexi\u00f3n: 1x14mm 1x27mm<br \/>\nTama\u00f1o: <strong><span style=\"color: #339966;\">M<\/span><\/strong><strong> &#8211; <span style=\"color: #0000ff;\">L<\/span><\/strong><\/p>","protected":false},"featured_media":3011,"comment_status":"open","ping_status":"closed","template":"","meta":{"_acf_changed":false,"content-type":"","_monsterinsights_skip_tracking":false,"_monsterinsights_sitenote_active":false,"_monsterinsights_sitenote_note":"","_monsterinsights_sitenote_category":0},"product_brand":[],"product_cat":[85,86],"product_tag":[],"class_list":{"0":"post-3174","1":"product","2":"type-product","3":"status-publish","4":"has-post-thumbnail","6":"product_cat-ant-arenas","7":"product_cat-formicariums","9":"first","10":"instock","11":"taxable","12":"shipping-taxable","13":"purchasable","14":"product-type-simple"},"acf":[],"aioseo_notices":[],"jetpack_sharing_enabled":true,"_links":{"self":[{"href":"https:\/\/antcube.shop\/es\/wp-json\/wp\/v2\/product\/3174","targetHints":{"allow":["GET"]}}],"collection":[{"href":"https:\/\/antcube.shop\/es\/wp-json\/wp\/v2\/product"}],"about":[{"href":"https:\/\/antcube.shop\/es\/wp-json\/wp\/v2\/types\/product"}],"replies":[{"embeddable":true,"href":"https:\/\/antcube.shop\/es\/wp-json\/wp\/v2\/comments?post=3174"}],"wp:featuredmedia":[{"embeddable":true,"href":"https:\/\/antcube.shop\/es\/wp-json\/wp\/v2\/media\/3011"}],"wp:attachment":[{"href":"https:\/\/antcube.shop\/es\/wp-json\/wp\/v2\/media?parent=3174"}],"wp:term":[{"taxonomy":"product_brand","embeddable":true,"href":"https:\/\/antcube.shop\/es\/wp-json\/wp\/v2\/product_brand?post=3174"},{"taxonomy":"product_cat","embeddable":true,"href":"https:\/\/antcube.shop\/es\/wp-json\/wp\/v2\/product_cat?post=3174"},{"taxonomy":"product_tag","embeddable":true,"href":"https:\/\/antcube.shop\/es\/wp-json\/wp\/v2\/product_tag?post=3174"}],"curies":[{"name":"wp","href":"https:\/\/api.w.org\/{rel}","templated":true}]}}