{"id":3166,"date":"2021-11-08T10:47:34","date_gmt":"2021-11-08T09:47:34","guid":{"rendered":"https:\/\/antcube.shop\/produkt\/fotoruckwand-wiese-20x20-cube\/"},"modified":"2026-04-05T10:26:19","modified_gmt":"2026-04-05T08:26:19","slug":"fotoruckwand-wiese-20x20-cube","status":"publish","type":"product","link":"https:\/\/antcube.shop\/es\/producto\/fotoruckwand-wiese-20x20-cube\/","title":{"rendered":"Fotomural - Pradera - 20\u00d720 - Cubo"},"content":{"rendered":"<p><strong>Dimensiones:<\/strong> 20x20cm<\/p>\n<p><strong>Material:<\/strong> Papel de l\u00e1mina brillante<\/p>\n<p><strong>Contenido:<\/strong> 1 pared trasera de fotos<\/p>\n<p><strong>Descripci\u00f3n:<\/strong> Esta pared trasera de la foto est\u00e1 pegada a la parte trasera del formicario desde el exterior para dar la impresi\u00f3n de un entorno que se corresponde con el h\u00e1bitat natural de las hormigas.<\/p>","protected":false},"excerpt":{"rendered":"<p>Dimensiones: 20x20cm\r\n\r\nMaterial: Papel de aluminio brillante\r\n\r\nContenido: 1x foto pared trasera\r\n\r\nDescripci\u00f3n: Esta pared trasera fotogr\u00e1fica se pega a la parte trasera del formicario desde el exterior para dar la impresi\u00f3n de un entorno que se corresponde con el h\u00e1bitat natural de las hormigas.<\/p>","protected":false},"featured_media":3134,"comment_status":"open","ping_status":"closed","template":"","meta":{"_acf_changed":false,"content-type":"","_monsterinsights_skip_tracking":false,"_monsterinsights_sitenote_active":false,"_monsterinsights_sitenote_note":"","_monsterinsights_sitenote_category":0},"product_brand":[],"product_cat":[97,103],"product_tag":[],"class_list":{"0":"post-3166","1":"product","2":"type-product","3":"status-publish","4":"has-post-thumbnail","6":"product_cat-photo-backwalls","7":"product_cat-meadow-photo-backwall","9":"first","10":"instock","11":"taxable","12":"shipping-taxable","13":"purchasable","14":"product-type-simple"},"acf":[],"aioseo_notices":[],"jetpack_sharing_enabled":true,"_links":{"self":[{"href":"https:\/\/antcube.shop\/es\/wp-json\/wp\/v2\/product\/3166","targetHints":{"allow":["GET"]}}],"collection":[{"href":"https:\/\/antcube.shop\/es\/wp-json\/wp\/v2\/product"}],"about":[{"href":"https:\/\/antcube.shop\/es\/wp-json\/wp\/v2\/types\/product"}],"replies":[{"embeddable":true,"href":"https:\/\/antcube.shop\/es\/wp-json\/wp\/v2\/comments?post=3166"}],"wp:featuredmedia":[{"embeddable":true,"href":"https:\/\/antcube.shop\/es\/wp-json\/wp\/v2\/media\/3134"}],"wp:attachment":[{"href":"https:\/\/antcube.shop\/es\/wp-json\/wp\/v2\/media?parent=3166"}],"wp:term":[{"taxonomy":"product_brand","embeddable":true,"href":"https:\/\/antcube.shop\/es\/wp-json\/wp\/v2\/product_brand?post=3166"},{"taxonomy":"product_cat","embeddable":true,"href":"https:\/\/antcube.shop\/es\/wp-json\/wp\/v2\/product_cat?post=3166"},{"taxonomy":"product_tag","embeddable":true,"href":"https:\/\/antcube.shop\/es\/wp-json\/wp\/v2\/product_tag?post=3166"}],"curies":[{"name":"wp","href":"https:\/\/api.w.org\/{rel}","templated":true}]}}