{"id":3162,"date":"2021-11-08T10:46:52","date_gmt":"2021-11-08T09:46:52","guid":{"rendered":"https:\/\/antcube.shop\/produkt\/antcube-eck-plattform-8x8-magnet\/"},"modified":"2026-04-09T14:38:28","modified_gmt":"2026-04-09T12:38:28","slug":"antcube-eck-plattform-8x8-magnet","status":"publish","type":"product","link":"https:\/\/antcube.shop\/es\/producto\/antcube-eck-plattform-8x8-magnet\/","title":{"rendered":"Plataforma esquinera ANTCUBE 8\u00d78 - magn\u00e9tica"},"content":{"rendered":"<p><strong>Dimensiones:<\/strong> 80 x 80 x 22 mm<\/p>\n<p><strong>Material:<\/strong> vidrio acr\u00edlico<\/p>\n<p><strong>Color:<\/strong> transparente<\/p>\n<p><strong>Contenido:<\/strong> 1 pieza. (3 piezas)<\/p>\n<p><strong>Descripci\u00f3n:<\/strong><br \/>\nLa plataforma esquinera ANTCUBE 8\u00d78 - magn\u00e9tica se puede fijar en cualquier formicario con la ayuda de los imanes. Es especialmente adecuada en nuestros formicarios ANTCUBE m\u00e1s altos para colocar comederos, cuencos o bebederos sobre ella.<br \/>\nLa plataforma angular ANTCUBE 8\u00d78 - magn\u00e9tica puede desplazarse a la altura o profundidad deseada fij\u00e1ndola desde el exterior mediante los imanes.<\/p>\n<p><strong>Aviso:<\/strong><br \/>\nDebido al proceso de fabricaci\u00f3n, puede haber grietas leves o medias en las piezas del im\u00e1n.<\/p>\n<p>&nbsp;<\/p>","protected":false},"excerpt":{"rendered":"<p>Dimensiones: 80 x 80 x 22 mm Material: cristal acr\u00edlico Color: transparente Contenido: 1 unidad (3 piezas) Descripci\u00f3n: La plataforma esquinera ANTCUBE 8x8 - magn\u00e9tica se puede fijar en cualquier formicario con la ayuda de los imanes. Es especialmente adecuada en nuestros formicarios ANTCUBE m\u00e1s altos para colocar comederos, cuencos o bebederos sobre ella. El","protected":false},"featured_media":3140,"comment_status":"open","ping_status":"closed","template":"","meta":{"_acf_changed":false,"content-type":"","_monsterinsights_skip_tracking":false,"_monsterinsights_sitenote_active":false,"_monsterinsights_sitenote_note":"","_monsterinsights_sitenote_category":0},"product_brand":[],"product_cat":[119,239],"product_tag":[],"class_list":{"0":"post-3162","1":"product","2":"type-product","3":"status-publish","4":"has-post-thumbnail","6":"product_cat-formicarium-components","7":"product_cat-useful-additions","9":"first","10":"instock","11":"taxable","12":"shipping-taxable","13":"purchasable","14":"product-type-simple"},"acf":[],"aioseo_notices":[],"jetpack_sharing_enabled":true,"_links":{"self":[{"href":"https:\/\/antcube.shop\/es\/wp-json\/wp\/v2\/product\/3162","targetHints":{"allow":["GET"]}}],"collection":[{"href":"https:\/\/antcube.shop\/es\/wp-json\/wp\/v2\/product"}],"about":[{"href":"https:\/\/antcube.shop\/es\/wp-json\/wp\/v2\/types\/product"}],"replies":[{"embeddable":true,"href":"https:\/\/antcube.shop\/es\/wp-json\/wp\/v2\/comments?post=3162"}],"wp:featuredmedia":[{"embeddable":true,"href":"https:\/\/antcube.shop\/es\/wp-json\/wp\/v2\/media\/3140"}],"wp:attachment":[{"href":"https:\/\/antcube.shop\/es\/wp-json\/wp\/v2\/media?parent=3162"}],"wp:term":[{"taxonomy":"product_brand","embeddable":true,"href":"https:\/\/antcube.shop\/es\/wp-json\/wp\/v2\/product_brand?post=3162"},{"taxonomy":"product_cat","embeddable":true,"href":"https:\/\/antcube.shop\/es\/wp-json\/wp\/v2\/product_cat?post=3162"},{"taxonomy":"product_tag","embeddable":true,"href":"https:\/\/antcube.shop\/es\/wp-json\/wp\/v2\/product_tag?post=3162"}],"curies":[{"name":"wp","href":"https:\/\/api.w.org\/{rel}","templated":true}]}}