{"id":3160,"date":"2021-11-08T10:46:36","date_gmt":"2021-11-08T09:46:36","guid":{"rendered":"https:\/\/antcube.shop\/produkt\/sonnenblumenblutenblatter-100g-getrocknet\/"},"modified":"2026-04-06T21:05:24","modified_gmt":"2026-04-06T19:05:24","slug":"sonnenblumenblutenblatter-100g-getrocknet","status":"publish","type":"product","link":"https:\/\/antcube.shop\/es\/producto\/sonnenblumenblutenblatter-100g-getrocknet\/","title":{"rendered":"P\u00e9talos de girasol 100g - secos"},"content":{"rendered":"<p><strong>Contenido:<\/strong><br \/>\n100 g de p\u00e9talos de girasol secos.<\/p>\n<p><strong>Descripci\u00f3n:<\/strong><br \/>\nP\u00e9talos de girasol como medio nutritivo para especies de hormigas que desarrollan hongos. Se trata de un producto puramente natural.<\/p>\n<p><strong>Uso:<\/strong><br \/>\nP\u00e9talos de girasol = para las especies de hormigas que cr\u00edan hongos.<br \/>\nLos p\u00e9talos secos s\u00f3lo sirven de caldo de cultivo para los hongos de las hormigas cortadoras de hojas (es aconsejable ofrecer al mismo tiempo hojas frescas como humectante).<br \/>\nBasta con colocar los p\u00e9talos que se van a alimentar en una c\u00e1mara de comida seca.<\/p>\n<p><strong>Almacenamiento:<\/strong><br \/>\nEn un ambiente seco<\/p>\n<p><strong>Contiene:<\/strong><br \/>\n100% p\u00e9talos de girasol secos.<\/p>","protected":false},"excerpt":{"rendered":"<p>Contenido: 100g de p\u00e9talos de girasol secos. Descripci\u00f3n: P\u00e9talos de girasol como medio nutritivo para especies de hormigas que crecen con hongos. Es un producto puramente natural. Utilizaci\u00f3n: P\u00e9talos de girasol = para especies de hormigas que cr\u00edan hongos. Los p\u00e9talos secos s\u00f3lo sirven como caldo de cultivo para los hongos de las hormigas cortadoras de hojas (ofreciendo hojas frescas como [...]","protected":false},"featured_media":10875,"comment_status":"open","ping_status":"closed","template":"","meta":{"_acf_changed":false,"content-type":"","_monsterinsights_skip_tracking":false,"_monsterinsights_sitenote_active":false,"_monsterinsights_sitenote_note":"","_monsterinsights_sitenote_category":0},"product_brand":[],"product_cat":[115,116],"product_tag":[],"class_list":{"0":"post-3160","1":"product","2":"type-product","3":"status-publish","4":"has-post-thumbnail","6":"product_cat-food-and-feeding","7":"product_cat-food","9":"first","10":"instock","11":"taxable","12":"shipping-taxable","13":"purchasable","14":"product-type-simple"},"acf":[],"aioseo_notices":[],"jetpack_sharing_enabled":true,"_links":{"self":[{"href":"https:\/\/antcube.shop\/es\/wp-json\/wp\/v2\/product\/3160","targetHints":{"allow":["GET"]}}],"collection":[{"href":"https:\/\/antcube.shop\/es\/wp-json\/wp\/v2\/product"}],"about":[{"href":"https:\/\/antcube.shop\/es\/wp-json\/wp\/v2\/types\/product"}],"replies":[{"embeddable":true,"href":"https:\/\/antcube.shop\/es\/wp-json\/wp\/v2\/comments?post=3160"}],"wp:featuredmedia":[{"embeddable":true,"href":"https:\/\/antcube.shop\/es\/wp-json\/wp\/v2\/media\/10875"}],"wp:attachment":[{"href":"https:\/\/antcube.shop\/es\/wp-json\/wp\/v2\/media?parent=3160"}],"wp:term":[{"taxonomy":"product_brand","embeddable":true,"href":"https:\/\/antcube.shop\/es\/wp-json\/wp\/v2\/product_brand?post=3160"},{"taxonomy":"product_cat","embeddable":true,"href":"https:\/\/antcube.shop\/es\/wp-json\/wp\/v2\/product_cat?post=3160"},{"taxonomy":"product_tag","embeddable":true,"href":"https:\/\/antcube.shop\/es\/wp-json\/wp\/v2\/product_tag?post=3160"}],"curies":[{"name":"wp","href":"https:\/\/api.w.org\/{rel}","templated":true}]}}