{"id":3157,"date":"2021-11-08T10:46:12","date_gmt":"2021-11-08T09:46:12","guid":{"rendered":"https:\/\/antcube.shop\/produkt\/kornerfutter-minor-in-2ml-futterrohrchen-10-st\/"},"modified":"2026-04-04T10:11:11","modified_gmt":"2026-04-04T08:11:11","slug":"kornerfutter-minor-in-2ml-futterrohrchen-10-st","status":"publish","type":"product","link":"https:\/\/antcube.shop\/es\/producto\/kornerfutter-minor-in-2ml-futterrohrchen-10-st\/","title":{"rendered":"Alimento en grano Minor en tubos de alimentaci\u00f3n de 2 ml - 10 unidades."},"content":{"rendered":"<p><strong>Contenido:<\/strong> 10x 2 ml<\/p>\n<p><strong>Descripci\u00f3n:<\/strong> Granos finos\/semillas para las colonias j\u00f3venes de especies de hormigas recolectoras\/cosechadoras de granos, como el g\u00e9nero Messor, que todav\u00eda contienen principalmente obreras menores.<\/p>\n<p><strong>Aplicaci\u00f3n:<\/strong> El tubo de comida puede colocarse entero en el formicario, o bien a\u00f1adir cantidades m\u00e1s peque\u00f1as en un cuenco de comida seg\u00fan sea necesario\/de acuerdo con el tama\u00f1o de la colonia. El alimento en grano es aceptado principalmente por las especies que recogen grano, como las especies del g\u00e9nero Messor o tambi\u00e9n Pheidole.<\/p>\n<p><strong>Aviso:<\/strong><br \/>\nAqu\u00ed encontrar\u00e1 informaci\u00f3n sobre el uso de las sondas de alimentaci\u00f3n: Enlace<br \/>\nAlimento complementario para las hormigas gran\u00edvoras.<br \/>\nConsulte el prospecto para conocer la composici\u00f3n, los componentes anal\u00edticos, la fecha de consumo preferente y el n\u00famero de lote.<\/p>\n<p>L\u00ednea directa de informaci\u00f3n +49 30 439703870<\/p>\n<p>Autoridad responsable de la supervisi\u00f3n veterinaria y alimentaria:<br \/>\nOficina veterinaria de Steglitz<br \/>\nK\u00f6nigin-Luise-Str. 92<br \/>\n14195 Berl\u00edn<\/p>","protected":false},"excerpt":{"rendered":"<p>Alimentaci\u00f3n complementaria<\/p>","protected":false},"featured_media":3149,"comment_status":"open","ping_status":"closed","template":"","meta":{"_acf_changed":false,"content-type":"","_monsterinsights_skip_tracking":false,"_monsterinsights_sitenote_active":false,"_monsterinsights_sitenote_note":"","_monsterinsights_sitenote_category":0},"product_brand":[],"product_cat":[115,116],"product_tag":[],"class_list":{"0":"post-3157","1":"product","2":"type-product","3":"status-publish","4":"has-post-thumbnail","6":"product_cat-food-and-feeding","7":"product_cat-food","9":"first","10":"instock","11":"taxable","12":"shipping-taxable","13":"purchasable","14":"product-type-simple"},"acf":[],"aioseo_notices":[],"jetpack_sharing_enabled":true,"_links":{"self":[{"href":"https:\/\/antcube.shop\/es\/wp-json\/wp\/v2\/product\/3157","targetHints":{"allow":["GET"]}}],"collection":[{"href":"https:\/\/antcube.shop\/es\/wp-json\/wp\/v2\/product"}],"about":[{"href":"https:\/\/antcube.shop\/es\/wp-json\/wp\/v2\/types\/product"}],"replies":[{"embeddable":true,"href":"https:\/\/antcube.shop\/es\/wp-json\/wp\/v2\/comments?post=3157"}],"wp:featuredmedia":[{"embeddable":true,"href":"https:\/\/antcube.shop\/es\/wp-json\/wp\/v2\/media\/3149"}],"wp:attachment":[{"href":"https:\/\/antcube.shop\/es\/wp-json\/wp\/v2\/media?parent=3157"}],"wp:term":[{"taxonomy":"product_brand","embeddable":true,"href":"https:\/\/antcube.shop\/es\/wp-json\/wp\/v2\/product_brand?post=3157"},{"taxonomy":"product_cat","embeddable":true,"href":"https:\/\/antcube.shop\/es\/wp-json\/wp\/v2\/product_cat?post=3157"},{"taxonomy":"product_tag","embeddable":true,"href":"https:\/\/antcube.shop\/es\/wp-json\/wp\/v2\/product_tag?post=3157"}],"curies":[{"name":"wp","href":"https:\/\/api.w.org\/{rel}","templated":true}]}}