{"id":3155,"date":"2021-11-08T10:46:04","date_gmt":"2021-11-08T09:46:04","guid":{"rendered":"https:\/\/antcube.shop\/produkt\/kornerfutter-media-in-2ml-futterrohrchen-10-st\/"},"modified":"2026-04-20T09:56:17","modified_gmt":"2026-04-20T07:56:17","slug":"kornerfutter-media-in-2ml-futterrohrchen-10-st","status":"publish","type":"product","link":"https:\/\/antcube.shop\/es\/producto\/kornerfutter-media-in-2ml-futterrohrchen-10-st\/","title":{"rendered":"Medios de alimentaci\u00f3n de grano en tubos de alimentaci\u00f3n de 2 ml - 10 unidades."},"content":{"rendered":"<p><strong>Contenido:<\/strong> 10x 2 ml<\/p>\n<p><strong>Descripci\u00f3n:<\/strong> Granos\/semillas de tama\u00f1o medio para colonias m\u00e1s grandes de especies de hormigas recolectoras de granos, como el g\u00e9nero Messor, que ya contienen obreras de medios.<\/p>\n<p><strong>Aplicaci\u00f3n:<\/strong> La sonda de alimentaci\u00f3n puede colocarse entera en el formicario, o bien a\u00f1adir cantidades m\u00e1s peque\u00f1as a un comedero seg\u00fan sea necesario\/de acuerdo con el tama\u00f1o de la colonia. Los granos son aceptados principalmente por las especies que recogen granos, como las especies del g\u00e9nero Messor o tambi\u00e9n Pheidole.<\/p>\n<p><strong>Aviso:<\/strong><br \/>\nAqu\u00ed encontrar\u00e1 informaci\u00f3n sobre el uso de las sondas de alimentaci\u00f3n: Enlace<br \/>\nAlimento complementario para las hormigas gran\u00edvoras.<br \/>\nConsulte el prospecto para conocer la composici\u00f3n, los componentes anal\u00edticos, la fecha de consumo preferente y el n\u00famero de lote.<\/p>\n<p>L\u00ednea directa de informaci\u00f3n +49 30 439703870<\/p>\n<p>Autoridad responsable de la supervisi\u00f3n veterinaria y alimentaria:<br \/>\nOficina veterinaria de Steglitz<br \/>\nK\u00f6nigin-Luise-Str. 92<br \/>\n14195 Berl\u00edn<\/p>","protected":false},"excerpt":{"rendered":"<p>Alimentaci\u00f3n complementaria<\/p>","protected":false},"featured_media":3150,"comment_status":"open","ping_status":"closed","template":"","meta":{"_acf_changed":false,"content-type":"","_monsterinsights_skip_tracking":false,"_monsterinsights_sitenote_active":false,"_monsterinsights_sitenote_note":"","_monsterinsights_sitenote_category":0},"product_brand":[],"product_cat":[115,116],"product_tag":[],"class_list":{"0":"post-3155","1":"product","2":"type-product","3":"status-publish","4":"has-post-thumbnail","6":"product_cat-food-and-feeding","7":"product_cat-food","9":"first","10":"instock","11":"taxable","12":"shipping-taxable","13":"purchasable","14":"product-type-simple"},"acf":[],"aioseo_notices":[],"jetpack_sharing_enabled":true,"_links":{"self":[{"href":"https:\/\/antcube.shop\/es\/wp-json\/wp\/v2\/product\/3155","targetHints":{"allow":["GET"]}}],"collection":[{"href":"https:\/\/antcube.shop\/es\/wp-json\/wp\/v2\/product"}],"about":[{"href":"https:\/\/antcube.shop\/es\/wp-json\/wp\/v2\/types\/product"}],"replies":[{"embeddable":true,"href":"https:\/\/antcube.shop\/es\/wp-json\/wp\/v2\/comments?post=3155"}],"wp:featuredmedia":[{"embeddable":true,"href":"https:\/\/antcube.shop\/es\/wp-json\/wp\/v2\/media\/3150"}],"wp:attachment":[{"href":"https:\/\/antcube.shop\/es\/wp-json\/wp\/v2\/media?parent=3155"}],"wp:term":[{"taxonomy":"product_brand","embeddable":true,"href":"https:\/\/antcube.shop\/es\/wp-json\/wp\/v2\/product_brand?post=3155"},{"taxonomy":"product_cat","embeddable":true,"href":"https:\/\/antcube.shop\/es\/wp-json\/wp\/v2\/product_cat?post=3155"},{"taxonomy":"product_tag","embeddable":true,"href":"https:\/\/antcube.shop\/es\/wp-json\/wp\/v2\/product_tag?post=3155"}],"curies":[{"name":"wp","href":"https:\/\/api.w.org\/{rel}","templated":true}]}}