{"id":2869,"date":"2021-10-13T18:46:31","date_gmt":"2021-10-13T16:46:31","guid":{"rendered":"https:\/\/antcube.shop\/produkt\/antcube-gipsnest-20x20-liegend\/"},"modified":"2026-03-30T20:07:30","modified_gmt":"2026-03-30T18:07:30","slug":"antcube-gipsnest-20x20-liegend","status":"publish","type":"product","link":"https:\/\/antcube.shop\/es\/producto\/antcube-gipsnest-20x20-liegend\/","title":{"rendered":"ANTCUBO - nido de escayola 20\u00d720 - tumbado"},"content":{"rendered":"<p><strong>Dimensiones:<\/strong><br \/>\n<strong>Nido de yeso: <\/strong>190 x 190 x 20 mm<br \/>\n<strong>Tapa de cristal:<\/strong> 179 x 179 x 4 mm<\/p>\n<p><strong>Material:<\/strong> Escayola<\/p>\n<p><strong>Contenido:<\/strong><br \/>\n1x nido de escayola 20\u00d720 con dos tomas de conexi\u00f3n M 10\/08<br \/>\n1x tapa de cristal con agujero de 50mm<br \/>\n1x acr\u00edlico - anillo de 50mm para agujero de 27mm<br \/>\n1x Base de formicario 20\u00d720<br \/>\n2x tapa de rejilla - 10mm - acero inoxidable<br \/>\n1x rejilla - 27mm - acero inoxidable<\/p>\n<p><strong>Descripci\u00f3n:<\/strong> Nuestro nido de yeso con pasadizos y c\u00e1maras prefabricados es adecuado para muchas especies de hormigas, especialmente para las especies que construyen sus nidos en suelos muy arenosos o pedregosos. Dispone de dos tomas de conexi\u00f3n como acceso al nido. El yeso tiene la propiedad de absorber agua, por lo que almacena cierta cantidad de humedad. No obstante, el nido de yeso no debe utilizarse permanentemente h\u00famedo porque, de lo contrario, puede producir moho (por restos de comida o excrementos de las hormigas). Por ello, si es posible, se deben mantener aqu\u00ed especies de regiones m\u00e1s bien secas. Se tratar\u00eda, por ejemplo, de especies de regiones mediterr\u00e1neas o des\u00e9rticas.<\/p>\n<p><strong>Nota:<\/strong> Debido a la construcci\u00f3n, no son adecuadas para especies muy peque\u00f1as (por ejemplo: especies de Pheidole, especies de Temnothorax), pueden producirse huecos de 0,3 - 0,5mm.<\/p>\n<p>Nota sobre las tomas de conexi\u00f3n<br \/>\nAl conectar o desconectar las mangueras, tenga en cuenta lo siguiente:<br \/>\nSi el tubo es muy dif\u00edcil de encajar en el casquillo del conector, se debe frotar ligeramente el casquillo con una gota de nuestro aceite o polvo de protecci\u00f3n contra roturas. A continuaci\u00f3n, se debe empujar la manguera sobre el casquillo mediante movimientos de giro o atornillado, sin forzar el casquillo con movimientos hacia arriba y hacia abajo. Lo mismo se aplica al retirar las mangueras del casquillo de conexi\u00f3n. Por favor, no tire simplemente de ellas.<\/p>\n<p>&nbsp;<\/p>\n<p>&nbsp;<\/p>","protected":false},"excerpt":{"rendered":"<p>Dimensiones: Nido de escayola: 190 x 190 x 20mm Tapa de cristal: 179 x 179 x 4mm Material: Yeso Contenido: 1x nido de yeso 20\u00d720 con dos tomas de conexi\u00f3n M 10\/08 1x tapa de cristal con agujero de 50mm 1x acr\u00edlico - anillo 50mm para agujero de 27mm 1x Formicarium base 20\u00d720 2x tapa de rejilla - 10mm - acero inoxidable 1x [...]","protected":false},"featured_media":3194,"comment_status":"open","ping_status":"closed","template":"","meta":{"_acf_changed":false,"content-type":"","_monsterinsights_skip_tracking":false,"_monsterinsights_sitenote_active":false,"_monsterinsights_sitenote_note":"","_monsterinsights_sitenote_category":0},"product_brand":[],"product_cat":[80,86],"product_tag":[],"class_list":{"0":"post-2869","1":"product","2":"type-product","3":"status-publish","4":"has-post-thumbnail","6":"product_cat-antfarms","7":"product_cat-formicariums","9":"first","10":"instock","11":"taxable","12":"shipping-taxable","13":"purchasable","14":"product-type-simple"},"acf":[],"aioseo_notices":[],"jetpack_sharing_enabled":true,"_links":{"self":[{"href":"https:\/\/antcube.shop\/es\/wp-json\/wp\/v2\/product\/2869","targetHints":{"allow":["GET"]}}],"collection":[{"href":"https:\/\/antcube.shop\/es\/wp-json\/wp\/v2\/product"}],"about":[{"href":"https:\/\/antcube.shop\/es\/wp-json\/wp\/v2\/types\/product"}],"replies":[{"embeddable":true,"href":"https:\/\/antcube.shop\/es\/wp-json\/wp\/v2\/comments?post=2869"}],"wp:featuredmedia":[{"embeddable":true,"href":"https:\/\/antcube.shop\/es\/wp-json\/wp\/v2\/media\/3194"}],"wp:attachment":[{"href":"https:\/\/antcube.shop\/es\/wp-json\/wp\/v2\/media?parent=2869"}],"wp:term":[{"taxonomy":"product_brand","embeddable":true,"href":"https:\/\/antcube.shop\/es\/wp-json\/wp\/v2\/product_brand?post=2869"},{"taxonomy":"product_cat","embeddable":true,"href":"https:\/\/antcube.shop\/es\/wp-json\/wp\/v2\/product_cat?post=2869"},{"taxonomy":"product_tag","embeddable":true,"href":"https:\/\/antcube.shop\/es\/wp-json\/wp\/v2\/product_tag?post=2869"}],"curies":[{"name":"wp","href":"https:\/\/api.w.org\/{rel}","templated":true}]}}