{"id":2868,"date":"2021-10-13T18:43:30","date_gmt":"2021-10-13T16:43:30","guid":{"rendered":"https:\/\/antcube.shop\/produkt\/antcube-gipsnest-20x20-stehend\/"},"modified":"2026-04-14T12:07:30","modified_gmt":"2026-04-14T10:07:30","slug":"antcube-gipsnest-20x20-stehend","status":"publish","type":"product","link":"https:\/\/antcube.shop\/es\/producto\/antcube-gipsnest-20x20-stehend\/","title":{"rendered":"ANTCUBE - Nido de yeso 20\u00d720 - de pie"},"content":{"rendered":"<p><strong>Dimensiones:<\/strong> 182 x 159 x 19,5 mm<\/p>\n<p><strong>Material:<\/strong> Yeso\/ Escayola<\/p>\n<p>S\u00f3lo se adapta a nuestro tama\u00f1o de hormigueros <strong>L<\/strong><\/p>\n<p><strong>Descripci\u00f3n:<\/strong> Nuestro nido de yeso con pasillos y c\u00e1maras prefabricados es adecuado para muchas especies de hormigas, especialmente para las que construyen sus nidos en suelos muy arenosos o pedregosos. Dispone de un orificio para el acceso al nido. El yeso tiene la propiedad de absorber agua, por lo que se almacena una cierta cantidad de humedad. No obstante, el nido de yeso no debe utilizarse permanentemente h\u00famedo porque, de lo contrario, puede provocar la aparici\u00f3n de moho (por restos de comida o excrementos de las hormigas). Por lo tanto, si es posible, deber\u00edan mantenerse aqu\u00ed especies de regiones m\u00e1s bien secas. Se tratar\u00eda, por ejemplo, de especies de regiones mediterr\u00e1neas o des\u00e9rticas.<\/p>\n<p>&nbsp;<\/p>","protected":false},"excerpt":{"rendered":"<p>S\u00f3lo se adapta a nuestro tama\u00f1o de hormigueros <strong>L<\/strong><\/p>","protected":false},"featured_media":351,"comment_status":"open","ping_status":"closed","template":"","meta":{"_acf_changed":false,"content-type":"","_monsterinsights_skip_tracking":false,"_monsterinsights_sitenote_active":false,"_monsterinsights_sitenote_note":"","_monsterinsights_sitenote_category":0},"product_brand":[],"product_cat":[87,90],"product_tag":[],"class_list":{"0":"post-2868","1":"product","2":"type-product","3":"status-publish","4":"has-post-thumbnail","6":"product_cat-nest-insets","7":"product_cat-gypsum","9":"first","10":"instock","11":"taxable","12":"shipping-taxable","13":"purchasable","14":"product-type-simple"},"acf":[],"aioseo_notices":[],"jetpack_sharing_enabled":true,"_links":{"self":[{"href":"https:\/\/antcube.shop\/es\/wp-json\/wp\/v2\/product\/2868","targetHints":{"allow":["GET"]}}],"collection":[{"href":"https:\/\/antcube.shop\/es\/wp-json\/wp\/v2\/product"}],"about":[{"href":"https:\/\/antcube.shop\/es\/wp-json\/wp\/v2\/types\/product"}],"replies":[{"embeddable":true,"href":"https:\/\/antcube.shop\/es\/wp-json\/wp\/v2\/comments?post=2868"}],"wp:featuredmedia":[{"embeddable":true,"href":"https:\/\/antcube.shop\/es\/wp-json\/wp\/v2\/media\/351"}],"wp:attachment":[{"href":"https:\/\/antcube.shop\/es\/wp-json\/wp\/v2\/media?parent=2868"}],"wp:term":[{"taxonomy":"product_brand","embeddable":true,"href":"https:\/\/antcube.shop\/es\/wp-json\/wp\/v2\/product_brand?post=2868"},{"taxonomy":"product_cat","embeddable":true,"href":"https:\/\/antcube.shop\/es\/wp-json\/wp\/v2\/product_cat?post=2868"},{"taxonomy":"product_tag","embeddable":true,"href":"https:\/\/antcube.shop\/es\/wp-json\/wp\/v2\/product_tag?post=2868"}],"curies":[{"name":"wp","href":"https:\/\/api.w.org\/{rel}","templated":true}]}}