{"id":2860,"date":"2021-10-13T18:42:02","date_gmt":"2021-10-13T16:42:02","guid":{"rendered":"https:\/\/antcube.shop\/produkt\/antcube-korknest-20x20-stehend\/"},"modified":"2026-04-13T10:48:59","modified_gmt":"2026-04-13T08:48:59","slug":"antcube-korknest-20x20-stehend","status":"publish","type":"product","link":"https:\/\/antcube.shop\/es\/producto\/antcube-korknest-20x20-stehend\/","title":{"rendered":"ANTCUBE - Nido de corcho 20\u00d720 - de pie"},"content":{"rendered":"<p><strong>Dimensiones:<\/strong> 183 x 160 x 20 mm<\/p>\n<p><strong>Material:<\/strong> Corcho (fino)<\/p>\n<p>S\u00f3lo cabe en nuestro tama\u00f1o de granjas de hormigas <strong>L<\/strong><\/p>\n<p><strong>Descripci\u00f3n:<\/strong> Este nido de corcho con pasillos y c\u00e1maras prefabricadas es adecuado para varias especies de hormigas, especialmente para las que anidan en madera (muerta). Dispone de un orificio para el acceso al nido.<br \/>\nEl corcho es qu\u00edmicamente neutro. Su estructura no s\u00f3lo es impermeable a los l\u00edquidos, sino que adem\u00e1s no provoca ninguna reacci\u00f3n qu\u00edmica y, por tanto, no se da\u00f1a. Sin embargo, un exceso de humedad puede provocar la putrefacci\u00f3n a largo plazo y reducir la longevidad del nido. No obstante, el corcho es muy resistente a la putrefacci\u00f3n y al ataque de hongos y moho. Esto se debe a su superficie y estructura, que no ofrecen un buen caldo de cultivo para que los hongos colonicen. Sin embargo, los restos de comida y los excrementos de los animales, as\u00ed como otras sustancias org\u00e1nicas, pueden favorecer el crecimiento del moho.<\/p>\n<p>Por lo tanto, se recomienda mantener principalmente especies de regiones secas en corcho. Sin embargo, las especies de h\u00e1bitats h\u00famedos pueden mantenerse en este conjunto, porque la putrefacci\u00f3n no es un problema para la mayor\u00eda de las especies. Tambi\u00e9n muchas hormigas del norte de Europa, como Camponotus herculeanus o Formica fusca, viven en madera podrida.<\/p>\n<p>&nbsp;<\/p>","protected":false},"excerpt":{"rendered":"<p><strong>S\u00f3lo se ajusta<\/strong> en nuestras granjas de hormigas tama\u00f1o <strong>L<\/strong><\/p>\n<p><strong>Dimensiones:<\/strong> 183 x 160 x 20 mm<\/p>","protected":false},"featured_media":350,"comment_status":"open","ping_status":"closed","template":"","meta":{"_acf_changed":false,"content-type":"","_monsterinsights_skip_tracking":false,"_monsterinsights_sitenote_active":false,"_monsterinsights_sitenote_note":"","_monsterinsights_sitenote_category":0},"product_brand":[],"product_cat":[87,89],"product_tag":[],"class_list":{"0":"post-2860","1":"product","2":"type-product","3":"status-publish","4":"has-post-thumbnail","6":"product_cat-nest-insets","7":"product_cat-cork","9":"first","10":"instock","11":"taxable","12":"shipping-taxable","13":"purchasable","14":"product-type-simple"},"acf":[],"aioseo_notices":[],"jetpack_sharing_enabled":true,"_links":{"self":[{"href":"https:\/\/antcube.shop\/es\/wp-json\/wp\/v2\/product\/2860","targetHints":{"allow":["GET"]}}],"collection":[{"href":"https:\/\/antcube.shop\/es\/wp-json\/wp\/v2\/product"}],"about":[{"href":"https:\/\/antcube.shop\/es\/wp-json\/wp\/v2\/types\/product"}],"replies":[{"embeddable":true,"href":"https:\/\/antcube.shop\/es\/wp-json\/wp\/v2\/comments?post=2860"}],"wp:featuredmedia":[{"embeddable":true,"href":"https:\/\/antcube.shop\/es\/wp-json\/wp\/v2\/media\/350"}],"wp:attachment":[{"href":"https:\/\/antcube.shop\/es\/wp-json\/wp\/v2\/media?parent=2860"}],"wp:term":[{"taxonomy":"product_brand","embeddable":true,"href":"https:\/\/antcube.shop\/es\/wp-json\/wp\/v2\/product_brand?post=2860"},{"taxonomy":"product_cat","embeddable":true,"href":"https:\/\/antcube.shop\/es\/wp-json\/wp\/v2\/product_cat?post=2860"},{"taxonomy":"product_tag","embeddable":true,"href":"https:\/\/antcube.shop\/es\/wp-json\/wp\/v2\/product_tag?post=2860"}],"curies":[{"name":"wp","href":"https:\/\/api.w.org\/{rel}","templated":true}]}}