{"id":2859,"date":"2021-10-13T18:41:44","date_gmt":"2021-10-13T16:41:44","guid":{"rendered":"https:\/\/antcube.shop\/produkt\/tranke-klar-20ml-schwamm\/"},"modified":"2026-04-22T12:31:14","modified_gmt":"2026-04-22T10:31:14","slug":"tranke-klar-20ml-schwamm","status":"publish","type":"product","link":"https:\/\/antcube.shop\/es\/producto\/tranke-klar-20ml-schwamm\/","title":{"rendered":"Bebedero transparente 20ml - esponja"},"content":{"rendered":"<p><strong>Dimensiones:<\/strong> 40x50x68 mm, 20 ml<\/p>\n<p><strong>Contenido:<\/strong><br \/>\n1x base con 4x aberturas de 3mm y esponja integrada.<br \/>\n1x dep\u00f3sito de agua 62x22mm (20ml)<br \/>\n1x esponja 30mm<\/p>\n<p><strong>Material:<\/strong> PS, PMMA, espuma (de poros muy finos y absorbente)<\/p>\n<p><strong>Descripci\u00f3n:<\/strong> Esto permite a las hormigas proveerse de suficiente humedad dentro de un formicario. Ideal tambi\u00e9n para la temporada de vacaciones. El dep\u00f3sito de agua de 20 ml se puede introducir en el pie (Atenci\u00f3n: No introducir el dep\u00f3sito hasta el final, sino s\u00f3lo hasta el nivel de la esponja, para no interrumpir el suministro de agua). La esponja con un di\u00e1metro mayor que el del dep\u00f3sito acoplado permite que la humedad se filtre en la base. Las 4 aberturas finas de 18 mm en la base, colocadas en los cuatro puntos cardinales, permiten alimentar a las colonias con un gran n\u00famero de animales. Al retirar la espuma, los animales se aseguran un suministro suficiente de l\u00edquido.<\/p>\n<p><strong>Colores:<\/strong> cristalino, gris<\/p>\n<p>&nbsp;<\/p>","protected":false},"excerpt":{"rendered":"<p><strong>Dimensiones:<\/strong> 40x50x68 mm, 20 ml<\/p>","protected":false},"featured_media":3004,"comment_status":"open","ping_status":"closed","template":"","meta":{"_acf_changed":false,"content-type":"","_monsterinsights_skip_tracking":false,"_monsterinsights_sitenote_active":false,"_monsterinsights_sitenote_note":"","_monsterinsights_sitenote_category":0},"product_brand":[],"product_cat":[115,117],"product_tag":[],"class_list":{"0":"post-2859","1":"product","2":"type-product","3":"status-publish","4":"has-post-thumbnail","6":"product_cat-food-and-feeding","7":"product_cat-drinkers-for-ants","9":"first","10":"instock","11":"taxable","12":"shipping-taxable","13":"purchasable","14":"product-type-simple"},"acf":[],"aioseo_notices":[],"jetpack_sharing_enabled":true,"_links":{"self":[{"href":"https:\/\/antcube.shop\/es\/wp-json\/wp\/v2\/product\/2859","targetHints":{"allow":["GET"]}}],"collection":[{"href":"https:\/\/antcube.shop\/es\/wp-json\/wp\/v2\/product"}],"about":[{"href":"https:\/\/antcube.shop\/es\/wp-json\/wp\/v2\/types\/product"}],"replies":[{"embeddable":true,"href":"https:\/\/antcube.shop\/es\/wp-json\/wp\/v2\/comments?post=2859"}],"wp:featuredmedia":[{"embeddable":true,"href":"https:\/\/antcube.shop\/es\/wp-json\/wp\/v2\/media\/3004"}],"wp:attachment":[{"href":"https:\/\/antcube.shop\/es\/wp-json\/wp\/v2\/media?parent=2859"}],"wp:term":[{"taxonomy":"product_brand","embeddable":true,"href":"https:\/\/antcube.shop\/es\/wp-json\/wp\/v2\/product_brand?post=2859"},{"taxonomy":"product_cat","embeddable":true,"href":"https:\/\/antcube.shop\/es\/wp-json\/wp\/v2\/product_cat?post=2859"},{"taxonomy":"product_tag","embeddable":true,"href":"https:\/\/antcube.shop\/es\/wp-json\/wp\/v2\/product_tag?post=2859"}],"curies":[{"name":"wp","href":"https:\/\/api.w.org\/{rel}","templated":true}]}}