{"id":2854,"date":"2021-10-13T18:40:55","date_gmt":"2021-10-13T16:40:55","guid":{"rendered":"https:\/\/antcube.shop\/produkt\/mini-thermo-hygrometer-analog-display-hangend\/"},"modified":"2026-04-11T10:12:08","modified_gmt":"2026-04-11T08:12:08","slug":"mini-higrometro-analogico-monitor-colgante","status":"publish","type":"product","link":"https:\/\/antcube.shop\/es\/producto\/mini-higrometro-analogico-monitor-colgante\/","title":{"rendered":"Mini termohigr\u00f3metro anal\u00f3gico - pantalla - colgante"},"content":{"rendered":"<p><strong>Dimensiones:<\/strong> 75mm x 45mm, 20mm de profundidad<\/p>\n<p><strong>Material:<\/strong> metal \/ acr\u00edlico<\/p>\n<p><strong>Color:<\/strong> metal, plata \/ transparente<\/p>\n<p><strong>Contenido:<\/strong> 1x mini term\u00f3metro anal\u00f3gico de metal - 25mm, 1x mini higr\u00f3metro anal\u00f3gico de metal - 25mm, 1x soporte de cristal acr\u00edlico con recortes para los instrumentos de medida - 75x45mm, 1x base de cristal acr\u00edlico - 75x20mm, 2x almohadillas adhesivas transparentes - 30x20mm<\/p>\n<p><strong>Descripci\u00f3n:<\/strong><br \/>\nEl conjunto consta de term\u00f3metro e higr\u00f3metro anal\u00f3gicos de metal (25mm), que se insertan en una placa de cristal acr\u00edlico (75x45mm). La pantalla se fija mediante dos almohadillas adhesivas transparentes, que se pueden utilizar para fijar la base (75x20mm) encima de cubiertas o marcos.<\/p>\n<p><strong>Una pista:<\/strong><br \/>\nLos instrumentos de medici\u00f3n de la parte trasera deben permanecer libres, de lo contrario pueden producirse errores de medici\u00f3n.<\/p>\n<p><strong>Precisi\u00f3n:<\/strong> +\/- 2\u00b0C , +\/- 4\u00b0F<br \/>\n<strong>Precisi\u00f3n:<\/strong> +\/- 5%<\/p>","protected":false},"excerpt":{"rendered":"<p>Juego de term\u00f3metro e higr\u00f3metro de metal (25mm) insertado en placa de cristal acr\u00edlico (75x45mm)<\/p>","protected":false},"featured_media":311,"comment_status":"open","ping_status":"closed","template":"","meta":{"_acf_changed":false,"content-type":"","_monsterinsights_skip_tracking":false,"_monsterinsights_sitenote_active":false,"_monsterinsights_sitenote_note":"","_monsterinsights_sitenote_category":0},"product_brand":[],"product_cat":[119,239],"product_tag":[],"class_list":{"0":"post-2854","1":"product","2":"type-product","3":"status-publish","4":"has-post-thumbnail","6":"product_cat-formicarium-components","7":"product_cat-useful-additions","9":"first","10":"instock","11":"taxable","12":"shipping-taxable","13":"purchasable","14":"product-type-simple"},"acf":[],"aioseo_notices":[],"jetpack_sharing_enabled":true,"_links":{"self":[{"href":"https:\/\/antcube.shop\/es\/wp-json\/wp\/v2\/product\/2854","targetHints":{"allow":["GET"]}}],"collection":[{"href":"https:\/\/antcube.shop\/es\/wp-json\/wp\/v2\/product"}],"about":[{"href":"https:\/\/antcube.shop\/es\/wp-json\/wp\/v2\/types\/product"}],"replies":[{"embeddable":true,"href":"https:\/\/antcube.shop\/es\/wp-json\/wp\/v2\/comments?post=2854"}],"wp:featuredmedia":[{"embeddable":true,"href":"https:\/\/antcube.shop\/es\/wp-json\/wp\/v2\/media\/311"}],"wp:attachment":[{"href":"https:\/\/antcube.shop\/es\/wp-json\/wp\/v2\/media?parent=2854"}],"wp:term":[{"taxonomy":"product_brand","embeddable":true,"href":"https:\/\/antcube.shop\/es\/wp-json\/wp\/v2\/product_brand?post=2854"},{"taxonomy":"product_cat","embeddable":true,"href":"https:\/\/antcube.shop\/es\/wp-json\/wp\/v2\/product_cat?post=2854"},{"taxonomy":"product_tag","embeddable":true,"href":"https:\/\/antcube.shop\/es\/wp-json\/wp\/v2\/product_tag?post=2854"}],"curies":[{"name":"wp","href":"https:\/\/api.w.org\/{rel}","templated":true}]}}