{"id":2852,"date":"2021-10-13T18:40:35","date_gmt":"2021-10-13T16:40:35","guid":{"rendered":"https:\/\/antcube.shop\/produkt\/gittereinsatz-27mm-edelstahl\/"},"modified":"2026-04-09T20:29:07","modified_gmt":"2026-04-09T18:29:07","slug":"gittereinsatz-27mm-edelstahl","status":"publish","type":"product","link":"https:\/\/antcube.shop\/es\/producto\/gittereinsatz-27mm-edelstahl\/","title":{"rendered":"Inserto de rejilla - 27mm - acero inoxidable"},"content":{"rendered":"<p><strong>Cantidad:<\/strong> 1 pieza<\/p>\n<p><strong>Dimensiones:<\/strong> 27 mm (di\u00e1metro interior), 33\u00d74 mm (dimensiones exteriores)<\/p>\n<p><strong>Color:<\/strong> transparente<\/p>\n<p><strong>Material:<\/strong> acero inoxidable, acr\u00edlico<\/p>\n<p><strong>Descripci\u00f3n:<\/strong><br \/>\nEste inserto de rejilla con rejilla de acero inoxidable muy fina (0,2 mm) se puede insertar en los agujeros de 27 mm y proporciona una buena ventilaci\u00f3n del formicario sin que las hormigas puedan salir.<br \/>\nEn caso de fijaci\u00f3n lateral, se recomienda una fijaci\u00f3n adicional con adhesivos disponibles en el mercado para evitar la ca\u00edda por posibles golpes.<\/p>\n<p><strong>Nota:<\/strong> Tambi\u00e9n es adecuado para las especies que pican mucho, como las hormigas cortadoras de hojas.<\/p>","protected":false},"excerpt":{"rendered":"<p>Cantidad: 1 pieza Dimensiones: 27 mm (di\u00e1metro interior), 33\u00d74 mm (dimensiones exteriores) Color: transparente Material: acero inoxidable, acr\u00edlico Descripci\u00f3n: Este inserto de rejilla con rejilla de acero inoxidable muy fina (0,2 mm) se puede insertar en los agujeros de 27 mm y proporciona una buena ventilaci\u00f3n del formicario sin que las hormigas puedan salir. En caso de fijaci\u00f3n lateral, se recomienda [...]","protected":false},"featured_media":337,"comment_status":"open","ping_status":"closed","template":"","meta":{"_acf_changed":false,"content-type":"","_monsterinsights_skip_tracking":false,"_monsterinsights_sitenote_active":false,"_monsterinsights_sitenote_note":"","_monsterinsights_sitenote_category":0},"product_brand":[],"product_cat":[238],"product_tag":[],"class_list":{"0":"post-2852","1":"product","2":"type-product","3":"status-publish","4":"has-post-thumbnail","6":"product_cat-grid-caps-plugs-and-inserts","8":"first","9":"instock","10":"taxable","11":"shipping-taxable","12":"purchasable","13":"product-type-simple"},"acf":[],"aioseo_notices":[],"jetpack_sharing_enabled":true,"_links":{"self":[{"href":"https:\/\/antcube.shop\/es\/wp-json\/wp\/v2\/product\/2852","targetHints":{"allow":["GET"]}}],"collection":[{"href":"https:\/\/antcube.shop\/es\/wp-json\/wp\/v2\/product"}],"about":[{"href":"https:\/\/antcube.shop\/es\/wp-json\/wp\/v2\/types\/product"}],"replies":[{"embeddable":true,"href":"https:\/\/antcube.shop\/es\/wp-json\/wp\/v2\/comments?post=2852"}],"wp:featuredmedia":[{"embeddable":true,"href":"https:\/\/antcube.shop\/es\/wp-json\/wp\/v2\/media\/337"}],"wp:attachment":[{"href":"https:\/\/antcube.shop\/es\/wp-json\/wp\/v2\/media?parent=2852"}],"wp:term":[{"taxonomy":"product_brand","embeddable":true,"href":"https:\/\/antcube.shop\/es\/wp-json\/wp\/v2\/product_brand?post=2852"},{"taxonomy":"product_cat","embeddable":true,"href":"https:\/\/antcube.shop\/es\/wp-json\/wp\/v2\/product_cat?post=2852"},{"taxonomy":"product_tag","embeddable":true,"href":"https:\/\/antcube.shop\/es\/wp-json\/wp\/v2\/product_tag?post=2852"}],"curies":[{"name":"wp","href":"https:\/\/api.w.org\/{rel}","templated":true}]}}