{"id":2851,"date":"2021-10-13T18:40:25","date_gmt":"2021-10-13T16:40:25","guid":{"rendered":"https:\/\/antcube.shop\/produkt\/gitterkappe-10mm-edelstahl\/"},"modified":"2026-04-02T22:01:19","modified_gmt":"2026-04-02T20:01:19","slug":"gitterkappe-10mm-edelstahl","status":"publish","type":"product","link":"https:\/\/antcube.shop\/es\/producto\/gitterkappe-10mm-edelstahl\/","title":{"rendered":"Tapa de rejilla - 10mm - Acero inoxidable"},"content":{"rendered":"<p><strong>Cantidad:<\/strong> 1 pieza<\/p>\n<p><strong>Dimensiones:<\/strong> 10 mm (di\u00e1metro interior), 14\u00d74 mm (dimensiones exteriores)<\/p>\n<p><strong>Color:<\/strong> transparente<\/p>\n<p><strong>Material:<\/strong> acero inoxidable, acr\u00edlico<\/p>\n<p><strong>Descripci\u00f3n:<\/strong><br \/>\nEsta tapa de rejilla con una rejilla de acero inoxidable muy fina (0,2 mm) se puede colocar en un enchufe, tubo o extremo de manguera y proporciona una buena ventilaci\u00f3n del formicario sin que las hormigas puedan salir. Tanto la rejilla de acero inoxidable como el marco de cristal acr\u00edlico son transparentes.<\/p>\n<p><strong>Nota:<\/strong> Tambi\u00e9n es adecuado para las especies que pican mucho, como las hormigas cortadoras de hojas.<\/p>\n<p>&nbsp;<\/p>","protected":false},"excerpt":{"rendered":"<p>Cantidad: 1 pieza Dimensiones: 10 mm (di\u00e1metro interior), 14\u00d74 mm (dimensiones exteriores) Color: transparente Material: acero inoxidable, acr\u00edlico Descripci\u00f3n: Esta tapa de rejilla con rejilla de acero inoxidable muy fina (0,2 mm) se puede poner en un enchufe, tubo o extremo de manguera y proporciona una buena ventilaci\u00f3n del formicario sin que las hormigas puedan salir. Tanto [...]","protected":false},"featured_media":335,"comment_status":"open","ping_status":"closed","template":"","meta":{"_acf_changed":false,"content-type":"","_monsterinsights_skip_tracking":false,"_monsterinsights_sitenote_active":false,"_monsterinsights_sitenote_note":"","_monsterinsights_sitenote_category":0},"product_brand":[],"product_cat":[238],"product_tag":[],"class_list":{"0":"post-2851","1":"product","2":"type-product","3":"status-publish","4":"has-post-thumbnail","6":"product_cat-grid-caps-plugs-and-inserts","8":"first","9":"instock","10":"taxable","11":"shipping-taxable","12":"purchasable","13":"product-type-simple"},"acf":[],"aioseo_notices":[],"jetpack_sharing_enabled":true,"_links":{"self":[{"href":"https:\/\/antcube.shop\/es\/wp-json\/wp\/v2\/product\/2851","targetHints":{"allow":["GET"]}}],"collection":[{"href":"https:\/\/antcube.shop\/es\/wp-json\/wp\/v2\/product"}],"about":[{"href":"https:\/\/antcube.shop\/es\/wp-json\/wp\/v2\/types\/product"}],"replies":[{"embeddable":true,"href":"https:\/\/antcube.shop\/es\/wp-json\/wp\/v2\/comments?post=2851"}],"wp:featuredmedia":[{"embeddable":true,"href":"https:\/\/antcube.shop\/es\/wp-json\/wp\/v2\/media\/335"}],"wp:attachment":[{"href":"https:\/\/antcube.shop\/es\/wp-json\/wp\/v2\/media?parent=2851"}],"wp:term":[{"taxonomy":"product_brand","embeddable":true,"href":"https:\/\/antcube.shop\/es\/wp-json\/wp\/v2\/product_brand?post=2851"},{"taxonomy":"product_cat","embeddable":true,"href":"https:\/\/antcube.shop\/es\/wp-json\/wp\/v2\/product_cat?post=2851"},{"taxonomy":"product_tag","embeddable":true,"href":"https:\/\/antcube.shop\/es\/wp-json\/wp\/v2\/product_tag?post=2851"}],"curies":[{"name":"wp","href":"https:\/\/api.w.org\/{rel}","templated":true}]}}