{"id":2846,"date":"2021-10-13T18:38:18","date_gmt":"2021-10-13T16:38:18","guid":{"rendered":"https:\/\/antcube.shop\/produkt\/formicariengranulat-200ml-rot\/"},"modified":"2026-04-02T09:54:37","modified_gmt":"2026-04-02T07:54:37","slug":"formicariengranulat-200ml-rot","status":"publish","type":"product","link":"https:\/\/antcube.shop\/es\/producto\/formicariengranulat-200ml-rot\/","title":{"rendered":"Formicarium granulado 200ml - rojo"},"content":{"rendered":"<p><strong>Contenido:<\/strong> 200ml (equivalente a ~80g)<\/p>\n<p><strong>Tama\u00f1o del grano:<\/strong> 1 - 6 mm<\/p>\n<p><strong>Color:<\/strong> rojo<\/p>\n<p><strong>Material de base:<\/strong> mezcla especial de arcillas de alta calidad<\/p>\n<p><strong>Descripci\u00f3n:<\/strong> El material retiene la humedad y proporciona una buena aireaci\u00f3n del suelo en el formicario, protegiendo contra el encharcamiento y la putrefacci\u00f3n. La capa granular debe utilizarse a unos 1-2 cm como la capa m\u00e1s baja del suelo en una explotaci\u00f3n.<\/p>\n<p><strong>Propiedades:<\/strong><br \/>\n- inorg\u00e1nico, producto mineral<br \/>\n- biol\u00f3gicamente y qu\u00edmicamente neutro<br \/>\n- estructuralmente estable<br \/>\n- almacena la humedad<\/p>\n<p>&nbsp;<\/p>","protected":false},"excerpt":{"rendered":"<p>Para sustrato de arena\/arcilla roja<\/p>","protected":false},"featured_media":385,"comment_status":"open","ping_status":"closed","template":"","meta":{"_acf_changed":false,"content-type":"","_monsterinsights_skip_tracking":false,"_monsterinsights_sitenote_active":false,"_monsterinsights_sitenote_note":"","_monsterinsights_sitenote_category":0},"product_brand":[],"product_cat":[241],"product_tag":[],"class_list":{"0":"post-2846","1":"product","2":"type-product","3":"status-publish","4":"has-post-thumbnail","6":"product_cat-granules","8":"first","9":"instock","10":"taxable","11":"shipping-taxable","12":"purchasable","13":"product-type-simple"},"acf":[],"aioseo_notices":[],"jetpack_sharing_enabled":true,"_links":{"self":[{"href":"https:\/\/antcube.shop\/es\/wp-json\/wp\/v2\/product\/2846","targetHints":{"allow":["GET"]}}],"collection":[{"href":"https:\/\/antcube.shop\/es\/wp-json\/wp\/v2\/product"}],"about":[{"href":"https:\/\/antcube.shop\/es\/wp-json\/wp\/v2\/types\/product"}],"replies":[{"embeddable":true,"href":"https:\/\/antcube.shop\/es\/wp-json\/wp\/v2\/comments?post=2846"}],"wp:featuredmedia":[{"embeddable":true,"href":"https:\/\/antcube.shop\/es\/wp-json\/wp\/v2\/media\/385"}],"wp:attachment":[{"href":"https:\/\/antcube.shop\/es\/wp-json\/wp\/v2\/media?parent=2846"}],"wp:term":[{"taxonomy":"product_brand","embeddable":true,"href":"https:\/\/antcube.shop\/es\/wp-json\/wp\/v2\/product_brand?post=2846"},{"taxonomy":"product_cat","embeddable":true,"href":"https:\/\/antcube.shop\/es\/wp-json\/wp\/v2\/product_cat?post=2846"},{"taxonomy":"product_tag","embeddable":true,"href":"https:\/\/antcube.shop\/es\/wp-json\/wp\/v2\/product_tag?post=2846"}],"curies":[{"name":"wp","href":"https:\/\/api.w.org\/{rel}","templated":true}]}}