{"id":2842,"date":"2021-10-13T18:37:40","date_gmt":"2021-10-13T16:37:40","guid":{"rendered":"https:\/\/antcube.shop\/produkt\/ameisenarena-rahmen-20x20\/"},"modified":"2026-04-11T14:20:14","modified_gmt":"2026-04-11T12:20:14","slug":"ameisenarena-rahmen-20x20","status":"publish","type":"product","link":"https:\/\/antcube.shop\/es\/producto\/ameisenarena-rahmen-20x20\/","title":{"rendered":"Marco de arena para hormigas 20\u00d720"},"content":{"rendered":"<p><strong>Dimensiones (LxAxA):<\/strong> 20x20x0,4 cm<\/p>\n<p><strong>Material:<\/strong> vidrio flotado<\/p>\n<p><strong>Color:<\/strong> cristalino \/ transparente<\/p>\n<p><strong>Contenido:<\/strong><br \/>\n1x marco de hormigueros<\/p>\n<p><strong>Descripci\u00f3n:<\/strong><br \/>\nMarco de cristal para el hormiguero como protecci\u00f3n contra las fugas.<\/p>\n<p><strong>Aplicaci\u00f3n:<\/strong><br \/>\nEl marco para hormigueros es un marco de cristal que se coloca sobre un hormiguero y que est\u00e1 provisto de una protecci\u00f3n antifugas (aceite, polvo o barniz) por la parte inferior, lo que impide que las hormigas se escapen.<\/p>\n<p><strong>Aviso:<\/strong><br \/>\nDado que el art\u00edculo es de vidrio y, por tanto, sensible, debe manipularse con mucho cuidado. El vidrio se corta seg\u00fan la norma DIN 1249 con una tolerancia de +\/- 1 mm. En el caso de especies de hormigas extremadamente peque\u00f1as, es imprescindible una protecci\u00f3n adicional contra la rotura.<\/p>\n<p>&nbsp;<\/p>","protected":false},"excerpt":{"rendered":"<p>Dimensiones (LxAxA): 20x20x0,4 cm Material: vidrio flotado Color: cristalino \/ transparente Contenido: 1x marco para hormiguero Descripci\u00f3n: Marco de cristal para el hormiguero como protecci\u00f3n contra escapes. Aplicaci\u00f3n: El marco para hormigueros es un marco de cristal que se coloca sobre un hormiguero y est\u00e1 provisto de una protecci\u00f3n antiefracci\u00f3n.","protected":false},"featured_media":332,"comment_status":"open","ping_status":"closed","template":"","meta":{"_acf_changed":false,"content-type":"","_monsterinsights_skip_tracking":false,"_monsterinsights_sitenote_active":false,"_monsterinsights_sitenote_note":"","_monsterinsights_sitenote_category":0},"product_brand":[],"product_cat":[91,93],"product_tag":[],"class_list":{"0":"post-2842","1":"product","2":"type-product","3":"status-publish","4":"has-post-thumbnail","6":"product_cat-formicarium-modules","7":"product_cat-arena-frame","9":"first","10":"instock","11":"taxable","12":"shipping-taxable","13":"purchasable","14":"product-type-simple"},"acf":[],"aioseo_notices":[],"jetpack_sharing_enabled":true,"_links":{"self":[{"href":"https:\/\/antcube.shop\/es\/wp-json\/wp\/v2\/product\/2842","targetHints":{"allow":["GET"]}}],"collection":[{"href":"https:\/\/antcube.shop\/es\/wp-json\/wp\/v2\/product"}],"about":[{"href":"https:\/\/antcube.shop\/es\/wp-json\/wp\/v2\/types\/product"}],"replies":[{"embeddable":true,"href":"https:\/\/antcube.shop\/es\/wp-json\/wp\/v2\/comments?post=2842"}],"wp:featuredmedia":[{"embeddable":true,"href":"https:\/\/antcube.shop\/es\/wp-json\/wp\/v2\/media\/332"}],"wp:attachment":[{"href":"https:\/\/antcube.shop\/es\/wp-json\/wp\/v2\/media?parent=2842"}],"wp:term":[{"taxonomy":"product_brand","embeddable":true,"href":"https:\/\/antcube.shop\/es\/wp-json\/wp\/v2\/product_brand?post=2842"},{"taxonomy":"product_cat","embeddable":true,"href":"https:\/\/antcube.shop\/es\/wp-json\/wp\/v2\/product_cat?post=2842"},{"taxonomy":"product_tag","embeddable":true,"href":"https:\/\/antcube.shop\/es\/wp-json\/wp\/v2\/product_tag?post=2842"}],"curies":[{"name":"wp","href":"https:\/\/api.w.org\/{rel}","templated":true}]}}