{"id":2841,"date":"2021-10-13T18:37:30","date_gmt":"2021-10-13T16:37:30","guid":{"rendered":"https:\/\/antcube.shop\/produkt\/food-mix-set-standard\/"},"modified":"2026-04-12T17:12:11","modified_gmt":"2026-04-12T15:12:11","slug":"conjunto-de-mezclas-de-alimentos-estandar","status":"publish","type":"product","link":"https:\/\/antcube.shop\/es\/producto\/conjunto-de-mezclas-de-alimentos-estandar\/","title":{"rendered":"Juego de mezclas de alimentos - Est\u00e1ndar"},"content":{"rendered":"<p><strong>Contenido:<\/strong> 2ml por tubo de alimentaci\u00f3n<br \/>\n2x alimento proteico (PP)<br \/>\n2x alimento proteico FD insectos (PI)<br \/>\n2x alimentos con carbohidratos (K)<br \/>\n2x alimentos de frutas (F)<br \/>\n2x soluci\u00f3n de miel de az\u00facar (ZH)<br \/>\n1 esponja<\/p>\n<p><span data-text-color=\"alert\"><strong>Atenci\u00f3n:<\/strong> <\/span>Mezcle el polvo con una gota de agua, ya que los animales no lo aceptan cuando est\u00e1 seco.<\/p>\n<p><strong>Descripci\u00f3n:<\/strong><br \/>\nSe trata de un set de alimentaci\u00f3n para varias especies de hormigas que se alimentan de carbohidratos y prote\u00ednas. Contiene todo lo que las hormigas necesitan para una dieta equilibrada. Dado que las raciones individuales de comida se presentan en tubos separados, son f\u00e1ciles de dosificar. Se recomienda humedecer m\u00ednimamente el alimento de prote\u00ednas, carbohidratos y frutas con un poco de agua. Esto tambi\u00e9n evitar\u00e1 que el polvo se escurra cuando se utilice en el formicario \"central\" del agujero.<\/p>\n<p><strong>Uso\/Aplicaci\u00f3n:<\/strong><br \/>\nAlimento proteico = para especies de hormigas insect\u00edvoras (Eulipotyphla).<br \/>\nEs un pienso complementario (pienso mixto)<br \/>\nSe debe mezclar con una gota de agua y luego se puede conservar s\u00f3lo 1 d\u00eda cuando est\u00e1 mojado. Limpiar bien el comedero\/tubo antes de reutilizarlo.<br \/>\nUn envase abierto debe utilizarse bien cerrado (si se almacena en seco) hasta la fecha indicada (fecha de consumo preferente).<\/p>\n<p>Alimentaci\u00f3n proteica FD = para especies de hormigas insect\u00edvoras (Eulipotyphla)<br \/>\nSe trata de un pienso complementario (pienso compuesto).<br \/>\nSe debe mezclar con una gota de agua y luego se puede conservar s\u00f3lo 1 d\u00eda cuando est\u00e1 mojado. Limpiar bien el comedero\/tubo antes de reutilizarlo.<br \/>\nUn envase abierto debe utilizarse bien cerrado (si se almacena en seco) hasta la fecha indicada (fecha de consumo preferente).<\/p>\n<p>Alimentos con carbohidratos = para las especies de hormigas que comen az\u00facar y miel<br \/>\nEs un pienso complementario (pienso compuesto)<br \/>\nSe puede mezclar con una gota de agua y tiene una vida \u00fatil de 3 d\u00edas cuando est\u00e1 mojado. Limpie a fondo el comedero\/tubo antes de reutilizarlo.<br \/>\nUn envase abierto debe utilizarse bien cerrado (si se almacena en seco) hasta la fecha indicada (fecha de consumo preferente).<\/p>\n<p>Comida de fruta = para las especies de hormigas que comen fruta (frug\u00edvoras)<br \/>\nSe trata de un alimento complementario (alimento \u00fanico)<br \/>\nSe puede mezclar con una gota de agua y tiene una vida \u00fatil de 3 d\u00edas cuando est\u00e1 h\u00famedo. Limpie a fondo el comedero\/tubo antes de reutilizarlo.<br \/>\nUn envase abierto debe utilizarse bien cerrado (si se almacena en seco) hasta la fecha indicada (fecha de consumo preferente).<\/p>\n<p>Soluci\u00f3n de az\u00facar y miel = para especies de hormigas que comen az\u00facar y miel.<br \/>\nEs un pienso complementario (pienso compuesto)<br \/>\nSe puede ofrecer a los animales en el estado de entrega. Dado que la humedad reduce la concentraci\u00f3n de az\u00facar y se inicia un proceso de fermentaci\u00f3n, el alimento debe sustituirse cada 3 d\u00edas. Limpie a fondo el comedero\/tubo antes de reutilizarlo.<br \/>\nUn envase abierto debe utilizarse bien cerrado hasta la fecha indicada (fecha de consumo preferente).<\/p>\n<p><strong>Aviso:<\/strong><br \/>\nPuede encontrar informaci\u00f3n sobre c\u00f3mo utilizar las sondas de alimentaci\u00f3n aqu\u00ed: Enlace<br \/>\nAlimento completo para hormigas insect\u00edvoras.<br \/>\nConsulte el prospecto para conocer la composici\u00f3n, los ingredientes anal\u00edticos, la fecha de consumo preferente y el n\u00famero de lote.<\/p>\n<p>L\u00ednea directa de informaci\u00f3n +49 30 439703870<\/p>\n<p>Autoridad responsable de la supervisi\u00f3n veterinaria y alimentaria:<br \/>\nOficina veterinaria de Steglitz<br \/>\nK\u00f6nigin-Luise-Str. 92<br \/>\n14195 Berl\u00edn<\/p>","protected":false},"excerpt":{"rendered":"<p>Alimentaci\u00f3n completa<\/p>","protected":false},"featured_media":309,"comment_status":"open","ping_status":"closed","template":"","meta":{"_acf_changed":false,"content-type":"","_monsterinsights_skip_tracking":false,"_monsterinsights_sitenote_active":false,"_monsterinsights_sitenote_note":"","_monsterinsights_sitenote_category":0},"product_brand":[],"product_cat":[115,116],"product_tag":[],"class_list":{"0":"post-2841","1":"product","2":"type-product","3":"status-publish","4":"has-post-thumbnail","6":"product_cat-food-and-feeding","7":"product_cat-food","9":"first","10":"instock","11":"taxable","12":"shipping-taxable","13":"purchasable","14":"product-type-simple"},"acf":[],"aioseo_notices":[],"jetpack_sharing_enabled":true,"_links":{"self":[{"href":"https:\/\/antcube.shop\/es\/wp-json\/wp\/v2\/product\/2841","targetHints":{"allow":["GET"]}}],"collection":[{"href":"https:\/\/antcube.shop\/es\/wp-json\/wp\/v2\/product"}],"about":[{"href":"https:\/\/antcube.shop\/es\/wp-json\/wp\/v2\/types\/product"}],"replies":[{"embeddable":true,"href":"https:\/\/antcube.shop\/es\/wp-json\/wp\/v2\/comments?post=2841"}],"wp:featuredmedia":[{"embeddable":true,"href":"https:\/\/antcube.shop\/es\/wp-json\/wp\/v2\/media\/309"}],"wp:attachment":[{"href":"https:\/\/antcube.shop\/es\/wp-json\/wp\/v2\/media?parent=2841"}],"wp:term":[{"taxonomy":"product_brand","embeddable":true,"href":"https:\/\/antcube.shop\/es\/wp-json\/wp\/v2\/product_brand?post=2841"},{"taxonomy":"product_cat","embeddable":true,"href":"https:\/\/antcube.shop\/es\/wp-json\/wp\/v2\/product_cat?post=2841"},{"taxonomy":"product_tag","embeddable":true,"href":"https:\/\/antcube.shop\/es\/wp-json\/wp\/v2\/product_tag?post=2841"}],"curies":[{"name":"wp","href":"https:\/\/api.w.org\/{rel}","templated":true}]}}