{"id":2840,"date":"2021-10-13T18:37:21","date_gmt":"2021-10-13T16:37:21","guid":{"rendered":"https:\/\/antcube.shop\/produkt\/bodengrund-wuste-1-kg\/"},"modified":"2026-04-16T17:07:31","modified_gmt":"2026-04-16T15:07:31","slug":"bodengrund-wuste-1-kg","status":"publish","type":"product","link":"https:\/\/antcube.shop\/es\/producto\/bodengrund-wuste-1-kg\/","title":{"rendered":"Sustrato - desierto - 1 Kg"},"content":{"rendered":"<p><strong>Contenido:<\/strong> 1 Kg.<\/p>\n<p><strong>Material:<\/strong> arena, piedras, arcilla<\/p>\n<p><strong>Color:<\/strong> beige<\/p>\n<p><strong>Descripci\u00f3n:<\/strong> Este suelo des\u00e9rtico se compone principalmente de arena, arcilla y algunas piedras.<br \/>\nEs un suelo natural para todas las especies de hormigas que viven en regiones des\u00e9rticas o mediterr\u00e1neas.<\/p>\n<p><strong>Aplicaci\u00f3n:<\/strong> \u00a1la tierra excavable se puede utilizar para el nido y el \u00e1rea de la arena!<\/p>\n<p><strong>Nota:<\/strong> Al tratarse de un producto puramente natural, puede haber peque\u00f1as diferencias de color y estructura sobre las que no podemos influir.<\/p>\n<p><strong>Es importante:<\/strong> Por favor, humedezca el sustrato antes de usarlo, para que la mezcla pueda combinarse y desarrollarse firmemente en el hormiguero. Adem\u00e1s, un sustrato demasiado seco y polvoriento puede provocar la obstrucci\u00f3n de las v\u00edas respiratorias de las hormigas y, en el peor de los casos, la asfixia de los animales.<\/p>","protected":false},"excerpt":{"rendered":"<p>H\u00e1bitat natural especial suelo\/sustrato<\/p>","protected":false},"featured_media":5509,"comment_status":"open","ping_status":"closed","template":"","meta":{"_acf_changed":false,"content-type":"","_monsterinsights_skip_tracking":false,"_monsterinsights_sitenote_active":false,"_monsterinsights_sitenote_note":"","_monsterinsights_sitenote_category":0},"product_brand":[],"product_cat":[96],"product_tag":[],"class_list":{"0":"post-2840","1":"product","2":"type-product","3":"status-publish","4":"has-post-thumbnail","6":"product_cat-soil","8":"first","9":"instock","10":"taxable","11":"shipping-taxable","12":"purchasable","13":"product-type-simple"},"acf":[],"aioseo_notices":[],"jetpack_sharing_enabled":true,"_links":{"self":[{"href":"https:\/\/antcube.shop\/es\/wp-json\/wp\/v2\/product\/2840","targetHints":{"allow":["GET"]}}],"collection":[{"href":"https:\/\/antcube.shop\/es\/wp-json\/wp\/v2\/product"}],"about":[{"href":"https:\/\/antcube.shop\/es\/wp-json\/wp\/v2\/types\/product"}],"replies":[{"embeddable":true,"href":"https:\/\/antcube.shop\/es\/wp-json\/wp\/v2\/comments?post=2840"}],"wp:featuredmedia":[{"embeddable":true,"href":"https:\/\/antcube.shop\/es\/wp-json\/wp\/v2\/media\/5509"}],"wp:attachment":[{"href":"https:\/\/antcube.shop\/es\/wp-json\/wp\/v2\/media?parent=2840"}],"wp:term":[{"taxonomy":"product_brand","embeddable":true,"href":"https:\/\/antcube.shop\/es\/wp-json\/wp\/v2\/product_brand?post=2840"},{"taxonomy":"product_cat","embeddable":true,"href":"https:\/\/antcube.shop\/es\/wp-json\/wp\/v2\/product_cat?post=2840"},{"taxonomy":"product_tag","embeddable":true,"href":"https:\/\/antcube.shop\/es\/wp-json\/wp\/v2\/product_tag?post=2840"}],"curies":[{"name":"wp","href":"https:\/\/api.w.org\/{rel}","templated":true}]}}