{"id":2839,"date":"2021-10-13T18:37:12","date_gmt":"2021-10-13T16:37:12","guid":{"rendered":"https:\/\/antcube.shop\/produkt\/bodengrund-regenwald-1-kg\/"},"modified":"2026-04-17T21:44:09","modified_gmt":"2026-04-17T19:44:09","slug":"bodengrund-regenwald-1-kg","status":"publish","type":"product","link":"https:\/\/antcube.shop\/es\/producto\/bodengrund-regenwald-1-kg\/","title":{"rendered":"Sustrato - Selva - 1 Kg"},"content":{"rendered":"<p><strong>Contenido:<\/strong> 1 Kg.<\/p>\n<p><strong>Material:<\/strong> arena, turba, humus, arcilla<\/p>\n<p><strong>Color:<\/strong> marr\u00f3n, beige<\/p>\n<p><strong>Descripci\u00f3n:<\/strong> Este suelo natural de la selva se compone de una mezcla de arena, turba, humus y arcilla.<br \/>\nTiene un contenido de arcilla ligeramente inferior al del suelo normal de la selva tropical, pero esto facilita la excavaci\u00f3n de las hormigas y es mucho mejor aceptado por ellas. Es adecuado para todas las especies de hormigas que viven en el suelo de la selva tropical o, en general, en h\u00e1bitats tropicales h\u00famedos.<\/p>\n<p><strong>Aplicaci\u00f3n:<\/strong> La tierra de la excavaci\u00f3n puede utilizarse para el nido y la zona de la arena.<\/p>\n<p><strong>Nota:<\/strong> Al tratarse de un producto natural puro, puede haber peque\u00f1as diferencias de color y estructura sobre las que no podemos influir.<\/p>\n<p><strong>Es importante:<\/strong> Por favor, humedezca el sustrato antes de usarlo, para que la mezcla pueda combinarse y desarrollarse firmemente en el hormiguero. Adem\u00e1s, un sustrato demasiado seco y polvoriento puede provocar la obstrucci\u00f3n de las v\u00edas respiratorias de las hormigas y, en el peor de los casos, la asfixia de los animales.<\/p>","protected":false},"excerpt":{"rendered":"<p>H\u00e1bitat natural especial suelo\/sustrato<\/p>","protected":false},"featured_media":5501,"comment_status":"open","ping_status":"closed","template":"","meta":{"_acf_changed":false,"content-type":"","_monsterinsights_skip_tracking":false,"_monsterinsights_sitenote_active":false,"_monsterinsights_sitenote_note":"","_monsterinsights_sitenote_category":0},"product_brand":[],"product_cat":[96],"product_tag":[],"class_list":{"0":"post-2839","1":"product","2":"type-product","3":"status-publish","4":"has-post-thumbnail","6":"product_cat-soil","8":"first","9":"instock","10":"taxable","11":"shipping-taxable","12":"purchasable","13":"product-type-simple"},"acf":[],"aioseo_notices":[],"jetpack_sharing_enabled":true,"_links":{"self":[{"href":"https:\/\/antcube.shop\/es\/wp-json\/wp\/v2\/product\/2839","targetHints":{"allow":["GET"]}}],"collection":[{"href":"https:\/\/antcube.shop\/es\/wp-json\/wp\/v2\/product"}],"about":[{"href":"https:\/\/antcube.shop\/es\/wp-json\/wp\/v2\/types\/product"}],"replies":[{"embeddable":true,"href":"https:\/\/antcube.shop\/es\/wp-json\/wp\/v2\/comments?post=2839"}],"wp:featuredmedia":[{"embeddable":true,"href":"https:\/\/antcube.shop\/es\/wp-json\/wp\/v2\/media\/5501"}],"wp:attachment":[{"href":"https:\/\/antcube.shop\/es\/wp-json\/wp\/v2\/media?parent=2839"}],"wp:term":[{"taxonomy":"product_brand","embeddable":true,"href":"https:\/\/antcube.shop\/es\/wp-json\/wp\/v2\/product_brand?post=2839"},{"taxonomy":"product_cat","embeddable":true,"href":"https:\/\/antcube.shop\/es\/wp-json\/wp\/v2\/product_cat?post=2839"},{"taxonomy":"product_tag","embeddable":true,"href":"https:\/\/antcube.shop\/es\/wp-json\/wp\/v2\/product_tag?post=2839"}],"curies":[{"name":"wp","href":"https:\/\/api.w.org\/{rel}","templated":true}]}}