{"id":2831,"date":"2021-10-13T18:35:55","date_gmt":"2021-10-13T16:35:55","guid":{"rendered":"https:\/\/antcube.shop\/produkt\/formicarienkappe-fur-10mm-buchse\/"},"modified":"2026-04-01T17:55:25","modified_gmt":"2026-04-01T15:55:25","slug":"formicarienkappe-fur-10mm-buchse","status":"publish","type":"product","link":"https:\/\/antcube.shop\/es\/producto\/formicarienkappe-fur-10mm-buchse\/","title":{"rendered":"Tap\u00f3n de formicario para toma de 10mm"},"content":{"rendered":"<p><strong>Cantidad:<\/strong> 1 pieza<\/p>\n<p><strong>Dimensiones:<\/strong> 11 x 11mm<\/p>\n<p><strong>Material:<\/strong> Pl\u00e1stico PE<\/p>\n<p><strong>Color:<\/strong> transparente, lechoso<\/p>\n<p><strong>Descripci\u00f3n:<\/strong> Para cerrar tomas de 10 mm, por ejemplo, las tomas de conexi\u00f3n de nuestros M-Antfarms.<\/p>","protected":false},"excerpt":{"rendered":"<p>Cantidad: 1 pieza Dimensiones: 11 x 11mm Material: Pl\u00e1stico PE Color: transparente, lechoso Descripci\u00f3n: Para cerrar enchufes de 10mm, por ejemplo los enchufes de conexi\u00f3n de nuestros M-Antfarms.<\/p>","protected":false},"featured_media":340,"comment_status":"open","ping_status":"closed","template":"","meta":{"_acf_changed":false,"content-type":"","_monsterinsights_skip_tracking":false,"_monsterinsights_sitenote_active":false,"_monsterinsights_sitenote_note":"","_monsterinsights_sitenote_category":0},"product_brand":[],"product_cat":[238],"product_tag":[],"class_list":{"0":"post-2831","1":"product","2":"type-product","3":"status-publish","4":"has-post-thumbnail","6":"product_cat-grid-caps-plugs-and-inserts","8":"first","9":"instock","10":"taxable","11":"shipping-taxable","12":"purchasable","13":"product-type-simple"},"acf":[],"aioseo_notices":[],"jetpack_sharing_enabled":true,"_links":{"self":[{"href":"https:\/\/antcube.shop\/es\/wp-json\/wp\/v2\/product\/2831","targetHints":{"allow":["GET"]}}],"collection":[{"href":"https:\/\/antcube.shop\/es\/wp-json\/wp\/v2\/product"}],"about":[{"href":"https:\/\/antcube.shop\/es\/wp-json\/wp\/v2\/types\/product"}],"replies":[{"embeddable":true,"href":"https:\/\/antcube.shop\/es\/wp-json\/wp\/v2\/comments?post=2831"}],"wp:featuredmedia":[{"embeddable":true,"href":"https:\/\/antcube.shop\/es\/wp-json\/wp\/v2\/media\/340"}],"wp:attachment":[{"href":"https:\/\/antcube.shop\/es\/wp-json\/wp\/v2\/media?parent=2831"}],"wp:term":[{"taxonomy":"product_brand","embeddable":true,"href":"https:\/\/antcube.shop\/es\/wp-json\/wp\/v2\/product_brand?post=2831"},{"taxonomy":"product_cat","embeddable":true,"href":"https:\/\/antcube.shop\/es\/wp-json\/wp\/v2\/product_cat?post=2831"},{"taxonomy":"product_tag","embeddable":true,"href":"https:\/\/antcube.shop\/es\/wp-json\/wp\/v2\/product_tag?post=2831"}],"curies":[{"name":"wp","href":"https:\/\/api.w.org\/{rel}","templated":true}]}}