{"id":2829,"date":"2021-10-13T18:35:37","date_gmt":"2021-10-13T16:35:37","guid":{"rendered":"https:\/\/antcube.shop\/produkt\/formicarienstopfen-fur-50mm-bohrung\/"},"modified":"2026-04-11T14:20:14","modified_gmt":"2026-04-11T12:20:14","slug":"formicarienstopfen-fur-50mm-bohrung-2","status":"publish","type":"product","link":"https:\/\/antcube.shop\/es\/producto\/formicarienstopfen-fur-50mm-bohrung-2\/","title":{"rendered":"Tap\u00f3n Formicarium para agujero de 50mm"},"content":{"rendered":"<p><strong>Cantidad:<\/strong> 1 pieza<\/p>\n<p><strong>Dimensiones:<\/strong> 59 x 10mm<\/p>\n<p><strong>Material:<\/strong> Pl\u00e1stico PE<\/p>\n<p><strong>Color:<\/strong> transparente, lechoso<\/p>\n<p><strong>Descripci\u00f3n:<\/strong> Para cerrar aberturas redondas en formicarios con un di\u00e1metro de 50 mm.<\/p>\n<p><strong>Opcional con agujero:<\/strong><br \/>\n- El di\u00e1metro de 20 mm se ajusta a los conectores de los tubos del dep\u00f3sito de 27 mm - 14, 16, 20 mm - transparente.<br \/>\n- Orificio de 27 mm para accesorios de 3\/4 de pulgada y M25<\/p>","protected":false},"excerpt":{"rendered":"<p>Cantidad: 1 pieza Dimensiones: 59 x 10mm Material: Pl\u00e1stico PE Color: transparente, lechoso Descripci\u00f3n: Para cerrar aberturas redondas en formicarios con 50mm de di\u00e1metro. Opcional con agujero: - agujero de 20mm encaja para conectores de tubo de tanque de 27mm - 14, 16, 20mm - transparente. - Agujero de 27mm encaja para conectores de 3\/4 de pulgada y M25<\/p>","protected":false},"featured_media":343,"comment_status":"open","ping_status":"closed","template":"","meta":{"_acf_changed":false,"content-type":"","_monsterinsights_skip_tracking":false,"_monsterinsights_sitenote_active":false,"_monsterinsights_sitenote_note":"","_monsterinsights_sitenote_category":0},"product_brand":[],"product_cat":[238],"product_tag":[],"class_list":{"0":"post-2829","1":"product","2":"type-product","3":"status-publish","4":"has-post-thumbnail","6":"product_cat-grid-caps-plugs-and-inserts","8":"first","9":"instock","10":"taxable","11":"shipping-taxable","12":"purchasable","13":"product-type-simple"},"acf":[],"aioseo_notices":[],"jetpack_sharing_enabled":true,"_links":{"self":[{"href":"https:\/\/antcube.shop\/es\/wp-json\/wp\/v2\/product\/2829","targetHints":{"allow":["GET"]}}],"collection":[{"href":"https:\/\/antcube.shop\/es\/wp-json\/wp\/v2\/product"}],"about":[{"href":"https:\/\/antcube.shop\/es\/wp-json\/wp\/v2\/types\/product"}],"replies":[{"embeddable":true,"href":"https:\/\/antcube.shop\/es\/wp-json\/wp\/v2\/comments?post=2829"}],"wp:featuredmedia":[{"embeddable":true,"href":"https:\/\/antcube.shop\/es\/wp-json\/wp\/v2\/media\/343"}],"wp:attachment":[{"href":"https:\/\/antcube.shop\/es\/wp-json\/wp\/v2\/media?parent=2829"}],"wp:term":[{"taxonomy":"product_brand","embeddable":true,"href":"https:\/\/antcube.shop\/es\/wp-json\/wp\/v2\/product_brand?post=2829"},{"taxonomy":"product_cat","embeddable":true,"href":"https:\/\/antcube.shop\/es\/wp-json\/wp\/v2\/product_cat?post=2829"},{"taxonomy":"product_tag","embeddable":true,"href":"https:\/\/antcube.shop\/es\/wp-json\/wp\/v2\/product_tag?post=2829"}],"curies":[{"name":"wp","href":"https:\/\/api.w.org\/{rel}","templated":true}]}}