{"id":2825,"date":"2021-10-13T18:33:32","date_gmt":"2021-10-13T16:33:32","guid":{"rendered":"https:\/\/antcube.shop\/produkt\/ytongnest-20x20\/"},"modified":"2026-04-16T20:25:13","modified_gmt":"2026-04-16T18:25:13","slug":"ytongnest-20x20-2","status":"publish","type":"product","link":"https:\/\/antcube.shop\/es\/producto\/ytongnest-20x20-2\/","title":{"rendered":"Ytongnest - 20\u00d720"},"content":{"rendered":"<p><strong>Material:<\/strong> hormig\u00f3n celular, vidrio, pl\u00e1stico PMMA y PVC<\/p>\n<p><strong>Conexi\u00f3n:<\/strong> 2 agujeros de 14 mm<\/p>\n<p><strong>Contenido:<\/strong><br \/>\n1 bloque de hormig\u00f3n celular de 20x20x5 cm con c\u00e1maras de 20 mm de profundidad.<br \/>\n1 placa de vidrio de 20\u00d720 cm con una abertura de 50 mm<br \/>\n1x anillo de 50mm con apertura de 27mm<br \/>\n2x Tap\u00f3n de Formicarium 13mm<br \/>\n1x Tap\u00f3n Formicarium 27mm<\/p>\n<p><strong>Descripci\u00f3n:<\/strong><br \/>\nYtong es una marca, el material en s\u00ed se llama hormig\u00f3n celular.<br \/>\nDebido a la propiedad de retenci\u00f3n de agua, el material es muy adecuado para la cr\u00eda de hormigas.<br \/>\nEs posible mantener en \u00e9l un gran n\u00famero de especies de madrigueras, tanto de h\u00e1bitats secos como h\u00famedos.<br \/>\nDependiendo de la especie de hormiga, se recomienda cubrir el fondo de las c\u00e1maras con sustrato de tierra. Algunas especies se sienten m\u00e1s c\u00f3modas de esta manera y, por ejemplo, las especies de hormigas Ponerinae necesitan tierra para que sus larvas puedan pupar correctamente.<br \/>\nSe recomienda acoplar una arena al nido para utilizarlo como un formicario completo.<\/p>\n<p><strong>Consejo:<\/strong><br \/>\nPara evitar que el agua se filtre fuera del Ytong despu\u00e9s de humedecer la zona del nido y se acumule en la superficie de los muebles de abajo, o que el material rugoso raye las superficies, recomendamos pedir una de nuestras ba\u00f1eras de cristal a juego con nuestros nidos Ytong. \u00c9stas son impermeables y protegen eficazmente las superficies subyacentes de los da\u00f1os causados por el agua y los ara\u00f1azos.<\/p>\n<p><strong>Uso:<\/strong><br \/>\n<strong>Para especies de hormigas de tama\u00f1o M - L.<\/strong><br \/>\nEl hormig\u00f3n celular es un material muy fr\u00e1gil y quebradizo. Por ello, debido al proceso de fabricaci\u00f3n, es imposible evitar que las esquinas y los bordes presenten ligeras roturas y desniveles.<br \/>\nPor ello, los nidos de Ytong no son adecuados para especies de hormigas muy peque\u00f1as de tama\u00f1o S, ya que estas especies podr\u00edan escaparse f\u00e1cilmente de aqu\u00ed.<\/p>","protected":false},"excerpt":{"rendered":"<p>Conexi\u00f3n: 2x 14mm de apertura<br \/>\nTama\u00f1o: <strong><span style=\"color: #339966;\">M<\/span><\/strong><strong> &#8211; <span style=\"color: #0000ff;\">L<\/span><\/strong><\/p>","protected":false},"featured_media":3010,"comment_status":"open","ping_status":"closed","template":"","meta":{"_acf_changed":false,"content-type":"","_monsterinsights_skip_tracking":false,"_monsterinsights_sitenote_active":false,"_monsterinsights_sitenote_note":"","_monsterinsights_sitenote_category":0},"product_brand":[],"product_cat":[80,86],"product_tag":[],"class_list":{"0":"post-2825","1":"product","2":"type-product","3":"status-publish","4":"has-post-thumbnail","6":"product_cat-antfarms","7":"product_cat-formicariums","9":"first","10":"instock","11":"taxable","12":"shipping-taxable","13":"purchasable","14":"product-type-simple"},"acf":[],"aioseo_notices":[],"jetpack_sharing_enabled":true,"_links":{"self":[{"href":"https:\/\/antcube.shop\/es\/wp-json\/wp\/v2\/product\/2825","targetHints":{"allow":["GET"]}}],"collection":[{"href":"https:\/\/antcube.shop\/es\/wp-json\/wp\/v2\/product"}],"about":[{"href":"https:\/\/antcube.shop\/es\/wp-json\/wp\/v2\/types\/product"}],"replies":[{"embeddable":true,"href":"https:\/\/antcube.shop\/es\/wp-json\/wp\/v2\/comments?post=2825"}],"wp:featuredmedia":[{"embeddable":true,"href":"https:\/\/antcube.shop\/es\/wp-json\/wp\/v2\/media\/3010"}],"wp:attachment":[{"href":"https:\/\/antcube.shop\/es\/wp-json\/wp\/v2\/media?parent=2825"}],"wp:term":[{"taxonomy":"product_brand","embeddable":true,"href":"https:\/\/antcube.shop\/es\/wp-json\/wp\/v2\/product_brand?post=2825"},{"taxonomy":"product_cat","embeddable":true,"href":"https:\/\/antcube.shop\/es\/wp-json\/wp\/v2\/product_cat?post=2825"},{"taxonomy":"product_tag","embeddable":true,"href":"https:\/\/antcube.shop\/es\/wp-json\/wp\/v2\/product_tag?post=2825"}],"curies":[{"name":"wp","href":"https:\/\/api.w.org\/{rel}","templated":true}]}}