{"id":2823,"date":"2021-10-13T18:33:03","date_gmt":"2021-10-13T16:33:03","guid":{"rendered":"https:\/\/antcube.shop\/produkt\/becken-schlauchverbinder-27mm-14-16-20-mm-transparent\/"},"modified":"2026-04-19T20:15:27","modified_gmt":"2026-04-19T18:15:27","slug":"becken-schlauchverbinder-27mm-14-16-20-mm-transparente","status":"publish","type":"product","link":"https:\/\/antcube.shop\/es\/producto\/becken-schlauchverbinder-27mm-14-16-20-mm-transparente\/","title":{"rendered":"Conector de manguera de lavabo 27mm - 14, 16, 20 mm - transparente"},"content":{"rendered":"<p><strong>Dimensiones:\u00a0<\/strong><br \/>\nDi\u00e1metro interior = 14mm<br \/>\nDi\u00e1metro exterior = 16mm (primera etapa), 20mm (segunda etapa)<br \/>\nLongitud = 36mm<\/p>\n<p><strong>Contenido:<\/strong><br \/>\n1 conector de manguera de lavabo<br \/>\n1 anillo de sujeci\u00f3n<\/p>\n<p><strong>Conexi\u00f3n:<\/strong><br \/>\nLavabo : \u00a1Cabe en agujeros de 27 mm (3\/4\u2033) con un grosor de pared de 4 mm!<br \/>\nMangueras: La manguera 14\/10 se inserta firmemente en la toma de 14mm<br \/>\nEl tubo 20\/16 se ajusta firmemente en el primer escal\u00f3n de 16 mm<br \/>\nLa manguera 22\/18 se fija en el segundo escal\u00f3n de 20 mm<br \/>\nLa manguera 24\/20 se coloca sin problemas en el segundo escal\u00f3n de 20 mm<\/p>\n<p><strong>Descripci\u00f3n:<\/strong><br \/>\nEste conector de lavabo, se tapar\u00e1 a trav\u00e9s del agujero de 27mm con un grosor de pared de vidrio de 4mm. Un anillo de sujeci\u00f3n fija el conector a la cuenca de vidrio. En el otro extremo del casquillo se pueden fijar tubos de 14 mm de di\u00e1metro exterior o de 16 mm o 20 mm de di\u00e1metro interior.<\/p>","protected":false},"excerpt":{"rendered":"<p>Dimensiones: Di\u00e1metro interior = 14mm Di\u00e1metro exterior = 16mm (primera etapa), 20mm (segunda etapa) Longitud = 36mm Contenido: 1x conector de manguera de lavabo 1x anillo de sujeci\u00f3n Conexi\u00f3n: Lavabo : Encaja en orificios de 27mm (3\/4\") con un grosor de pared de 4mm Mangueras: La manguera 14\/10 se inserta firmemente en el enchufe La manguera 14mm 20\/16 se ajusta firmemente en el","protected":false},"featured_media":357,"comment_status":"open","ping_status":"closed","template":"","meta":{"_acf_changed":false,"content-type":"","_monsterinsights_skip_tracking":false,"_monsterinsights_sitenote_active":false,"_monsterinsights_sitenote_note":"","_monsterinsights_sitenote_category":0},"product_brand":[],"product_cat":[121],"product_tag":[],"class_list":{"0":"post-2823","1":"product","2":"type-product","3":"status-publish","4":"has-post-thumbnail","6":"product_cat-connectors","8":"first","9":"instock","10":"taxable","11":"shipping-taxable","12":"purchasable","13":"product-type-simple"},"acf":[],"aioseo_notices":[],"jetpack_sharing_enabled":true,"_links":{"self":[{"href":"https:\/\/antcube.shop\/es\/wp-json\/wp\/v2\/product\/2823","targetHints":{"allow":["GET"]}}],"collection":[{"href":"https:\/\/antcube.shop\/es\/wp-json\/wp\/v2\/product"}],"about":[{"href":"https:\/\/antcube.shop\/es\/wp-json\/wp\/v2\/types\/product"}],"replies":[{"embeddable":true,"href":"https:\/\/antcube.shop\/es\/wp-json\/wp\/v2\/comments?post=2823"}],"wp:featuredmedia":[{"embeddable":true,"href":"https:\/\/antcube.shop\/es\/wp-json\/wp\/v2\/media\/357"}],"wp:attachment":[{"href":"https:\/\/antcube.shop\/es\/wp-json\/wp\/v2\/media?parent=2823"}],"wp:term":[{"taxonomy":"product_brand","embeddable":true,"href":"https:\/\/antcube.shop\/es\/wp-json\/wp\/v2\/product_brand?post=2823"},{"taxonomy":"product_cat","embeddable":true,"href":"https:\/\/antcube.shop\/es\/wp-json\/wp\/v2\/product_cat?post=2823"},{"taxonomy":"product_tag","embeddable":true,"href":"https:\/\/antcube.shop\/es\/wp-json\/wp\/v2\/product_tag?post=2823"}],"curies":[{"name":"wp","href":"https:\/\/api.w.org\/{rel}","templated":true}]}}