{"id":2740,"date":"2021-10-08T12:05:15","date_gmt":"2021-10-08T10:05:15","guid":{"rendered":"https:\/\/antcube.shop\/produkt\/antcube-starter-set-l-20x20-gips\/"},"modified":"2026-03-11T18:34:19","modified_gmt":"2026-03-11T17:34:19","slug":"antcube-starter-set-l-20x20-gips","status":"publish","type":"product","link":"https:\/\/antcube.shop\/es\/producto\/antcube-starter-set-l-20x20-gips\/","title":{"rendered":"ANTCUBE Starter Set L - 20\u00d720 - Yeso"},"content":{"rendered":"<p><strong>Contenido:<\/strong><br \/>\n1x ANTCUBE - Arena 20x20x10 - plano<br \/>\n1x marco de hormigueros 20\u00d720<br \/>\n1x cubierta de hormigueros 20\u00d720<br \/>\n4x puntos de fijaci\u00f3n para la cubierta de la arena<br \/>\n1x ANTCUBO - Hormiguero - L - 20\u00d720 - vertical<\/p>\n<p>1x ANTCUBO - nido de yeso 20\u00d720 - vertical<br \/>\n1x 0,5m manguera transparente 20\/16 mm<br \/>\n1x ANTCUBE - L\u00e1mina roja 20\u00d720 - filtro<br \/>\n1x clips adhesivos - transparente 2 uds.<br \/>\n1x sustrato - arena-arcilla blanca - 1000g<\/p>\n<p>2x Grid insert acrylic &#8211; 50 mm with sealing ring<br \/>\n1x Grid insert acrylic &#8211; 27 mm with sealing ring<br \/>\n1x Tapa de rejilla - 16mm - acero inoxidable<\/p>\n<p>1x conector de manguera de dep\u00f3sito 27-14,16,20 mm - transparente<br \/>\n1x Aceite de protecci\u00f3n contra las hormigas 10ml<br \/>\n1x Pinzas de acero para muelles - anchas - suaves<br \/>\n1x Pinzas de pl\u00e1stico transparente<br \/>\n1x Pipeta de pl\u00e1stico de 3ml<br \/>\n1x lupa de mano - 2x - 30mm<br \/>\n1x limpiador de espuma 150x18x2.5mm<\/p>\n<p>1x drinking clear 5ml &#8211; sponge<br \/>\n1x Feeding dish white rectangle &#8211; 3 compartments<br \/>\n1x Drinking trough 2ml &#8211; 360 Degrees<\/p>\n<p>1x Foil thermometer &#8211; farm<br \/>\n1x Foil thermometer display<\/p>\n<p><strong>Descripci\u00f3n:<\/strong><br \/>\nEste juego de iniciaci\u00f3n de yeso, con pasadizos y c\u00e1maras prefabricados, es adecuado para varias especies de hormigas, especialmente para las especies que anidan entre o bajo las piedras y las que excavan en el suelo.<\/p>\n<p>The &#8220;ANTCUBE &#8211; plaster nest&#8221; can be inserted into the fully transparent farm. Alternatively, you can also use the &#8220;Soil &#8211; sand-clay white&#8221; to fill the farm or to close off some of the chambers of the gypsum nest. Additional modules can be connected via the 50 mm holes in the cover if required, e.g. the separately available foggers, fans or lights. Alternatively, suitable grid inserts and formicarium plugs to close the openings are included in the scope of delivery. If desired, the formicarium can also be operated open by simply placing the removable frame on top and applying the ant escape protection oil to the edge. The &#8220;Drinking trough 2ml &#8211; 360 degrees&#8221; is intended for honey\/sugar solution, the &#8220;Drinking trough clear 5ml &#8211; sponge&#8221; for water. The &#8220;Foil thermometer display&#8221; can be attached to the frame or the cover and displays the climate values.<\/p>\n<p><strong>Es importante:<\/strong> Humedezca el sustrato antes de utilizarlo para que la mezcla se aglutine y se fije bien en el hormiguero. Adem\u00e1s, si el sustrato est\u00e1 demasiado seco y polvoriento, las v\u00edas respiratorias de las hormigas pueden bloquearse y, en el peor de los casos, los animales pueden asfixiarse.<\/p>\n<p><strong>Recomendaci\u00f3n:<\/strong> Recomendamos una capa de sustrato de 2 mm de altura para que los animales no puedan escarbar en la arena y, en su lugar, utilicen la granja prevista para ello.<\/p>\n<p><strong>Nota:<\/strong> El nido debe utilizarse en un formicario seco o ligeramente h\u00famedo. Si el nido se mantiene permanentemente h\u00famedo, el material puede enmohecerse.<\/p>\n<p><strong>Nota sobre la granja<\/strong><br \/>\nAl colocar o retirar las mangueras, tenga en cuenta lo siguiente:<br \/>\nSi resulta muy dif\u00edcil encajar el tubo en la toma de conexi\u00f3n, se debe frotar ligeramente la toma con una gota de nuestro aceite o polvo antiexplosiones. A continuaci\u00f3n, la manguera debe introducirse en la toma con movimientos de torsi\u00f3n o enroscado sin forzar la toma con movimientos hacia arriba y hacia abajo. Lo mismo se aplica al retirar las mangueras de la toma de conexi\u00f3n de la granja. No tire sin m\u00e1s.<\/p>\n<p><strong>Instrucciones:<\/strong> (Versi\u00f3n 2023, la versi\u00f3n actualizada para 2024 estar\u00e1 disponible a m\u00e1s tardar el 04\/2024)<\/p>\n<p>- DE <a href=\"https:\/\/www.antstore.net\/shop\/images\/info\/de\/Gebrauchsanweisung%20Starter%20Set%20Gips.pdf\" data-cke-saved-href=\"https:\/\/www.antstore.net\/shop\/images\/info\/de\/Gebrauchsanweisung%20Starter%20Set%20Gips.pdf\">Gebrauchsanweisung Starter Set Gips<\/a> (PDF 2,66 MB)<\/p>\n<p>- ES <a href=\"https:\/\/www.antstore.net\/shop\/images\/info\/en\/Instructions%20for%20use%20-%20Starter%20Set%20Plaster.pdf\" data-cke-saved-href=\"https:\/\/www.antstore.net\/shop\/images\/info\/en\/Instructions%20for%20use%20-%20Starter%20Set%20Plaster.pdf\">Instrucciones de uso - Starter Set Plaster<\/a> (PDF 2,66 MB)<\/p>\n<p>- ES <a href=\"https:\/\/www.antstore.net\/shop\/images\/info\/es\/Manual%20de%20instrucciones%20-%20Set%20de%20inicio%20de%20yeso.pdf\" data-cke-saved-href=\"https:\/\/www.antstore.net\/shop\/images\/info\/es\/Manual%20de%20instrucciones%20-%20Set%20de%20inicio%20de%20yeso.pdf\">Manual de instrucciones - Set de inicio de yeso<\/a> (PDF 2,66 MB)<\/p>\n<p>- FR <a href=\"https:\/\/www.antstore.net\/shop\/images\/info\/fr\/Manuel%20d'instruction%20-%20Kit%20de%20d%C3%A9marrage%20pl%C3%A2tre.pdf\" data-cke-saved-href=\"https:\/\/www.antstore.net\/shop\/images\/info\/fr\/Manuel%20d'instruction%20-%20Kit%20de%20d%C3%A9marrage%20pl%C3%A2tre.pdf\">Manual de instrucciones - Kit de desmontaje de fontaner\u00eda<\/a> (PDF 2,66 MB)<\/p>","protected":false},"excerpt":{"rendered":"<p>The set consists of 25 parts and is suitable for various ant species, especially those that nest between or under stones and dig in the ground.<br \/>\nTama\u00f1o: <span style=\"color: #0000ff;\"><strong>L<\/strong><\/span><\/p>","protected":false},"featured_media":5447,"comment_status":"open","ping_status":"closed","template":"","meta":{"_acf_changed":false,"content-type":"","_monsterinsights_skip_tracking":false,"_monsterinsights_sitenote_active":false,"_monsterinsights_sitenote_note":"","_monsterinsights_sitenote_category":0},"product_brand":[],"product_cat":[73,77],"product_tag":[],"class_list":{"0":"post-2740","1":"product","2":"type-product","3":"status-publish","4":"has-post-thumbnail","6":"product_cat-starter-sets","7":"product_cat-starter-sets-gypsum","9":"first","10":"instock","11":"taxable","12":"shipping-taxable","13":"purchasable","14":"product-type-simple"},"acf":[],"aioseo_notices":[],"jetpack_sharing_enabled":true,"_links":{"self":[{"href":"https:\/\/antcube.shop\/es\/wp-json\/wp\/v2\/product\/2740","targetHints":{"allow":["GET"]}}],"collection":[{"href":"https:\/\/antcube.shop\/es\/wp-json\/wp\/v2\/product"}],"about":[{"href":"https:\/\/antcube.shop\/es\/wp-json\/wp\/v2\/types\/product"}],"replies":[{"embeddable":true,"href":"https:\/\/antcube.shop\/es\/wp-json\/wp\/v2\/comments?post=2740"}],"wp:featuredmedia":[{"embeddable":true,"href":"https:\/\/antcube.shop\/es\/wp-json\/wp\/v2\/media\/5447"}],"wp:attachment":[{"href":"https:\/\/antcube.shop\/es\/wp-json\/wp\/v2\/media?parent=2740"}],"wp:term":[{"taxonomy":"product_brand","embeddable":true,"href":"https:\/\/antcube.shop\/es\/wp-json\/wp\/v2\/product_brand?post=2740"},{"taxonomy":"product_cat","embeddable":true,"href":"https:\/\/antcube.shop\/es\/wp-json\/wp\/v2\/product_cat?post=2740"},{"taxonomy":"product_tag","embeddable":true,"href":"https:\/\/antcube.shop\/es\/wp-json\/wp\/v2\/product_tag?post=2740"}],"curies":[{"name":"wp","href":"https:\/\/api.w.org\/{rel}","templated":true}]}}