{"id":2737,"date":"2021-10-08T12:04:45","date_gmt":"2021-10-08T10:04:45","guid":{"rendered":"https:\/\/antcube.shop\/produkt\/antcube-starter-set-fur-blattschneiderarten-gros\/"},"modified":"2026-04-15T12:56:37","modified_gmt":"2026-04-15T10:56:37","slug":"antcube-starter-set-fur-blattschneiderarten-gros","status":"publish","type":"product","link":"https:\/\/antcube.shop\/es\/producto\/antcube-starter-set-fur-blattschneiderarten-gros\/","title":{"rendered":"ANTCUBE - Set de iniciaci\u00f3n para hormigas cortadoras de hojas - Grande"},"content":{"rendered":"<p><span data-text-color=\"alert\"><strong>Env\u00edo s\u00f3lo posible mediante reenv\u00edo en paleta.<\/strong><\/span><\/p>\n<p><strong>Incluye:<\/strong><\/p>\n<p>1x ANTCUBE Arena 30x30x60 con puerta corredera<br \/>\n1x marco para puerta corredera<br \/>\n2x ANTCUBE Arena 30x30x30cm<br \/>\n3x marco de hormigueros 30x30cm<br \/>\n3x funda para hormigueros 30x30cm<br \/>\n12 puntos de fijaci\u00f3n para la cubierta de la arena<\/p>\n<p>1x tubo hormiga - cristalino 50mm - 1m (partido por la mitad)<br \/>\n1x sustrato - selva tropical - 1 kg<br \/>\n1x Formicarium gr\u00e1nulos 200ml - beige<br \/>\n3x Formicarium base 30\u00d730<\/p>\n<p>3x Formicarium plug for 50mm hole<br \/>\n10x Grid insert acrylic &#8211; 50 mm with sealing ring<br \/>\n4x conector de tanque 1 1\/2\u2033 a 50mm - cristalino<br \/>\n4x Formicarium tuerca 1 1\/2 pulgadas - cristalina<\/p>\n<p>1x Foil thermometer Display<br \/>\n1x drinking clear 5ml &#8211; sponge<br \/>\n1x pinzas de acero para muelles - anchas - suaves<br \/>\n1x Pinzas de Formicarium - pl\u00e1stico<br \/>\n1x lupa de mano - 2x - 30mm<br \/>\n1x aceite de protecci\u00f3n contra las hormigas 10ml<br \/>\n1x limpiador de espuma 150x18x2,5mm<br \/>\nPulverizador de botella de 0,5 litros - boquilla de lat\u00f3n<br \/>\n1x P\u00e9talos de rosa 100g - secos<br \/>\n2x fotomural - rainforest - 30\u00d730<br \/>\n1x fotomural - selva tropical - 30\u00d760 - alto<\/p>\n<p><strong>Descripci\u00f3n:<\/strong><br \/>\nThis expandable starter set for all leafcutter ant species contains, in addition to the optimally adapted formicarium, the appropriate accessories for keeping these ants. The voluminous basins allow easy handling for feeding and cleaning. The large holes (50 mm) and tubes not only make it easy to observe the ants, they also allow the animals to remove large pieces of leaf. The stainless steel mesh inserts ensure good ventilation and are robust against mechanical impact. Even large colonies of leaf-cutter ants, which are very fond of cutting, are unable to penetrate them. The sturdy screw sockets are also absolutely bite-proof.. If necessary, the humidity can be increased using the spray bottle.<\/p>\n<p><strong>Es importante:<\/strong> Humedezca el sustrato antes de utilizarlo para que la mezcla se aglutine y se fije bien en el hormiguero. Adem\u00e1s, si el sustrato est\u00e1 demasiado seco y polvoriento, las v\u00edas respiratorias de las hormigas pueden bloquearse y, en el peor de los casos, los animales pueden asfixiarse.<\/p>\n<p><strong>Notas sobre la producci\u00f3n<\/strong><br \/>\nEl cristal se corta a medida seg\u00fan la norma DIN 1249 con una tolerancia de +\/- 1 mm. Para las especies de hormigas extremadamente peque\u00f1as es imprescindible una protecci\u00f3n adicional contra el escape.<\/p>\n<p><strong>Descripci\u00f3n de la puerta corredera arena: <\/strong>Nuestro ANTCUBE arena 30x30x60 con puerta corredera ha sido desarrollado para poder trabajar c\u00f3modamente incluso en formicarios llenos. Son especialmente \u00fatiles como formicario para hormigas tejedoras (Polyrhachis y Oecophylla), ya que les gusta construir hacia arriba y necesitan una planta hu\u00e9sped. A veces puede resultar dif\u00edcil, por ejemplo, eliminar los desechos de los animales del fondo del formicario. Esto no es un problema con este tanque especialmente adaptado. La puerta corredera tambi\u00e9n es muy pr\u00e1ctica para los comederos de las hormigas cortadoras de hojas Acromyrmex o Atta, ya que los restos de plantas y otros residuos pueden eliminarse f\u00e1cilmente. Tambi\u00e9n puede utilizar el marco de la puerta corredera (ref. 1005648) para evitar que los animales se escapen mientras trabaja.<\/p>","protected":false},"excerpt":{"rendered":"<p>The set consists of 47 parts and is suitable for all leaf cutter ant species.<br \/>\nTama\u00f1o: <span style=\"color: #ed1c24;\"><strong>XL<\/strong><\/span><\/p>","protected":false},"featured_media":7665,"comment_status":"open","ping_status":"closed","template":"","meta":{"_acf_changed":false,"content-type":"","_monsterinsights_skip_tracking":false,"_monsterinsights_sitenote_active":false,"_monsterinsights_sitenote_note":"","_monsterinsights_sitenote_category":0},"product_brand":[484],"product_cat":[73,79],"product_tag":[],"class_list":{"0":"post-2737","1":"product","2":"type-product","3":"status-publish","4":"has-post-thumbnail","6":"product_brand-antcube","7":"product_cat-starter-sets","8":"product_cat-starter-sets-for-leafcutter-ants","9":"product_shipping_class-forwarding-on-pallet","11":"first","12":"instock","13":"taxable","14":"shipping-taxable","15":"purchasable","16":"product-type-simple"},"acf":[],"aioseo_notices":[],"jetpack_sharing_enabled":true,"_links":{"self":[{"href":"https:\/\/antcube.shop\/es\/wp-json\/wp\/v2\/product\/2737","targetHints":{"allow":["GET"]}}],"collection":[{"href":"https:\/\/antcube.shop\/es\/wp-json\/wp\/v2\/product"}],"about":[{"href":"https:\/\/antcube.shop\/es\/wp-json\/wp\/v2\/types\/product"}],"replies":[{"embeddable":true,"href":"https:\/\/antcube.shop\/es\/wp-json\/wp\/v2\/comments?post=2737"}],"wp:featuredmedia":[{"embeddable":true,"href":"https:\/\/antcube.shop\/es\/wp-json\/wp\/v2\/media\/7665"}],"wp:attachment":[{"href":"https:\/\/antcube.shop\/es\/wp-json\/wp\/v2\/media?parent=2737"}],"wp:term":[{"taxonomy":"product_brand","embeddable":true,"href":"https:\/\/antcube.shop\/es\/wp-json\/wp\/v2\/product_brand?post=2737"},{"taxonomy":"product_cat","embeddable":true,"href":"https:\/\/antcube.shop\/es\/wp-json\/wp\/v2\/product_cat?post=2737"},{"taxonomy":"product_tag","embeddable":true,"href":"https:\/\/antcube.shop\/es\/wp-json\/wp\/v2\/product_tag?post=2737"}],"curies":[{"name":"wp","href":"https:\/\/api.w.org\/{rel}","templated":true}]}}