{"id":2733,"date":"2021-10-08T12:04:06","date_gmt":"2021-10-08T10:04:06","guid":{"rendered":"https:\/\/antcube.shop\/produkt\/antcube-arena-20x20x20-combi-m\/"},"modified":"2026-04-05T21:18:12","modified_gmt":"2026-04-05T19:18:12","slug":"antcube-arena-20x20x20-combi-m-2","status":"publish","type":"product","link":"https:\/\/antcube.shop\/es\/producto\/antcube-arena-20x20x20-combi-m-2\/","title":{"rendered":"ANTCUBE - Arena 20x20x20 - Combi M"},"content":{"rendered":"<p><strong>Dimensiones:<\/strong> 20x20x20 cm; 4 mm de espesor de vidrio<\/p>\n<p><strong>Material:<\/strong> vidrio pegado con silicona<\/p>\n<p><strong>Conexi\u00f3n:<\/strong> 2 perforaciones de 27 mm (2 perforaciones de 10 mm en la zona del nido)<\/p>\n<p><strong>Distancia entre placas en la zona del nido:<\/strong> alrededor de 10mm<\/p>\n<p><strong>Descripci\u00f3n:<\/strong> La arena para hormigas - Combi tiene una zona de granja o nido, que est\u00e1 integrada en el formicario. Las hormigas pueden acceder a la zona del nido desde la arena a trav\u00e9s de dos aberturas internas de 10 mm.<\/p>\n<p><strong>Aviso:<\/strong><br \/>\nSi utiliza nuestros insertos para nidos (por ejemplo, corcho, yeso), tenga en cuenta que son 8 mm m\u00e1s estrechos, ya que fueron dise\u00f1ados originalmente para adaptarse a nuestros hormigueros m\u00e1s estrechos, as\u00ed como a los insertos para arenas. En este caso, el espacio intermedio tendr\u00eda que rellenarse con material de relleno, como yeso o arcilla.<\/p>\n<p>&nbsp;<\/p>","protected":false},"excerpt":{"rendered":"<p>Conexi\u00f3n: 2 agujeros de 27 mm<br \/>\nTama\u00f1o: <span style=\"color: #008000;\"><strong>M<\/strong><\/span><\/p>","protected":false},"featured_media":329,"comment_status":"open","ping_status":"closed","template":"","meta":{"_acf_changed":false,"content-type":"","_monsterinsights_skip_tracking":false,"_monsterinsights_sitenote_active":false,"_monsterinsights_sitenote_note":"","_monsterinsights_sitenote_category":0},"product_brand":[],"product_cat":[85,82,86],"product_tag":[],"class_list":{"0":"post-2733","1":"product","2":"type-product","3":"status-publish","4":"has-post-thumbnail","6":"product_cat-ant-arenas","7":"product_cat-antfarms-m","8":"product_cat-formicariums","10":"first","11":"instock","12":"taxable","13":"shipping-taxable","14":"purchasable","15":"product-type-simple"},"acf":[],"aioseo_notices":[],"jetpack_sharing_enabled":true,"_links":{"self":[{"href":"https:\/\/antcube.shop\/es\/wp-json\/wp\/v2\/product\/2733","targetHints":{"allow":["GET"]}}],"collection":[{"href":"https:\/\/antcube.shop\/es\/wp-json\/wp\/v2\/product"}],"about":[{"href":"https:\/\/antcube.shop\/es\/wp-json\/wp\/v2\/types\/product"}],"replies":[{"embeddable":true,"href":"https:\/\/antcube.shop\/es\/wp-json\/wp\/v2\/comments?post=2733"}],"wp:featuredmedia":[{"embeddable":true,"href":"https:\/\/antcube.shop\/es\/wp-json\/wp\/v2\/media\/329"}],"wp:attachment":[{"href":"https:\/\/antcube.shop\/es\/wp-json\/wp\/v2\/media?parent=2733"}],"wp:term":[{"taxonomy":"product_brand","embeddable":true,"href":"https:\/\/antcube.shop\/es\/wp-json\/wp\/v2\/product_brand?post=2733"},{"taxonomy":"product_cat","embeddable":true,"href":"https:\/\/antcube.shop\/es\/wp-json\/wp\/v2\/product_cat?post=2733"},{"taxonomy":"product_tag","embeddable":true,"href":"https:\/\/antcube.shop\/es\/wp-json\/wp\/v2\/product_tag?post=2733"}],"curies":[{"name":"wp","href":"https:\/\/api.w.org\/{rel}","templated":true}]}}