{"id":2728,"date":"2021-10-08T12:02:35","date_gmt":"2021-10-08T10:02:35","guid":{"rendered":"https:\/\/antcube.shop\/produkt\/antcube-starter-set-fur-blattschneiderarten-klein\/"},"modified":"2026-04-01T13:27:59","modified_gmt":"2026-04-01T11:27:59","slug":"antcube-starter-set-fur-blattschneiderarten-klein","status":"publish","type":"product","link":"https:\/\/antcube.shop\/es\/producto\/antcube-starter-set-fur-blattschneiderarten-klein\/","title":{"rendered":"ANTCUBE - Juego de iniciaci\u00f3n para hormigas cortadoras de hojas - peque\u00f1o"},"content":{"rendered":"<p><span data-text-color=\"alert\"><strong>NUEVO a partir de 04\/2024:<\/strong><\/span><br \/>\n<strong>El comedero se suministra ahora en forma de arena de 20x20x40 cm de alto. Esto deja m\u00e1s espacio para la comida.<\/strong><br \/>\n<strong>Hemos sustituido los antiguos conectores por conectores nuevos totalmente transparentes, incluidas tuercas totalmente transparentes.<\/strong><br \/>\n<strong>Tambi\u00e9n hemos a\u00f1adido almohadillas de formicario para todos los lavabos (protecci\u00f3n del mobiliario y los lavabos y contra las vibraciones).<\/strong><\/p>\n<p>&nbsp;<\/p>\n<p><strong>Incluye:<\/strong><\/p>\n<p>2x ANTCUBO Arena 20x20x20cm<br \/>\n1x ANTCUBO Arena 20x20x40cm alto<br \/>\n3x marco de hormigueros 20x20cm<br \/>\n3x funda para hormigueros 20x20cm<br \/>\n12 puntos de fijaci\u00f3n para la cubierta de la arena<\/p>\n<p>1x tubo hormiga - cristalino 32mm - 1m (partido por la mitad)<br \/>\n1x sustrato - selva tropical - 1 kg<br \/>\n1x Formicarium gr\u00e1nulos 200ml - beige<br \/>\n3x formicarium base 20\u00d720<\/p>\n<p>2x tapones formicarium para agujero de 50mm<br \/>\n5x Grid insert acrylic &#8211; 50 mm with sealing ring<br \/>\n2x Grid insert acrylic &#8211; 27 mm with sealing ring<br \/>\n4x conector de dep\u00f3sito 3\/4\u2033 a 32mm - cristalino<br \/>\n4x Formicarium tuerca 3\/4 pulgadas - cristalino<\/p>\n<p>1x Foil thermometer Display<br \/>\n1x drinking clear 5ml &#8211; sponge<br \/>\n1x Pinzas de acero para muelles - anchas - suaves<br \/>\n1x Pinzas de Formicarium - pl\u00e1stico<br \/>\n1x lupa de mano - 2x - 30mm<br \/>\n1x aceite protector contra brotes de hormigas 10ml<br \/>\n1x limpiador de espuma 150x18x2,5mm<br \/>\nPulverizador de botella de 0,5 litros - boquilla de lat\u00f3n<br \/>\n1x P\u00e9talos de rosa 100g - secos<br \/>\n2x fotomural - selva tropical - 20\u00d720<br \/>\n1x fotomural - selva tropical - 20\u00d740 alto<\/p>\n<p><strong>Descripci\u00f3n:<\/strong><br \/>\nThis expandable starter set for all leafcutter ant species contains, in addition to the optimally adapted formicarium, the appropriate accessories for keeping these ants. The basins are easy to use for feeding and cleaning. The large holes (27 mm) and tubes not only make it easy to observe the ants, they also allow the animals to remove large pieces of leaf. The stainless steel mesh inserts ensure good ventilation and are robust against mechanical impact. Even large colonies of leaf-cutter ants, which are very fond of cutting, are unable to penetrate them. The sturdy tube connectors are also absolutely bite-proof. The humidity can be increased using the spray bottle.<\/p>\n<p><strong>Es importante:<\/strong> Humedezca el sustrato antes de utilizarlo para que la mezcla se aglutine y se fije bien en el hormiguero. Adem\u00e1s, si el sustrato est\u00e1 demasiado seco y polvoriento, las v\u00edas respiratorias de las hormigas pueden bloquearse y, en el peor de los casos, los animales pueden asfixiarse.<\/p>\n<p><strong>Notas sobre la producci\u00f3n<\/strong><br \/>\nEl cristal se corta a medida seg\u00fan la norma DIN 1249 con una tolerancia de +\/- 1 mm. Para las especies de hormigas extremadamente peque\u00f1as es imprescindible una protecci\u00f3n adicional contra el escape.<\/p>","protected":false},"excerpt":{"rendered":"<p>El juego consta de 43 piezas<br \/>\nTama\u00f1o: <span style=\"color: #ed1c24;\"><strong>XL<\/strong><\/span><\/p>","protected":false},"featured_media":7666,"comment_status":"open","ping_status":"closed","template":"","meta":{"_acf_changed":false,"content-type":"","_monsterinsights_skip_tracking":false,"_monsterinsights_sitenote_active":false,"_monsterinsights_sitenote_note":"","_monsterinsights_sitenote_category":0},"product_brand":[],"product_cat":[73,79],"product_tag":[],"class_list":{"0":"post-2728","1":"product","2":"type-product","3":"status-publish","4":"has-post-thumbnail","6":"product_cat-starter-sets","7":"product_cat-starter-sets-for-leafcutter-ants","9":"first","10":"instock","11":"taxable","12":"shipping-taxable","13":"purchasable","14":"product-type-simple"},"acf":[],"aioseo_notices":[],"jetpack_sharing_enabled":true,"_links":{"self":[{"href":"https:\/\/antcube.shop\/es\/wp-json\/wp\/v2\/product\/2728","targetHints":{"allow":["GET"]}}],"collection":[{"href":"https:\/\/antcube.shop\/es\/wp-json\/wp\/v2\/product"}],"about":[{"href":"https:\/\/antcube.shop\/es\/wp-json\/wp\/v2\/types\/product"}],"replies":[{"embeddable":true,"href":"https:\/\/antcube.shop\/es\/wp-json\/wp\/v2\/comments?post=2728"}],"wp:featuredmedia":[{"embeddable":true,"href":"https:\/\/antcube.shop\/es\/wp-json\/wp\/v2\/media\/7666"}],"wp:attachment":[{"href":"https:\/\/antcube.shop\/es\/wp-json\/wp\/v2\/media?parent=2728"}],"wp:term":[{"taxonomy":"product_brand","embeddable":true,"href":"https:\/\/antcube.shop\/es\/wp-json\/wp\/v2\/product_brand?post=2728"},{"taxonomy":"product_cat","embeddable":true,"href":"https:\/\/antcube.shop\/es\/wp-json\/wp\/v2\/product_cat?post=2728"},{"taxonomy":"product_tag","embeddable":true,"href":"https:\/\/antcube.shop\/es\/wp-json\/wp\/v2\/product_tag?post=2728"}],"curies":[{"name":"wp","href":"https:\/\/api.w.org\/{rel}","templated":true}]}}