{"id":2704,"date":"2021-10-08T11:58:53","date_gmt":"2021-10-08T09:58:53","guid":{"rendered":"https:\/\/antcube.shop\/produkt\/oecophylla-smaragdina-australische-weberameisen\/"},"modified":"2023-03-21T16:29:12","modified_gmt":"2023-03-21T15:29:12","slug":"oecophylla-smaragdina-australische-weberameisen","status":"publish","type":"product","link":"https:\/\/antcube.shop\/es\/producto\/oecophylla-smaragdina-australische-weberameisen\/","title":{"rendered":"Oecophylla smaragdina (hormiga tejedora australiana)"},"content":{"rendered":"<p>&nbsp;<\/p>\n<table border=\"1\" cellspacing=\"1\" cellpadding=\"1\">\n<tbody>\n<tr>\n<td><strong>Nombre latino:<\/strong><\/td>\n<td><strong><img data-recalc-dims=\"1\" loading=\"lazy\" decoding=\"async\" src=\"https:\/\/i0.wp.com\/www.antstore.net\/shop\/images\/icons\/ants\/lateinname.jpg?resize=30%2C30&#038;ssl=1\" alt=\"\" width=\"30\" height=\"30\" \/><\/strong><\/td>\n<td>Oecophylla smaragdina<\/td>\n<\/tr>\n<tr>\n<td><strong>Nombre trivial:<\/strong><\/td>\n<td><strong><img data-recalc-dims=\"1\" loading=\"lazy\" decoding=\"async\" src=\"https:\/\/i0.wp.com\/www.antstore.net\/shop\/images\/icons\/ants\/trivialname.jpg?resize=30%2C30&#038;ssl=1\" alt=\"\" width=\"30\" height=\"30\" \/><\/strong><\/td>\n<td>Hormiga verde del \u00e1rbol<\/td>\n<\/tr>\n<tr>\n<td><strong>Taxonom\u00eda:<\/strong><\/td>\n<td><strong><img data-recalc-dims=\"1\" loading=\"lazy\" decoding=\"async\" src=\"https:\/\/i0.wp.com\/www.antstore.net\/shop\/images\/icons\/ants\/taxonomie.jpg?resize=30%2C30&#038;ssl=1\" alt=\"\" width=\"30\" height=\"30\" \/><\/strong><\/td>\n<td><strong>Subfamilia:<\/strong> Formicinae<strong> Tribu:<\/strong> Oecophyllini<\/td>\n<\/tr>\n<tr>\n<td><strong>Mantener el nivel:<\/strong><\/td>\n<td><strong><img data-recalc-dims=\"1\" loading=\"lazy\" decoding=\"async\" src=\"https:\/\/i0.wp.com\/www.antstore.net\/shop\/images\/icons\/ants\/haltungsklasse.jpg?resize=30%2C30&#038;ssl=1\" alt=\"\" width=\"30\" height=\"30\" \/><\/strong><\/td>\n<td><strong>(2)<\/strong>\u00a0muestran mayores exigencias al clima y a la prevenci\u00f3n de fugas<\/td>\n<\/tr>\n<tr>\n<td><strong>Distribuci\u00f3n:<\/strong><\/td>\n<td><strong><img data-recalc-dims=\"1\" loading=\"lazy\" decoding=\"async\" src=\"https:\/\/i0.wp.com\/www.antstore.net\/shop\/images\/icons\/ants\/verbreitung.jpg?resize=30%2C30&#038;ssl=1\" alt=\"\" width=\"30\" height=\"30\" \/><\/strong><\/td>\n<td>Del norte al noreste de Australia<\/td>\n<\/tr>\n<tr>\n<td><strong>Habitar:<\/strong><\/td>\n<td><strong><img data-recalc-dims=\"1\" loading=\"lazy\" decoding=\"async\" src=\"https:\/\/i0.wp.com\/www.antstore.net\/shop\/images\/icons\/ants\/habitat.jpg?resize=30%2C30&#038;ssl=1\" alt=\"\" width=\"30\" height=\"30\" \/><\/strong><\/td>\n<td>selva tropical<\/td>\n<\/tr>\n<tr>\n<td><strong>Colonyform:<\/strong><\/td>\n<td><strong><img data-recalc-dims=\"1\" loading=\"lazy\" decoding=\"async\" src=\"https:\/\/i0.wp.com\/www.antstore.net\/shop\/images\/icons\/ants\/Kolonieform.jpg?resize=30%2C30&#038;ssl=1\" alt=\"\" width=\"30\" height=\"30\" \/><\/strong><\/td>\n<td>poligina<\/td>\n<\/tr>\n<tr>\n<td><strong>La reina:<\/strong><\/td>\n<td><strong><img data-recalc-dims=\"1\" loading=\"lazy\" decoding=\"async\" src=\"https:\/\/i0.wp.com\/www.antstore.net\/shop\/images\/icons\/ants\/koenigin.jpg?resize=30%2C30&#038;ssl=1\" alt=\"\" width=\"30\" height=\"30\" \/><\/strong><\/td>\n<td><strong>Tama\u00f1o:<\/strong> 20 - 22mm\u00a0<strong>Color:<\/strong> verde amarillento a verde, t\u00f3rax voluminoso<\/td>\n<\/tr>\n<tr>\n<td><strong>Trabajador:<\/strong><\/td>\n<td><img data-recalc-dims=\"1\" loading=\"lazy\" decoding=\"async\" src=\"https:\/\/i0.wp.com\/www.antstore.net\/shop\/images\/icons\/ants\/arbeiterin.jpg?resize=30%2C30&#038;ssl=1\" alt=\"\" width=\"30\" height=\"30\" \/><\/td>\n<td><strong>Tama\u00f1o:<\/strong> 8 - 12mm <strong>Color:<\/strong> Cabeza y Gaster de color verde a marr\u00f3n verdoso, delgados<\/td>\n<\/tr>\n<tr>\n<td><strong>Soldado:<\/strong><\/td>\n<td><img data-recalc-dims=\"1\" loading=\"lazy\" decoding=\"async\" src=\"https:\/\/i0.wp.com\/www.antstore.net\/shop\/images\/icons\/ants\/soldaten.jpg?resize=30%2C30&#038;ssl=1\" alt=\"\" width=\"30\" height=\"30\" \/><\/td>\n<td>no est\u00e1 presente<\/td>\n<\/tr>\n<tr>\n<td><strong>Hombres:<\/strong><\/td>\n<td><img data-recalc-dims=\"1\" loading=\"lazy\" decoding=\"async\" src=\"https:\/\/i0.wp.com\/www.antstore.net\/shop\/images\/icons\/ants\/maennchen.jpg?resize=30%2C30&#038;ssl=1\" alt=\"\" width=\"30\" height=\"30\" \/><\/td>\n<td><strong>Tama\u00f1o:<\/strong> 7mm <strong>Color:<\/strong> marr\u00f3n rojizo<\/td>\n<\/tr>\n<tr>\n<td><strong>Nutrici\u00f3n:<\/strong><\/td>\n<td><img data-recalc-dims=\"1\" loading=\"lazy\" decoding=\"async\" src=\"https:\/\/i0.wp.com\/www.antstore.net\/shop\/images\/icons\/ants\/nahrung.jpg?resize=30%2C30&#038;ssl=1\" alt=\"\" width=\"30\" height=\"30\" \/><\/td>\n<td>agua de miel, insectos como grillos, moscas dom\u00e9sticas y tambi\u00e9n frutas, como las uvas.<\/td>\n<\/tr>\n<tr>\n<td><strong>La humedad del aire:<\/strong><\/td>\n<td><strong><img data-recalc-dims=\"1\" loading=\"lazy\" decoding=\"async\" src=\"https:\/\/i0.wp.com\/www.antstore.net\/shop\/images\/icons\/ants\/feuchtigkeit.jpg?resize=30%2C30&#038;ssl=1\" alt=\"\" width=\"30\" height=\"30\" \/><\/strong><\/td>\n<td><strong>Arena:<\/strong> 50 &#8211; 70% <strong>Nestpart:<\/strong> 70 &#8211; 90%<\/td>\n<\/tr>\n<tr>\n<td><strong>La temperatura:<\/strong><\/td>\n<td><strong><img data-recalc-dims=\"1\" loading=\"lazy\" decoding=\"async\" src=\"https:\/\/i0.wp.com\/www.antstore.net\/shop\/images\/icons\/ants\/temperatur.jpg?resize=30%2C30&#038;ssl=1\" alt=\"\" width=\"30\" height=\"30\" \/><\/strong><\/td>\n<td><strong>Arena:<\/strong> 21 - 30\u00b0C <strong>Nestpart:<\/strong> 24 - 28\u00b0C<\/td>\n<\/tr>\n<tr>\n<td><strong>Hibernaci\u00f3n:<\/strong><\/td>\n<td><img data-recalc-dims=\"1\" loading=\"lazy\" decoding=\"async\" src=\"https:\/\/i0.wp.com\/www.antstore.net\/shop\/images\/icons\/ants\/winterruhe.jpg?resize=30%2C30&#038;ssl=1\" alt=\"\" width=\"30\" height=\"30\" \/><\/td>\n<td>no<\/td>\n<\/tr>\n<tr>\n<td><strong>Forma de nido:<\/strong><\/td>\n<td><img data-recalc-dims=\"1\" loading=\"lazy\" decoding=\"async\" src=\"https:\/\/i0.wp.com\/www.antstore.net\/shop\/images\/icons\/ants\/nestform.jpg?resize=30%2C30&#038;ssl=1\" alt=\"\" width=\"30\" height=\"30\" \/><\/td>\n<td>nidos de seda en el dosel de su planta hu\u00e9sped<\/td>\n<\/tr>\n<tr>\n<td><strong>Tipo de Formicaria:<\/strong><\/td>\n<td><img data-recalc-dims=\"1\" loading=\"lazy\" decoding=\"async\" src=\"https:\/\/i0.wp.com\/www.antstore.net\/shop\/images\/icons\/ants\/formicarienart.jpg?resize=30%2C30&#038;ssl=1\" alt=\"\" width=\"30\" height=\"30\" \/><\/td>\n<td>Lavabo, marco-lavabo, isla, cilindro acr\u00edlico<\/td>\n<\/tr>\n<tr>\n<td><strong>Tama\u00f1o de la formicaria:<\/strong><\/td>\n<td><strong><img data-recalc-dims=\"1\" loading=\"lazy\" decoding=\"async\" src=\"https:\/\/i0.wp.com\/www.antstore.net\/shop\/images\/icons\/ants\/formicariengroesse.jpg?resize=30%2C30&#038;ssl=1\" alt=\"\" width=\"30\" height=\"30\" \/><\/strong><\/td>\n<td><strong>Talla: L -<\/strong><strong> XL <\/strong>dependiendo de la planta hu\u00e9sped elegida<\/td>\n<\/tr>\n<tr>\n<td><strong>Sustrato:<\/strong><\/td>\n<td><strong><img data-recalc-dims=\"1\" loading=\"lazy\" decoding=\"async\" src=\"https:\/\/i0.wp.com\/www.antstore.net\/shop\/images\/icons\/ants\/substrat.jpg?resize=30%2C30&#038;ssl=1\" alt=\"\" width=\"30\" height=\"30\" \/><\/strong><\/td>\n<td><strong>La granja:<\/strong> &#8211; <strong>Arena: <\/strong>Arena y humus adecuados para las plantas de acogida<\/td>\n<\/tr>\n<tr>\n<td><strong>La plantaci\u00f3n:<\/strong><\/td>\n<td><img data-recalc-dims=\"1\" loading=\"lazy\" decoding=\"async\" src=\"https:\/\/i0.wp.com\/www.antstore.net\/shop\/images\/icons\/ants\/bepflanzung.jpg?resize=30%2C30&#038;ssl=1\" alt=\"\" width=\"30\" height=\"30\" \/><\/td>\n<td>similar al bosque tropical con musgo y, por ejemplo, el \u00e1rbol del dinero (Pachira aquatica), la higuera llorona (Ficus benjamini), el caf\u00e9 (Coffea arabica), la planta c\u00edtrica (Citrus spec.)<\/td>\n<\/tr>\n<tr>\n<td><strong>Decoraci\u00f3n:<\/strong><\/td>\n<td><img data-recalc-dims=\"1\" loading=\"lazy\" decoding=\"async\" src=\"https:\/\/i0.wp.com\/www.antstore.net\/shop\/images\/icons\/ants\/dekoration.jpg?resize=30%2C30&#038;ssl=1\" alt=\"\" width=\"30\" height=\"30\" \/><\/td>\n<td>Ramas, corcho, musgo<\/td>\n<\/tr>\n<tr>\n<td><strong>Descripci\u00f3n:<\/strong><\/td>\n<td><img data-recalc-dims=\"1\" loading=\"lazy\" decoding=\"async\" src=\"https:\/\/i0.wp.com\/www.antstore.net\/shop\/images\/icons\/ants\/beschreibung.jpg?resize=30%2C30&#038;ssl=1\" alt=\"\" width=\"30\" height=\"30\" \/><\/td>\n<td>Esta especie de hormiga vive en el dosel de diferentes plantas. All\u00ed construyen nidos con la seda de las larvas. Las obreras suelen construir largas cadenas entre las hojas y \"tejen\" con la seda. A trav\u00e9s de la transpiraci\u00f3n de las hojas siempre hay la condici\u00f3n adecuada dentro del nido. La Oecophylla es muy agresiva y defiende su territorio contra cualquier intruso. En Asia se utiliz\u00f3 como agente biol\u00f3gico durante cientos de a\u00f1os. Buscan en el \u00e1rbol y en el suelo. Junto con los cortadores de hojas muestran uno de los sistemas de comunicaci\u00f3n m\u00e1s complejos de todos los insectos sociales. Contiene feromonas, comunicaci\u00f3n t\u00e1ctil y \u00f3ptica. Si hay falta de comida u otras condiciones inadecuadas, a menudo intentan escapar. Las grandes colonias con sus cientos de picaduras y formicacid tambi\u00e9n pueden defender a los grandes intrusos (Keeper).<\/td>\n<\/tr>\n<tr>\n<td><strong>Desarrollo:<\/strong><\/td>\n<td><strong><img data-recalc-dims=\"1\" loading=\"lazy\" decoding=\"async\" src=\"https:\/\/i0.wp.com\/www.antstore.net\/shop\/images\/icons\/ants\/entwicklung.jpg?resize=30%2C30&#038;ssl=1\" alt=\"\" width=\"30\" height=\"30\" \/><\/strong><\/td>\n<td><strong>vuelo de apareamiento:<\/strong> &#8211;<br \/>\n<strong>fundando:<\/strong>\u00a0 claustro<br \/>\n<strong>colonizar:<\/strong> hasta unos cientos de miles de trabajadores<\/td>\n<\/tr>\n<tr>\n<td><strong>Cantidad:<\/strong><\/td>\n<td><img data-recalc-dims=\"1\" loading=\"lazy\" decoding=\"async\" src=\"https:\/\/i0.wp.com\/www.antstore.net\/shop\/images\/icons\/ants\/menge.jpg?resize=30%2C30&#038;ssl=1\" alt=\"\" width=\"30\" height=\"30\" \/><\/td>\n<td>una reina fecundada con obreras (ver selecci\u00f3n); cr\u00eda (seg\u00fan la temporada y el desarrollo)<\/td>\n<\/tr>\n<tr>\n<td><strong>Enlaces web:<\/strong><\/td>\n<td><a href=\"http:\/\/www.antstore.net\/viewforum.php?f=9\"><span style=\"color: #0000ff;\"><img data-recalc-dims=\"1\" loading=\"lazy\" decoding=\"async\" src=\"https:\/\/i0.wp.com\/www.antstore.net\/shop\/images\/icons\/ants\/weblinks.jpg?resize=30%2C30&#038;ssl=1\" alt=\"\" width=\"30\" height=\"30\" \/><\/span><\/a><\/td>\n<td><a href=\"http:\/\/www.antstore.net\/viewforum.php?f=130\"><span style=\"color: #0000ff;\">- Foro<\/span><\/a><\/p>\n<p><span style=\"color: #0000ff;\"><a href=\"http:\/\/www.antweb.org\/description.do?name=smaragdina&amp;genus=oecophylla&amp;rank=species&amp;project=allantwebants\">- Referencia<\/a><\/span><\/td>\n<\/tr>\n<\/tbody>\n<\/table>","protected":false},"excerpt":{"rendered":"<p>Mantenimiento del nivel 2 - Nivel de riesgo 2<br \/>\nTama\u00f1o: <strong>L<\/strong><strong> - XL<\/strong><strong>\u00a0<\/strong><\/p>","protected":false},"featured_media":3366,"comment_status":"open","ping_status":"closed","template":"","meta":{"_acf_changed":false,"content-type":"","_monsterinsights_skip_tracking":false,"_monsterinsights_sitenote_active":false,"_monsterinsights_sitenote_note":"","_monsterinsights_sitenote_category":0},"product_brand":[],"product_cat":[107,113],"product_tag":[],"class_list":{"0":"post-2704","1":"product","2":"type-product","3":"status-publish","4":"has-post-thumbnail","6":"product_cat-ants","7":"product_cat-australia","9":"first","10":"instock","11":"product-type-external"},"acf":[],"aioseo_notices":[],"jetpack_sharing_enabled":true,"_links":{"self":[{"href":"https:\/\/antcube.shop\/es\/wp-json\/wp\/v2\/product\/2704","targetHints":{"allow":["GET"]}}],"collection":[{"href":"https:\/\/antcube.shop\/es\/wp-json\/wp\/v2\/product"}],"about":[{"href":"https:\/\/antcube.shop\/es\/wp-json\/wp\/v2\/types\/product"}],"replies":[{"embeddable":true,"href":"https:\/\/antcube.shop\/es\/wp-json\/wp\/v2\/comments?post=2704"}],"wp:featuredmedia":[{"embeddable":true,"href":"https:\/\/antcube.shop\/es\/wp-json\/wp\/v2\/media\/3366"}],"wp:attachment":[{"href":"https:\/\/antcube.shop\/es\/wp-json\/wp\/v2\/media?parent=2704"}],"wp:term":[{"taxonomy":"product_brand","embeddable":true,"href":"https:\/\/antcube.shop\/es\/wp-json\/wp\/v2\/product_brand?post=2704"},{"taxonomy":"product_cat","embeddable":true,"href":"https:\/\/antcube.shop\/es\/wp-json\/wp\/v2\/product_cat?post=2704"},{"taxonomy":"product_tag","embeddable":true,"href":"https:\/\/antcube.shop\/es\/wp-json\/wp\/v2\/product_tag?post=2704"}],"curies":[{"name":"wp","href":"https:\/\/api.w.org\/{rel}","templated":true}]}}